{"id":102914,"date":"2024-04-10T10:21:50","date_gmt":"2024-04-10T10:21:50","guid":{"rendered":"https:\/\/moto-oprema.com\/Artikel\/spidi-frontier-hose-schwarz\/"},"modified":"2024-04-10T10:21:50","modified_gmt":"2024-04-10T10:21:50","slug":"spidi-frontier-hose-schwarz","status":"publish","type":"product","link":"https:\/\/moto-oprema.com\/de\/Artikel\/spidi-frontier-hose-schwarz\/","title":{"rendered":"SPIDI FRONTIER HOSE SCHWARZ"},"content":{"rendered":"<p>Die SPIDI Frontier Hose wurde entwickelt, um Abenteurern ein unvergleichliches Ma\u00df an Komfort und Leichtigkeit zu bieten.<\/p>\n<p>Ihr Schnitt ist schlank, die Taille ist recht hoch, die Taschen sind gro\u00df und leicht zu \u00f6ffnen: das perfekte Paket f\u00fcr Enduro- und Tourenfahrer, besonders wenn die Temperaturen steigen.<\/p>\n<p>Das Hauptmaterial, das bei diesem Projekt verwendet wird, ist das neue Stretch Performance-Gewebe, ein Material auf Nylonbasis, das eine hohe Rei\u00df- und Abriebfestigkeit in Kombination mit einer hohen Elastizit\u00e4t bietet &#8211; dank 4% Elastan.<\/p>\n<p>Die G\u00fcrtell\u00e4nge l\u00e4sst sich mit dem Velcro\u00ae Ergofit-System einstellen, w\u00e4hrend das elastische Material im Wadenbereich daf\u00fcr sorgt, dass die Knieschoner (Level 2, h\u00f6henverstellbar) immer in der richtigen Position sind. Die YKK\u00ae-Rei\u00dfverschl\u00fcsse am Saum bieten Ihnen die M\u00f6glichkeit, diese Hose \u00fcber Motocross-Stiefeln zu tragen. <\/p>\n<p>Die beiden Bel\u00fcftungspaneele verf\u00fcgen \u00fcber ein magnetisches Verschlusssystem, mit dem sich die \u00d6ffnung auch w\u00e4hrend der Fahrt ganz einfach einstellen l\u00e4sst.<\/p>\n<p>Frontier ist mit der Step-In Wear Technologie ausgestattet: Sie k\u00f6nnen mit einer w\u00e4rmenden und wasserdichten Schicht erg\u00e4nzt werden, die als Option erh\u00e4ltlich ist. Sie k\u00f6nnen auch mit der Frontier-Jacke oder jeder anderen SPIDI-Jacke kombiniert werden, die \u00fcber einen umlaufenden Rei\u00dfverschluss verf\u00fcgt.<\/p>\n","protected":false},"excerpt":{"rendered":"<p>Die SPIDI Frontier Hose wurde entwickelt, um Abenteurern ein unvergleichliches Ma\u00df an Komfort und Leichtigkeit zu&#8230;<\/p>\n","protected":false},"featured_media":28084,"comment_status":"open","ping_status":"open","template":"","meta":{"_acf_changed":false},"brand":[2124],"gender":[2168],"product_brand":[],"product_cat":[1357,2189,2211],"product_tag":[],"class_list":{"0":"post-102914","1":"product","2":"type-product","3":"status-publish","4":"has-post-thumbnail","6":"brand-spidi-de","7":"gender-moski-de","8":"product_cat-ausrustung-fur-motorradfahrer","9":"product_cat-hose","10":"product_cat-textil-hose","11":"pa_size-l-de","12":"pa_size-m-de","13":"pa_size-s-de","14":"pa_size-xl-de","15":"pa_size-xxl-de","16":"pa_size-xxxl-de","17":"pa_size-xxxxl-de","19":"first","20":"instock","21":"sale","22":"taxable","23":"shipping-taxable","24":"purchasable","25":"product-type-variable"},"acf":[],"_links":{"self":[{"href":"https:\/\/moto-oprema.com\/de\/wp-json\/wp\/v2\/product\/102914","targetHints":{"allow":["GET"]}}],"collection":[{"href":"https:\/\/moto-oprema.com\/de\/wp-json\/wp\/v2\/product"}],"about":[{"href":"https:\/\/moto-oprema.com\/de\/wp-json\/wp\/v2\/types\/product"}],"replies":[{"embeddable":true,"href":"https:\/\/moto-oprema.com\/de\/wp-json\/wp\/v2\/comments?post=102914"}],"wp:featuredmedia":[{"embeddable":true,"href":"https:\/\/moto-oprema.com\/de\/wp-json\/wp\/v2\/media\/28084"}],"wp:attachment":[{"href":"https:\/\/moto-oprema.com\/de\/wp-json\/wp\/v2\/media?parent=102914"}],"wp:term":[{"taxonomy":"brand","embeddable":true,"href":"https:\/\/moto-oprema.com\/de\/wp-json\/wp\/v2\/brand?post=102914"},{"taxonomy":"gender","embeddable":true,"href":"https:\/\/moto-oprema.com\/de\/wp-json\/wp\/v2\/gender?post=102914"},{"taxonomy":"product_brand","embeddable":true,"href":"https:\/\/moto-oprema.com\/de\/wp-json\/wp\/v2\/product_brand?post=102914"},{"taxonomy":"product_cat","embeddable":true,"href":"https:\/\/moto-oprema.com\/de\/wp-json\/wp\/v2\/product_cat?post=102914"},{"taxonomy":"product_tag","embeddable":true,"href":"https:\/\/moto-oprema.com\/de\/wp-json\/wp\/v2\/product_tag?post=102914"}],"curies":[{"name":"wp","href":"https:\/\/api.w.org\/{rel}","templated":true}]}}