{"id":102912,"date":"2024-04-08T10:33:05","date_gmt":"2024-04-08T10:33:05","guid":{"rendered":"https:\/\/moto-oprema.com\/Artikel\/spidi-progressive-net-h20ut-jacket-schwarz\/"},"modified":"2024-04-08T10:33:05","modified_gmt":"2024-04-08T10:33:05","slug":"spidi-progressive-net-h20ut-jacket-schwarz","status":"publish","type":"product","link":"https:\/\/moto-oprema.com\/de\/Artikel\/spidi-progressive-net-h20ut-jacket-schwarz\/","title":{"rendered":"SPIDI PROGRESSIVE NET H20ut JACKET SCHWARZ"},"content":{"rendered":"<p>Die SPIDI Progressive Net H2Out ist eine Jacke der Performance-Serie, die dank ihres herausnehmbaren H2Out-Futters, das Regen und Wind standh\u00e4lt, f\u00fcr hervorragenden Schutz in warmen und tropischen Klimazonen entwickelt wurde. F\u00fcr die wichtige Bel\u00fcftung sorgen gro\u00dfe 3D-Mesh-Eins\u00e4tze in der Brustmitte, auf der oberen Brust, an den Armen und am R\u00fccken, die einen direkten Luftstrom erm\u00f6glichen, um den Fahrer zu k\u00fchlen, ohne die Sicherheit zu beeintr\u00e4chtigen. <\/p>\n<p>Sie besteht aus hochleistungsf\u00e4higem, dreifach gedrehtem Extra Tenax 6.6-Nylon, das eine hervorragende Abrieb- und Durchstichfestigkeit bietet. Die Progressive Net Windout Jacket ist CE-zertifiziert nach EN 17092-4:2020, Klasse A, und ist mit herausnehmbaren Warrior Lite Level 2 Schulter- und Ellbogenpolstern ausgestattet, die CE-zertifiziert sind nach EN 1621-1:2012.  <\/p>\n<p>Die Jacke ist mit einem wasserdichten und atmungsaktiven H2Out-Futter ausgestattet, das an den hei\u00dfesten Tagen herausgenommen werden kann. Das Futter kann als eigenst\u00e4ndiges Teil verwendet werden oder mit den Step-In Wear Adaptern mit der Jacke verbunden werden. <\/p>\n<p>Im Inneren der Jacke befindet sich eine wasserdichte Rei\u00dfverschlusstasche. F\u00fcr zus\u00e4tzliche Sicherheit sind ein Rei\u00dfverschluss zwischen Jacke und Hose und eine Clip-Stop-Befestigung Standard. 3M\u00ae Scotchlite\u00ae Reflektoren sind auf der Vorder- und R\u00fcckseite angebracht und sorgen f\u00fcr hervorragende Sichtbarkeit bei Nacht. <\/p>\n<p>100% Polyester<\/p>\n","protected":false},"excerpt":{"rendered":"<p>Die SPIDI Progressive Net H2Out ist eine Jacke der Performance-Serie, die dank ihres herausnehmbaren H2Out-Futters, das&#8230;<\/p>\n","protected":false},"featured_media":28024,"comment_status":"open","ping_status":"open","template":"","meta":{"_acf_changed":false},"brand":[2124],"gender":[2168],"product_brand":[],"product_cat":[1357,2045,2048],"product_tag":[],"class_list":{"0":"post-102912","1":"product","2":"type-product","3":"status-publish","4":"has-post-thumbnail","6":"brand-spidi-de","7":"gender-moski-de","8":"product_cat-ausrustung-fur-motorradfahrer","9":"product_cat-jakne-de","10":"product_cat-textil-jacken","11":"pa_size-l-de","12":"pa_size-m-de","13":"pa_size-s-de","14":"pa_size-xl-de","15":"pa_size-xxl-de","17":"first","18":"instock","19":"sale","20":"taxable","21":"shipping-taxable","22":"purchasable","23":"product-type-variable"},"acf":[],"_links":{"self":[{"href":"https:\/\/moto-oprema.com\/de\/wp-json\/wp\/v2\/product\/102912","targetHints":{"allow":["GET"]}}],"collection":[{"href":"https:\/\/moto-oprema.com\/de\/wp-json\/wp\/v2\/product"}],"about":[{"href":"https:\/\/moto-oprema.com\/de\/wp-json\/wp\/v2\/types\/product"}],"replies":[{"embeddable":true,"href":"https:\/\/moto-oprema.com\/de\/wp-json\/wp\/v2\/comments?post=102912"}],"wp:featuredmedia":[{"embeddable":true,"href":"https:\/\/moto-oprema.com\/de\/wp-json\/wp\/v2\/media\/28024"}],"wp:attachment":[{"href":"https:\/\/moto-oprema.com\/de\/wp-json\/wp\/v2\/media?parent=102912"}],"wp:term":[{"taxonomy":"brand","embeddable":true,"href":"https:\/\/moto-oprema.com\/de\/wp-json\/wp\/v2\/brand?post=102912"},{"taxonomy":"gender","embeddable":true,"href":"https:\/\/moto-oprema.com\/de\/wp-json\/wp\/v2\/gender?post=102912"},{"taxonomy":"product_brand","embeddable":true,"href":"https:\/\/moto-oprema.com\/de\/wp-json\/wp\/v2\/product_brand?post=102912"},{"taxonomy":"product_cat","embeddable":true,"href":"https:\/\/moto-oprema.com\/de\/wp-json\/wp\/v2\/product_cat?post=102912"},{"taxonomy":"product_tag","embeddable":true,"href":"https:\/\/moto-oprema.com\/de\/wp-json\/wp\/v2\/product_tag?post=102912"}],"curies":[{"name":"wp","href":"https:\/\/api.w.org\/{rel}","templated":true}]}}