{"id":102898,"date":"2024-04-10T10:06:35","date_gmt":"2024-04-10T10:06:35","guid":{"rendered":"https:\/\/moto-oprema.com\/Artikel\/spidi-frontier-jacke-eisblau\/"},"modified":"2024-04-10T10:06:35","modified_gmt":"2024-04-10T10:06:35","slug":"spidi-frontier-jacke-eisblau","status":"publish","type":"product","link":"https:\/\/moto-oprema.com\/de\/Artikel\/spidi-frontier-jacke-eisblau\/","title":{"rendered":"SPIDI FRONTIER JACKE EISBLAU"},"content":{"rendered":"<p>SPIDI hat die Frontier Jacket entwickelt, um Abenteurern ein unvergleichliches Ma\u00df an Komfort und Leichtigkeit zu bieten.<\/p>\n<p>Diese Klasse AA-zertifizierte Jacke ist extrem leicht und elastisch dank der Verwendung des neuen Stretch Performance-Gewebes, einem Material auf Nylonbasis, das eine hohe Rei\u00df- und Abriebfestigkeit bietet, w\u00e4hrend es dank 4 % Elastan ein h\u00f6heres Ma\u00df an Flexibilit\u00e4t beibeh\u00e4lt.<\/p>\n<p>Die L\u00e4nge ist mittellang, ideal f\u00fcr Enduro- und Abenteuerfahrten, w\u00e4hrend der Schnitt schlank und dennoch sehr gro\u00dfz\u00fcgig ist: dieselbe Gr\u00f6\u00dfe kann von Fahrern mit normaler oder robuster Statur getragen werden.<\/p>\n<p>Die G\u00fcrtell\u00e4nge l\u00e4sst sich mit einem mikrometrischen Schnellspannsystem einstellen, w\u00e4hrend elastisches Material im Unterarmbereich daf\u00fcr sorgt, dass die Ellbogenpolster immer in der richtigen Position sind.<\/p>\n<p>Der ergonomische Kragen kann dank des innovativen, gebogenen YKK\u00ae-Frontrei\u00dfverschlusses und der Velcro\u00ae-Riemen mit zwei Positionen in ge\u00f6ffneter Position geschlossen werden.<\/p>\n<p>Die beiden Brustpaneele haben ein magnetisches \u00d6ffnungssystem, mit dem Sie die Bel\u00fcftung auch w\u00e4hrend der Fahrt ganz einfach einstellen k\u00f6nnen. Zu den insgesamt 7 Au\u00dfentaschen geh\u00f6rt eine gr\u00f6\u00dfere Tasche auf der R\u00fcckseite, die sich ideal f\u00fcr die Aufbewahrung von wasserdichter Ausr\u00fcstung eignet. <\/p>\n<p>Frontier umfasst die Step-In Wear Technologie: Sie k\u00f6nnen sie mit einer optional erh\u00e4ltlichen w\u00e4rmenden und wasserdichten Schicht erg\u00e4nzen. Sie k\u00f6nnen sie auch \u00fcber den Umfangsrei\u00dfverschluss mit der Frontier-Hose oder jeder anderen SPIDI-Hose verbinden, die einen Verbindungsrei\u00dfverschluss hat. <\/p>\n<p>100% Polyester<\/p>\n","protected":false},"excerpt":{"rendered":"<p>SPIDI hat die Frontier Jacket entwickelt, um Abenteurern ein unvergleichliches Ma\u00df an Komfort und Leichtigkeit zu&#8230;<\/p>\n","protected":false},"featured_media":28067,"comment_status":"open","ping_status":"open","template":"","meta":{"_acf_changed":false},"brand":[2124],"gender":[2168],"product_brand":[],"product_cat":[1357,2045,2048],"product_tag":[],"class_list":{"0":"post-102898","1":"product","2":"type-product","3":"status-publish","4":"has-post-thumbnail","6":"brand-spidi-de","7":"gender-moski-de","8":"product_cat-ausrustung-fur-motorradfahrer","9":"product_cat-jakne-de","10":"product_cat-textil-jacken","11":"pa_size-l-de","12":"pa_size-m-de","13":"pa_size-s-de","14":"pa_size-xl-de","15":"pa_size-xxl-de","16":"pa_size-xxxl-de","17":"pa_size-xxxxl-de","19":"first","20":"instock","21":"sale","22":"taxable","23":"shipping-taxable","24":"purchasable","25":"product-type-variable"},"acf":[],"_links":{"self":[{"href":"https:\/\/moto-oprema.com\/de\/wp-json\/wp\/v2\/product\/102898","targetHints":{"allow":["GET"]}}],"collection":[{"href":"https:\/\/moto-oprema.com\/de\/wp-json\/wp\/v2\/product"}],"about":[{"href":"https:\/\/moto-oprema.com\/de\/wp-json\/wp\/v2\/types\/product"}],"replies":[{"embeddable":true,"href":"https:\/\/moto-oprema.com\/de\/wp-json\/wp\/v2\/comments?post=102898"}],"wp:featuredmedia":[{"embeddable":true,"href":"https:\/\/moto-oprema.com\/de\/wp-json\/wp\/v2\/media\/28067"}],"wp:attachment":[{"href":"https:\/\/moto-oprema.com\/de\/wp-json\/wp\/v2\/media?parent=102898"}],"wp:term":[{"taxonomy":"brand","embeddable":true,"href":"https:\/\/moto-oprema.com\/de\/wp-json\/wp\/v2\/brand?post=102898"},{"taxonomy":"gender","embeddable":true,"href":"https:\/\/moto-oprema.com\/de\/wp-json\/wp\/v2\/gender?post=102898"},{"taxonomy":"product_brand","embeddable":true,"href":"https:\/\/moto-oprema.com\/de\/wp-json\/wp\/v2\/product_brand?post=102898"},{"taxonomy":"product_cat","embeddable":true,"href":"https:\/\/moto-oprema.com\/de\/wp-json\/wp\/v2\/product_cat?post=102898"},{"taxonomy":"product_tag","embeddable":true,"href":"https:\/\/moto-oprema.com\/de\/wp-json\/wp\/v2\/product_tag?post=102898"}],"curies":[{"name":"wp","href":"https:\/\/api.w.org\/{rel}","templated":true}]}}