{"id":102897,"date":"2024-04-08T10:26:45","date_gmt":"2024-04-08T10:26:45","guid":{"rendered":"https:\/\/moto-oprema.com\/Artikel\/alpinestars-celer-v3-handschuhe-schwarz-weiss\/"},"modified":"2024-04-08T10:26:45","modified_gmt":"2024-04-08T10:26:45","slug":"alpinestars-celer-v3-handschuhe-schwarz-weiss","status":"publish","type":"product","link":"https:\/\/moto-oprema.com\/de\/Artikel\/alpinestars-celer-v3-handschuhe-schwarz-weiss\/","title":{"rendered":"ALPINESTARS CELER V3 HANDSCHUHE SCHWARZ WEISS"},"content":{"rendered":"<p>Alpinestars Celer v3 perforierte Motorradhandschuhe<\/p>\n<p>Der Celer v3 ist ein strapazierf\u00e4higer Stra\u00dfenhandschuh mit kurzer Stulpe aus schwerem Ziegenleder f\u00fcr hervorragende Abriebfestigkeit und Alpinestars Sport Hard PU-Kn\u00f6chelschutz f\u00fcr effektiven Aufprallschutz. Der Celer v3 wurde f\u00fcr den Gebrauch mit nackten Sportr\u00e4dern entwickelt, aber auch f\u00fcr Touren- und Stadtradler, die einen bequemen und dennoch sch\u00fctzenden Lederhandschuh suchen. <\/p>\n<p>Merkmale:<\/p>\n<p>Die Hauptkonstruktion aus Ziegenleder sorgt f\u00fcr optimalen Komfort, Abriebfestigkeit und Atmungsaktivit\u00e4t<br \/>\nLeitf\u00e4higes Material an Zeigefinger und Daumenspitze f\u00fcr<br \/>\nTouchscreen-Kompatibilit\u00e4t mit Smartphones und GPS-Systemen<br \/>\nStrategisch platzierte Gummigriffe f\u00fcr optimale Kontrolle und Gef\u00fchl<br \/>\nErgonomischer Stretch an der Seite der Hand f\u00fcr mehr Flexibilit\u00e4t<br \/>\nStretch zwischen den Fingern f\u00fcr mehr Flexibilit\u00e4t und eine sehr individuelle Passform<br \/>\nKurze Manschette mit Klettverschluss<br \/>\nSpezifikationen:<\/p>\n<p>Schutzhandschuhe f\u00fcr Motorradfahrer (EN 13594:2015)<br \/>\nAlpinestars Sport Hard PU Kn\u00f6chelschutzsystem mit extrem ergonomischem Design f\u00fcr bessere Sto\u00df- und Abriebfestigkeit<br \/>\nLederhandfl\u00e4chenkonstruktion mit Verst\u00e4rkungen f\u00fcr die Polsterung<br \/>\nFingerbr\u00fccke verhindert, dass sich die Finger bei einem Aufprall verdrehen und abtrennen<br \/>\nZUS\u00c4TZLICHE PRODUKTINFORMATIONEN<br \/>\nMaterial 75% Leder, 19% Polyurethan, 4% Polyester, 2% andere Fasern \/ Enth\u00e4lt nichttextile Teile tierischen Ursprungs.<\/p>\n","protected":false},"excerpt":{"rendered":"<p>Alpinestars Celer v3 perforierte Motorradhandschuhe Der Celer v3 ist ein strapazierf\u00e4higer Stra\u00dfenhandschuh mit kurzer Stulpe aus&#8230;<\/p>\n","protected":false},"featured_media":28009,"comment_status":"open","ping_status":"open","template":"","meta":{"_acf_changed":false},"brand":[2111],"gender":[],"product_brand":[],"product_cat":[1357,2086,2188],"product_tag":[],"class_list":{"0":"post-102897","1":"product","2":"type-product","3":"status-publish","4":"has-post-thumbnail","6":"brand-alpinestars-de","7":"product_cat-ausrustung-fur-motorradfahrer","8":"product_cat-handschuhe","9":"product_cat-lederhandschuhe","10":"pa_size-l-de","11":"pa_size-m-de","12":"pa_size-s-de","13":"pa_size-xl-de","14":"pa_size-xxl-de","15":"pa_size-xxxl-de","17":"first","18":"instock","19":"sale","20":"taxable","21":"shipping-taxable","22":"purchasable","23":"product-type-variable"},"acf":[],"_links":{"self":[{"href":"https:\/\/moto-oprema.com\/de\/wp-json\/wp\/v2\/product\/102897","targetHints":{"allow":["GET"]}}],"collection":[{"href":"https:\/\/moto-oprema.com\/de\/wp-json\/wp\/v2\/product"}],"about":[{"href":"https:\/\/moto-oprema.com\/de\/wp-json\/wp\/v2\/types\/product"}],"replies":[{"embeddable":true,"href":"https:\/\/moto-oprema.com\/de\/wp-json\/wp\/v2\/comments?post=102897"}],"wp:featuredmedia":[{"embeddable":true,"href":"https:\/\/moto-oprema.com\/de\/wp-json\/wp\/v2\/media\/28009"}],"wp:attachment":[{"href":"https:\/\/moto-oprema.com\/de\/wp-json\/wp\/v2\/media?parent=102897"}],"wp:term":[{"taxonomy":"brand","embeddable":true,"href":"https:\/\/moto-oprema.com\/de\/wp-json\/wp\/v2\/brand?post=102897"},{"taxonomy":"gender","embeddable":true,"href":"https:\/\/moto-oprema.com\/de\/wp-json\/wp\/v2\/gender?post=102897"},{"taxonomy":"product_brand","embeddable":true,"href":"https:\/\/moto-oprema.com\/de\/wp-json\/wp\/v2\/product_brand?post=102897"},{"taxonomy":"product_cat","embeddable":true,"href":"https:\/\/moto-oprema.com\/de\/wp-json\/wp\/v2\/product_cat?post=102897"},{"taxonomy":"product_tag","embeddable":true,"href":"https:\/\/moto-oprema.com\/de\/wp-json\/wp\/v2\/product_tag?post=102897"}],"curies":[{"name":"wp","href":"https:\/\/api.w.org\/{rel}","templated":true}]}}