{"id":102876,"date":"2024-04-08T09:47:44","date_gmt":"2024-04-08T09:47:44","guid":{"rendered":"https:\/\/moto-oprema.com\/Artikel\/alpinestars-garage-textiljacke-schwarz\/"},"modified":"2024-04-08T09:47:44","modified_gmt":"2024-04-08T09:47:44","slug":"alpinestars-garage-textiljacke-schwarz","status":"publish","type":"product","link":"https:\/\/moto-oprema.com\/de\/Artikel\/alpinestars-garage-textiljacke-schwarz\/","title":{"rendered":"ALPINESTARS GARAGE TEXTILJACKE SCHWARZ"},"content":{"rendered":"<p>Alpinestars Garage Motorrad Textiljacke<\/p>\n<p>Die Garage-Jacke ist eine moderne Variante der klassischen Biker-Jacke von Alpinestars aus Jeansstoff. Sie kombiniert l\u00e4ssigen Baumwoll-Stretch-Denim mit einem Level 1-Visier zu einem sch\u00fctzenden Kleidungsst\u00fcck im Workwear-Stil, das in jeder Umgebung, auf und abseits des Motorrads, eine gute Figur macht. <\/p>\n<p>Merkmale:<\/p>\n<p>Hergestellt aus Baumwoll-Stretch-Denim f\u00fcr eine optimale Passform<br \/>\nVerst\u00e4rkte Schultern und Ellbogen f\u00fcr Abriebfestigkeit<br \/>\nL\u00e4ssiges Design mit leichtem Tragegef\u00fchl<br \/>\nBrust- und Handtaschen f\u00fcr den praktischen Alltag<br \/>\nSchulter- und Ellbogenpolster wurden speziell f\u00fcr eine schlankere Passform entwickelt<br \/>\nNiedrigprofil-Ellbogenpolster f\u00fcr eine l\u00e4ssige \u00c4sthetik<br \/>\nTech-Air\u00ae 3 System einsatzbereit<\/p>\n<p>Spezifikationen:<\/p>\n<p>Nucleon Flex Schulter- und Ellbogenpolster, Level 1<br \/>\nPers\u00f6nliche Schutzausr\u00fcstung f\u00fcr Motorradfahrer EN 17092-3:2020 Klasse A <\/p>\n<p>Material 42% Baumwolle, 28% Polyester, 18% Lyocell, 10% Polyamid, 2% Elastan<\/p>\n","protected":false},"excerpt":{"rendered":"<p>Alpinestars Garage Motorrad Textiljacke Die Garage-Jacke ist eine moderne Variante der klassischen Biker-Jacke von Alpinestars aus&#8230;<\/p>\n","protected":false},"featured_media":27997,"comment_status":"open","ping_status":"open","template":"","meta":{"_acf_changed":false},"brand":[2111],"gender":[],"product_brand":[],"product_cat":[1357,2045,2048],"product_tag":[],"class_list":{"0":"post-102876","1":"product","2":"type-product","3":"status-publish","4":"has-post-thumbnail","6":"brand-alpinestars-de","7":"product_cat-ausrustung-fur-motorradfahrer","8":"product_cat-jakne-de","9":"product_cat-textil-jacken","10":"pa_size-l-de","11":"pa_size-m-de","12":"pa_size-s-de","13":"pa_size-xl-de","14":"pa_size-xxl-de","15":"pa_size-xxxl-de","17":"first","18":"instock","19":"sale","20":"taxable","21":"shipping-taxable","22":"purchasable","23":"product-type-variable"},"acf":[],"_links":{"self":[{"href":"https:\/\/moto-oprema.com\/de\/wp-json\/wp\/v2\/product\/102876","targetHints":{"allow":["GET"]}}],"collection":[{"href":"https:\/\/moto-oprema.com\/de\/wp-json\/wp\/v2\/product"}],"about":[{"href":"https:\/\/moto-oprema.com\/de\/wp-json\/wp\/v2\/types\/product"}],"replies":[{"embeddable":true,"href":"https:\/\/moto-oprema.com\/de\/wp-json\/wp\/v2\/comments?post=102876"}],"wp:featuredmedia":[{"embeddable":true,"href":"https:\/\/moto-oprema.com\/de\/wp-json\/wp\/v2\/media\/27997"}],"wp:attachment":[{"href":"https:\/\/moto-oprema.com\/de\/wp-json\/wp\/v2\/media?parent=102876"}],"wp:term":[{"taxonomy":"brand","embeddable":true,"href":"https:\/\/moto-oprema.com\/de\/wp-json\/wp\/v2\/brand?post=102876"},{"taxonomy":"gender","embeddable":true,"href":"https:\/\/moto-oprema.com\/de\/wp-json\/wp\/v2\/gender?post=102876"},{"taxonomy":"product_brand","embeddable":true,"href":"https:\/\/moto-oprema.com\/de\/wp-json\/wp\/v2\/product_brand?post=102876"},{"taxonomy":"product_cat","embeddable":true,"href":"https:\/\/moto-oprema.com\/de\/wp-json\/wp\/v2\/product_cat?post=102876"},{"taxonomy":"product_tag","embeddable":true,"href":"https:\/\/moto-oprema.com\/de\/wp-json\/wp\/v2\/product_tag?post=102876"}],"curies":[{"name":"wp","href":"https:\/\/api.w.org\/{rel}","templated":true}]}}