{"id":102856,"date":"2024-04-08T07:41:12","date_gmt":"2024-04-08T07:41:12","guid":{"rendered":"https:\/\/moto-oprema.com\/Artikel\/alpinestars-gp-pro-r-v4-perf-handschuhe-schwarz-rot\/"},"modified":"2024-04-08T07:41:12","modified_gmt":"2024-04-08T07:41:12","slug":"alpinestars-gp-pro-r-v4-perf-handschuhe-schwarz-rot","status":"publish","type":"product","link":"https:\/\/moto-oprema.com\/de\/Artikel\/alpinestars-gp-pro-r-v4-perf-handschuhe-schwarz-rot\/","title":{"rendered":"ALPINESTARS GP PRO R V4 PERF. HANDSCHUHE SCHWARZ ROT"},"content":{"rendered":"<p>Alpinestars GP Pro R4 perforierte Motorradhandschuhe<\/p>\n<p>Die GP Pro R4 Handschuhe sind Rennhandschuhe mit einem optimierten Design, das eine hervorragende Passform und Komfort sowie maximalen Schutz bietet. Die aus hochwertigen Materialien gefertigten Handschuhe verf\u00fcgen \u00fcber Alpinestars Dynamic Friction Shield (DFS) Kn\u00f6chel- und Stulpenprotektoren mit fortschrittlicher Bel\u00fcftung und Aramid-Verst\u00e4rkungen, um sicherzustellen, dass die Handschuhe f\u00fcr Spitzenleistungen auf der Rennstrecke ausger\u00fcstet sind. <\/p>\n<p>Merkmale:<\/p>\n<p>Hergestellt aus einer Kombination aus Rinds- und Ziegenleder auf dem Handr\u00fccken und K\u00e4nguruleder auf der Handfl\u00e4che und den Fingern<br \/>\nSto\u00dfd\u00e4mpfende Schichten an den Fingern, dem Handr\u00fccken, Handfl\u00e4che und Handfl\u00e4chenrand<br \/>\nDoppeltes Verschlusssystem mit verstellbarem Handgelenk- und Manschettenverschluss<br \/>\nPerforierte Eins\u00e4tze an den Fingerkn\u00f6cheln f\u00fcr bessere Atmungsaktivit\u00e4t<br \/>\nAkkordeon-Ledereins\u00e4tze an Fingern, Daumen und R\u00fccken f\u00fcr bessere Passform und Komfort<br \/>\nSpezifikationen:<\/p>\n<p>Motorradschutzhandschuhe (EN 13594:2015)<br \/>\nDFS Race Kn\u00f6chelprotektoren<br \/>\nFinger- und Kn\u00f6chelprotektoren mit eingen\u00e4hten Ledereins\u00e4tzen<br \/>\nTPU-Fingerprotektoren<br \/>\nSeitenverst\u00e4rkungen mit hartem Handfl\u00e4chenschieber und Fingerschieber<br \/>\nFingerbr\u00fccke am dritten und vierten Finger<br \/>\nZUS\u00c4TZLICHE PRODUKTINFORMATIONEN<\/p>\n<p>Obermaterial: 52% Ziegenleder, 24% Rindsleder, 13% K\u00e4nguruleder, 8% Polyurethan, 3% andere Fasern.<\/p>\n<p>Futter: 40% Aramid, 39% Polyester, 21% Baumwolle. Enth\u00e4lt nichttextile Teile tierischen Ursprungs.<\/p>\n","protected":false},"excerpt":{"rendered":"<p>Farbe: Schwarz Rot<\/p>\n","protected":false},"featured_media":27925,"comment_status":"open","ping_status":"open","template":"","meta":{"_acf_changed":false},"brand":[2111],"gender":[],"product_brand":[],"product_cat":[1357,2086,2188],"product_tag":[],"class_list":{"0":"post-102856","1":"product","2":"type-product","3":"status-publish","4":"has-post-thumbnail","6":"brand-alpinestars-de","7":"product_cat-ausrustung-fur-motorradfahrer","8":"product_cat-handschuhe","9":"product_cat-lederhandschuhe","10":"pa_velikost-st-l-de","11":"pa_velikost-st-m-de","12":"pa_velikost-st-s-de","13":"pa_velikost-st-xl-de","14":"pa_velikost-st-xxl-de","15":"pa_velikost-st-xxxl-de","17":"first","18":"instock","19":"sale","20":"taxable","21":"shipping-taxable","22":"purchasable","23":"product-type-variable"},"acf":[],"_links":{"self":[{"href":"https:\/\/moto-oprema.com\/de\/wp-json\/wp\/v2\/product\/102856","targetHints":{"allow":["GET"]}}],"collection":[{"href":"https:\/\/moto-oprema.com\/de\/wp-json\/wp\/v2\/product"}],"about":[{"href":"https:\/\/moto-oprema.com\/de\/wp-json\/wp\/v2\/types\/product"}],"replies":[{"embeddable":true,"href":"https:\/\/moto-oprema.com\/de\/wp-json\/wp\/v2\/comments?post=102856"}],"wp:featuredmedia":[{"embeddable":true,"href":"https:\/\/moto-oprema.com\/de\/wp-json\/wp\/v2\/media\/27925"}],"wp:attachment":[{"href":"https:\/\/moto-oprema.com\/de\/wp-json\/wp\/v2\/media?parent=102856"}],"wp:term":[{"taxonomy":"brand","embeddable":true,"href":"https:\/\/moto-oprema.com\/de\/wp-json\/wp\/v2\/brand?post=102856"},{"taxonomy":"gender","embeddable":true,"href":"https:\/\/moto-oprema.com\/de\/wp-json\/wp\/v2\/gender?post=102856"},{"taxonomy":"product_brand","embeddable":true,"href":"https:\/\/moto-oprema.com\/de\/wp-json\/wp\/v2\/product_brand?post=102856"},{"taxonomy":"product_cat","embeddable":true,"href":"https:\/\/moto-oprema.com\/de\/wp-json\/wp\/v2\/product_cat?post=102856"},{"taxonomy":"product_tag","embeddable":true,"href":"https:\/\/moto-oprema.com\/de\/wp-json\/wp\/v2\/product_tag?post=102856"}],"curies":[{"name":"wp","href":"https:\/\/api.w.org\/{rel}","templated":true}]}}