{"id":102739,"date":"2024-03-13T09:30:44","date_gmt":"2024-03-13T09:30:44","guid":{"rendered":"https:\/\/moto-oprema.com\/Artikel\/mt-hemlets-thunder-4-sv-rot-schwarz-glaenzend\/"},"modified":"2024-03-13T09:30:44","modified_gmt":"2024-03-13T09:30:44","slug":"mt-hemlets-thunder-4-sv-rot-schwarz-glaenzend","status":"publish","type":"product","link":"https:\/\/moto-oprema.com\/de\/Artikel\/mt-hemlets-thunder-4-sv-rot-schwarz-glaenzend\/","title":{"rendered":"MT HEMLETS THUNDER 4 SV ROT SCHWARZ GL\u00c4NZEND"},"content":{"rendered":"<p>Der neue MT Thunder 4 SV Helm verf\u00fcgt \u00fcber ein effizientes Bel\u00fcftungssystem mit Lufteinl\u00e4ssen an der Vorderseite und Luftausl\u00e4ssen an der R\u00fcckseite, die aus hochwertigen Materialien gefertigt sind.<br \/>\nDer originale MT Thunder 4 SV Helm mit integrierter Sonnenblende , der mit einer extra breiten, kratzfesten Polycarbonatscheibe ausgestattet ist, bietet ein hervorragendes Sichtfeld in der Fahrposition. Die neue Generation des Visiermechanismus erm\u00f6glicht es, das Visier ohne Werkzeug abzunehmen. Die Au\u00dfenschale des Thunder 4 SV Integral-Motorradhelms besteht aus HIRP-Polymermaterial (High Impact Resistance Polymer), das das beste Verh\u00e4ltnis zwischen Sicherheit und Gewicht bietet, um die neuesten ECE 22.06 Sicherheitsstandards zu erf\u00fcllen. Der Gurtverschluss dieses Motorradhelms wird durch den MT-MDTC &#8211; mikrometrischer Verschluss mit doppeltem R\u00fcckhaltesystem &#8211; gew\u00e4hrleistet. F\u00fcr zus\u00e4tzlichen Komfort und Praktikabilit\u00e4t gibt es ein vormontiertes Kommunikationssystem und eine herausnehmbare, waschbare Innenpolsterung.    <\/p>\n<p>Spezifikationen:<\/p>\n<p>Mattierte Vollmaske<br \/>\nAu\u00dfenschale aus leichtem und widerstandsf\u00e4higem HIRP-Material<br \/>\nSchale in zwei Gr\u00f6\u00dfen f\u00fcr eine bessere Passform (eine f\u00fcr die Gr\u00f6\u00dfen XS, S und M und die andere f\u00fcr die Gr\u00f6\u00dfen L, XL, 2XL und 3XL)<br \/>\nKompatibel mit Pinlock MaxVision System<br \/>\nIntegrierter Kratzschutz<br \/>\nMikrometrisches Verschlusssystem<br \/>\nAntibakterielle und flammhemmende Innenausstattung<br \/>\nHerausnehmbare und waschbare Innenpolsterung<br \/>\nErf\u00fcllt ECE R22.06 und DOT-Standard.<br \/>\nUngef\u00e4hres Gewicht 1.500 gr +\/- (das Gewicht kann je nach Gr\u00f6\u00dfe und Schale erheblich variieren)<\/p>\n","protected":false},"excerpt":{"rendered":"<p>Der neue MT Thunder 4 SV Helm verf\u00fcgt \u00fcber ein effizientes Bel\u00fcftungssystem mit Lufteinl\u00e4ssen an der&#8230;<\/p>\n","protected":false},"featured_media":27283,"comment_status":"open","ping_status":"open","template":"","meta":{"_acf_changed":false},"brand":[2392],"gender":[],"product_brand":[],"product_cat":[1357,1360,1361],"product_tag":[],"class_list":{"0":"post-102739","1":"product","2":"type-product","3":"status-publish","4":"has-post-thumbnail","6":"brand-mt-hemlets-de","7":"product_cat-ausrustung-fur-motorradfahrer","8":"product_cat-helme","9":"product_cat-integral","10":"pa_size-l-de","11":"pa_size-m-de","12":"pa_size-s-de","13":"pa_size-xl-de","14":"pa_size-xs-de","15":"pa_size-xxl-de","17":"first","18":"instock","19":"sale","20":"taxable","21":"shipping-taxable","22":"purchasable","23":"product-type-variable"},"acf":[],"_links":{"self":[{"href":"https:\/\/moto-oprema.com\/de\/wp-json\/wp\/v2\/product\/102739","targetHints":{"allow":["GET"]}}],"collection":[{"href":"https:\/\/moto-oprema.com\/de\/wp-json\/wp\/v2\/product"}],"about":[{"href":"https:\/\/moto-oprema.com\/de\/wp-json\/wp\/v2\/types\/product"}],"replies":[{"embeddable":true,"href":"https:\/\/moto-oprema.com\/de\/wp-json\/wp\/v2\/comments?post=102739"}],"wp:featuredmedia":[{"embeddable":true,"href":"https:\/\/moto-oprema.com\/de\/wp-json\/wp\/v2\/media\/27283"}],"wp:attachment":[{"href":"https:\/\/moto-oprema.com\/de\/wp-json\/wp\/v2\/media?parent=102739"}],"wp:term":[{"taxonomy":"brand","embeddable":true,"href":"https:\/\/moto-oprema.com\/de\/wp-json\/wp\/v2\/brand?post=102739"},{"taxonomy":"gender","embeddable":true,"href":"https:\/\/moto-oprema.com\/de\/wp-json\/wp\/v2\/gender?post=102739"},{"taxonomy":"product_brand","embeddable":true,"href":"https:\/\/moto-oprema.com\/de\/wp-json\/wp\/v2\/product_brand?post=102739"},{"taxonomy":"product_cat","embeddable":true,"href":"https:\/\/moto-oprema.com\/de\/wp-json\/wp\/v2\/product_cat?post=102739"},{"taxonomy":"product_tag","embeddable":true,"href":"https:\/\/moto-oprema.com\/de\/wp-json\/wp\/v2\/product_tag?post=102739"}],"curies":[{"name":"wp","href":"https:\/\/api.w.org\/{rel}","templated":true}]}}