{"id":102708,"date":"2024-03-15T09:59:11","date_gmt":"2024-03-15T09:59:11","guid":{"rendered":"https:\/\/moto-oprema.com\/Artikel\/spidi-corsa-h2out-tex-jacke-schwarz-rot\/"},"modified":"2024-03-15T09:59:11","modified_gmt":"2024-03-15T09:59:11","slug":"spidi-corsa-h2out-tex-jacke-schwarz-rot","status":"publish","type":"product","link":"https:\/\/moto-oprema.com\/de\/Artikel\/spidi-corsa-h2out-tex-jacke-schwarz-rot\/","title":{"rendered":"SPIDI CORSA H2OUT TEX JACKE SCHWARZ ROT"},"content":{"rendered":"<p>Die SPIDI Corsa H2Out ist eine Jacke, die f\u00fcr sportliche und nackte Fahrr\u00e4der entwickelt wurde, selbst an den regnerischsten Tagen.<\/p>\n<p>Die H2Out-Membran bietet echte Wasserdichtigkeit und Atmungsaktivit\u00e4t, w\u00e4hrend das herausnehmbare 100g\/m2-Futter auch bei k\u00e4lteren Temperaturen f\u00fcr ein angenehmes Tragegef\u00fchl sorgt. Die Bel\u00fcftungs\u00f6ffnungen mit Rei\u00dfverschluss machen das Reisen in w\u00e4rmeren Klimazonen noch angenehmer.<\/p>\n<p>Das Cordura\u00ae 500-Gewebe macht die Struktur des Corsa H2Out robust und widerstandsf\u00e4hig, w\u00e4hrend die dreilagigen Eins\u00e4tze aus elastischem Windout-Gewebe f\u00fcr hervorragende Weichheit an den \u00c4rmeln und am Rumpf sorgen und stets einen guten Sitz an den Stellen gew\u00e4hrleisten, wo Sie ihn brauchen.<\/p>\n<p>Die Jacke hat abnehmbare Warrior Lite Level 2 Protektoren an den Schultern und Ellbogen und Warrior Series Level 1 oder 2 Protektoren k\u00f6nnen am R\u00fccken angebracht werden. Die Corsa H2Out ist nach EN 17092-3:2020 Klasse A zertifiziert.    <\/p>\n<p>Ein umlaufender Rei\u00dfverschluss an der Taille erm\u00f6glicht es Ihnen, jede passende SPIDI-Hose daran zu befestigen.<\/p>\n<p>100% Polyester<\/p>\n","protected":false},"excerpt":{"rendered":"<p>Die SPIDI Corsa H2Out ist eine Jacke, die f\u00fcr sportliche und nackte Fahrr\u00e4der entwickelt wurde, selbst&#8230;<\/p>\n","protected":false},"featured_media":27312,"comment_status":"open","ping_status":"open","template":"","meta":{"_acf_changed":false},"brand":[2124],"gender":[2168],"product_brand":[],"product_cat":[1357,2045,2048],"product_tag":[],"class_list":{"0":"post-102708","1":"product","2":"type-product","3":"status-publish","4":"has-post-thumbnail","6":"brand-spidi-de","7":"gender-moski-de","8":"product_cat-ausrustung-fur-motorradfahrer","9":"product_cat-jakne-de","10":"product_cat-textil-jacken","11":"pa_size-l-de","12":"pa_size-m-de","13":"pa_size-s-de","14":"pa_size-xl-de","15":"pa_size-xxl-de","16":"pa_size-xxxl-de","18":"first","19":"instock","20":"sale","21":"taxable","22":"shipping-taxable","23":"purchasable","24":"product-type-variable"},"acf":[],"_links":{"self":[{"href":"https:\/\/moto-oprema.com\/de\/wp-json\/wp\/v2\/product\/102708","targetHints":{"allow":["GET"]}}],"collection":[{"href":"https:\/\/moto-oprema.com\/de\/wp-json\/wp\/v2\/product"}],"about":[{"href":"https:\/\/moto-oprema.com\/de\/wp-json\/wp\/v2\/types\/product"}],"replies":[{"embeddable":true,"href":"https:\/\/moto-oprema.com\/de\/wp-json\/wp\/v2\/comments?post=102708"}],"wp:featuredmedia":[{"embeddable":true,"href":"https:\/\/moto-oprema.com\/de\/wp-json\/wp\/v2\/media\/27312"}],"wp:attachment":[{"href":"https:\/\/moto-oprema.com\/de\/wp-json\/wp\/v2\/media?parent=102708"}],"wp:term":[{"taxonomy":"brand","embeddable":true,"href":"https:\/\/moto-oprema.com\/de\/wp-json\/wp\/v2\/brand?post=102708"},{"taxonomy":"gender","embeddable":true,"href":"https:\/\/moto-oprema.com\/de\/wp-json\/wp\/v2\/gender?post=102708"},{"taxonomy":"product_brand","embeddable":true,"href":"https:\/\/moto-oprema.com\/de\/wp-json\/wp\/v2\/product_brand?post=102708"},{"taxonomy":"product_cat","embeddable":true,"href":"https:\/\/moto-oprema.com\/de\/wp-json\/wp\/v2\/product_cat?post=102708"},{"taxonomy":"product_tag","embeddable":true,"href":"https:\/\/moto-oprema.com\/de\/wp-json\/wp\/v2\/product_tag?post=102708"}],"curies":[{"name":"wp","href":"https:\/\/api.w.org\/{rel}","templated":true}]}}