{"id":102562,"date":"2024-01-22T11:26:03","date_gmt":"2024-01-22T11:26:03","guid":{"rendered":"https:\/\/moto-oprema.com\/Artikel\/red-bull-ktm-kapuzenpullover-mit-reissverschluss-offizielle-teamline\/"},"modified":"2024-01-22T11:26:03","modified_gmt":"2024-01-22T11:26:03","slug":"red-bull-ktm-kapuzenpullover-mit-reissverschluss-offizielle-teamline","status":"publish","type":"product","link":"https:\/\/moto-oprema.com\/de\/Artikel\/red-bull-ktm-kapuzenpullover-mit-reissverschluss-offizielle-teamline\/","title":{"rendered":"RED BULL KTM KAPUZENPULLOVER MIT REISSVERSCHLUSS OFFIZIELLE TEAMLINE"},"content":{"rendered":"<p>Unterst\u00fctzen Sie das RED BULL KTM Rennteam stilvoll mit dem offiziellen Teamline Sweatshirt mit Rei\u00dfverschluss.<\/p>\n<p>Diese klassisch geschnittene Strickjacke mit Rei\u00dfverschluss in Marineblau und Orange verf\u00fcgt \u00fcber aufgedruckte Team- und Partnerlogos und besticht durch ihre hochwertige Verarbeitung. Ein durchgehender Rei\u00dfverschluss und zwei praktische Eingrifftaschen vervollst\u00e4ndigen das komfortable und sportliche Design. <\/p>\n<p>Material: 65 % Baumwolle, 35 % Polyester<\/p>\n","protected":false},"excerpt":{"rendered":"<p>Unterst\u00fctzen Sie das RED BULL KTM Rennteam stilvoll mit dem offiziellen Teamline Sweatshirt mit Rei\u00dfverschluss. Diese&#8230;<\/p>\n","protected":false},"featured_media":26162,"comment_status":"open","ping_status":"open","template":"","meta":{"_acf_changed":false},"brand":[2332],"gender":[],"product_brand":[],"product_cat":[1357,2179,2293],"product_tag":[],"class_list":{"0":"post-102562","1":"product","2":"type-product","3":"status-publish","4":"has-post-thumbnail","6":"brand-roter-bulle","7":"product_cat-ausrustung-fur-motorradfahrer","8":"product_cat-freizeitkleidung","9":"product_cat-pullover-und-strickjacken","10":"pa_size-l-de","11":"pa_size-m-de","12":"pa_size-s-de","13":"pa_size-xl-de","14":"pa_size-xs-de","15":"pa_size-xxl-de","16":"pa_size-xxxl-de","18":"first","19":"instock","20":"taxable","21":"shipping-taxable","22":"purchasable","23":"product-type-variable"},"acf":[],"_links":{"self":[{"href":"https:\/\/moto-oprema.com\/de\/wp-json\/wp\/v2\/product\/102562","targetHints":{"allow":["GET"]}}],"collection":[{"href":"https:\/\/moto-oprema.com\/de\/wp-json\/wp\/v2\/product"}],"about":[{"href":"https:\/\/moto-oprema.com\/de\/wp-json\/wp\/v2\/types\/product"}],"replies":[{"embeddable":true,"href":"https:\/\/moto-oprema.com\/de\/wp-json\/wp\/v2\/comments?post=102562"}],"wp:featuredmedia":[{"embeddable":true,"href":"https:\/\/moto-oprema.com\/de\/wp-json\/wp\/v2\/media\/26162"}],"wp:attachment":[{"href":"https:\/\/moto-oprema.com\/de\/wp-json\/wp\/v2\/media?parent=102562"}],"wp:term":[{"taxonomy":"brand","embeddable":true,"href":"https:\/\/moto-oprema.com\/de\/wp-json\/wp\/v2\/brand?post=102562"},{"taxonomy":"gender","embeddable":true,"href":"https:\/\/moto-oprema.com\/de\/wp-json\/wp\/v2\/gender?post=102562"},{"taxonomy":"product_brand","embeddable":true,"href":"https:\/\/moto-oprema.com\/de\/wp-json\/wp\/v2\/product_brand?post=102562"},{"taxonomy":"product_cat","embeddable":true,"href":"https:\/\/moto-oprema.com\/de\/wp-json\/wp\/v2\/product_cat?post=102562"},{"taxonomy":"product_tag","embeddable":true,"href":"https:\/\/moto-oprema.com\/de\/wp-json\/wp\/v2\/product_tag?post=102562"}],"curies":[{"name":"wp","href":"https:\/\/api.w.org\/{rel}","templated":true}]}}