{"id":102548,"date":"2024-01-17T10:04:13","date_gmt":"2024-01-17T10:04:13","guid":{"rendered":"https:\/\/moto-oprema.com\/Artikel\/alpinestars-stiefel-tech-7-enduro-drystar-black-white\/"},"modified":"2024-01-17T10:04:13","modified_gmt":"2024-01-17T10:04:13","slug":"alpinestars-stiefel-tech-7-enduro-drystar-black-white","status":"publish","type":"product","link":"https:\/\/moto-oprema.com\/de\/Artikel\/alpinestars-stiefel-tech-7-enduro-drystar-black-white\/","title":{"rendered":"ALPINESTARS Stiefel TECH 7 ENDURO Drystar\u00ae BLACK WHITE"},"content":{"rendered":"<div id=\"tab-product-description\" class=\"ui-tabs-panel ui-widget-content ui-corner-bottom\">\n<div class=\"description\">\n<div id=\"tw-target-text-container\" class=\"tw-ta-container tw-nfl\">\n<p id=\"tw-target-text\" class=\"tw-data-text tw-text-large tw-ta\" dir=\"ltr\" style=\"text-align: left\"><span lang=\"sl\" xml_lang=\"sl\">Das absolute Spitzenmodell unter den Enduro-Stiefeln mit wasserdichter Drystar-Membran.<br \/>\n<\/span><\/p>\n<p class=\"tw-data-text tw-text-large tw-ta\" dir=\"ltr\" style=\"text-align: left\"><span lang=\"sl\" xml_lang=\"sl\">\u00dcberlegene Materialien und Technologien f\u00fcr ein v\u00f6llig neues Stiefeldesign. CE-zertifiziertes Schnallensystem f\u00fcr einfachen und nahtlosen Verschluss. Zwei-Komponenten-Schale, Stahlschaft. Obermaterial aus Mikrofaser, mit zus\u00e4tzlicher PU-Verst\u00e4rkung. Kn\u00f6chelschutzsystem, mit biomechanischer Verbindung zwischen dem mittleren und unteren Teil des Stiefels. Auswechselbare Sohle und Fu\u00dfbett.       <\/span><\/p>\n<p class=\"tw-data-text tw-text-large tw-ta\" dir=\"ltr\" style=\"text-align: left\"><span lang=\"sl\" xml_lang=\"sl\">Sportliche Enduro-Stiefel mit optimalem Schutz!<\/span><\/p>\n<\/div>\n<div id=\"z6maec\" class=\"tw-ta-container tw-nfl\"><\/div>\n<p><span style=\"font-family: arial, helvetica, sans-serif;font-size: small\"><strong>Zusammensetzung des Rohmaterials:<\/strong><br \/>\n&#8211; Obermaterial: Leder und andere Materialien<br \/>\n&#8211; Futter und Innensohle: Textilmaterial<br \/>\n&#8211; Sohle: Gummi  <\/span><\/p>\n<p><strong>Merkmale:<\/strong><\/p>\n<ul>\n<li>Wasserdichte Drystar\u00ae-Membran f\u00fcr bew\u00e4hrte Wetterleistung und Atmungsaktivit\u00e4t.<\/li>\n<li>Das Obermaterial besteht aus leichter, innovativer Mikrofaser, die flexibel und abriebfest ist.<\/li>\n<li>Das Obermaterial ist mit PU verst\u00e4rkt, um ein hohes Ma\u00df an Wasserdichtigkeit und Strapazierf\u00e4higkeit zu gew\u00e4hrleisten und das Gewicht zu reduzieren.<\/li>\n<li>Die innovative, evolution\u00e4re TPU-Schienbeinsch\u00fctzer-Konstruktion f\u00fcr eine gr\u00f6\u00dfere Auswahl an Passform verf\u00fcgt \u00fcber einen verst\u00e4rkten Klettverschluss f\u00fcr einen bequemen, h\u00f6chst individuellen Verschluss.<\/li>\n<li>Die speziell entwickelte Sohle bietet Enduro-Fahrern \u00fcberlegene Haltbarkeit, Grip, Gef\u00fchl und ein hohes Ma\u00df an struktureller Steifigkeit.<\/li>\n<li>Breite Einstiegs\u00f6ffnung f\u00fcr Komfort mit Klettverschluss an der Oberseite TPR-Klappe f\u00fcr einen breiten Bereich der Wadenanpassung und Unterst\u00fctzung.<\/li>\n<li>Der mediale Bereich besteht aus einer einteiligen TPU-Platte mit wabenf\u00f6rmiger Struktur f\u00fcr maximalen Kontakt mit dem Fahrrad und verbesserte Hitze- und Abriebfestigkeit.<\/li>\n<li>Die obere hintere Biegung des Stiefels wird im Bereich der Wade durch ein innovatives TPU-Gleitblattsystem unterst\u00fctzt, das die Reibung ableitet.<\/li>\n<li>Das ergonomische Schnallensystem bietet einen sicheren und sehr individuellen Verschluss.<\/li>\n<li>Der innovative seitliche TPU-Kn\u00f6chelschutz bietet eine biomechanische Verbindung zwischen dem mittleren seitlichen und dem unteren seitlichen Teil des Schuhs. Die Rist- und Achillessehnen-Akkordeon-Flexzonen sind f\u00fcr hervorragende Kontrolle und Unterst\u00fctzung konstruiert. <\/li>\n<li>Die TPU-Unterschale ist mit einem Metallschaft verst\u00e4rkt und verf\u00fcgt \u00fcber eine Zehenverst\u00e4rkung f\u00fcr Aufprall- und Abriebfestigkeit.<\/li>\n<li>Die verl\u00e4ngerte Mikrofasergamasche hilft, das Eindringen von Wasser und Schmutz zu verhindern.<\/li>\n<li>Das neue Verschlusssystem besteht aus Polymerschnallen und einem Aluminiumrahmen mit innovativen, selbstausrichtenden Schnellverschl\u00fcssen f\u00fcr eine individuelle, sichere Passform.<\/li>\n<li>Alle Schnallen sind leicht austauschbar.<\/li>\n<li>Die Drystar\u00ae-Membran ist subtil in das Chassis eingearbeitet und bietet 100%igen Schutz vor eindringender N\u00e4sse.<\/li>\n<li>Weicher Polyschaum umschlie\u00dft die Kn\u00f6chel und den Kragen und bietet Komfort und sto\u00dfd\u00e4mpfende Eigenschaften.<\/li>\n<li>Herausnehmbares anatomisches Fu\u00dfbett.<\/li>\n<li>Exklusive griffige Gummiau\u00dfensohle mit doppelter Dichte.<\/li>\n<li>Sohle und Fu\u00dfraste sind austauschbar.<\/li>\n<li>Der h\u00f6here mediale Bereich verf\u00fcgt \u00fcber ein Gummipatch mit wabenf\u00f6rmiger Struktur f\u00fcr maximalen Grip und verbesserte Hitze- und Abriebfestigkeit.<\/li>\n<li>EN 13634:2017 (Schutzschuhe f\u00fcr Motorradfahrer).<\/li>\n<\/ul>\n<\/div>\n<\/div>\n","protected":false},"excerpt":{"rendered":"<p>Das absolute Spitzenmodell unter den Enduro-Stiefeln mit wasserdichter Drystar-Membran. \u00dcberlegene Materialien und Technologien f\u00fcr ein v\u00f6llig&#8230;<\/p>\n","protected":false},"featured_media":102558,"comment_status":"open","ping_status":"closed","template":"","meta":{"_acf_changed":false},"brand":[2111],"gender":[],"product_brand":[],"product_cat":[1357,2028,2244],"product_tag":[],"class_list":{"0":"post-102548","1":"product","2":"type-product","3":"status-publish","4":"has-post-thumbnail","6":"brand-alpinestars-de","7":"product_cat-ausrustung-fur-motorradfahrer","8":"product_cat-motocross-ausrustung","9":"product_cat-mx-stiefel","10":"pa_size-10445-de","11":"pa_size-11455-de","12":"pa_size-12-46-47-de","13":"pa_size-842-de","14":"pa_size-943-de","16":"first","17":"onbackorder","18":"sale","19":"taxable","20":"shipping-taxable","21":"purchasable","22":"product-type-variable"},"acf":[],"_links":{"self":[{"href":"https:\/\/moto-oprema.com\/de\/wp-json\/wp\/v2\/product\/102548","targetHints":{"allow":["GET"]}}],"collection":[{"href":"https:\/\/moto-oprema.com\/de\/wp-json\/wp\/v2\/product"}],"about":[{"href":"https:\/\/moto-oprema.com\/de\/wp-json\/wp\/v2\/types\/product"}],"replies":[{"embeddable":true,"href":"https:\/\/moto-oprema.com\/de\/wp-json\/wp\/v2\/comments?post=102548"}],"wp:featuredmedia":[{"embeddable":true,"href":"https:\/\/moto-oprema.com\/de\/wp-json\/wp\/v2\/media\/102558"}],"wp:attachment":[{"href":"https:\/\/moto-oprema.com\/de\/wp-json\/wp\/v2\/media?parent=102548"}],"wp:term":[{"taxonomy":"brand","embeddable":true,"href":"https:\/\/moto-oprema.com\/de\/wp-json\/wp\/v2\/brand?post=102548"},{"taxonomy":"gender","embeddable":true,"href":"https:\/\/moto-oprema.com\/de\/wp-json\/wp\/v2\/gender?post=102548"},{"taxonomy":"product_brand","embeddable":true,"href":"https:\/\/moto-oprema.com\/de\/wp-json\/wp\/v2\/product_brand?post=102548"},{"taxonomy":"product_cat","embeddable":true,"href":"https:\/\/moto-oprema.com\/de\/wp-json\/wp\/v2\/product_cat?post=102548"},{"taxonomy":"product_tag","embeddable":true,"href":"https:\/\/moto-oprema.com\/de\/wp-json\/wp\/v2\/product_tag?post=102548"}],"curies":[{"name":"wp","href":"https:\/\/api.w.org\/{rel}","templated":true}]}}