{"id":102507,"date":"2024-01-17T09:16:28","date_gmt":"2024-01-17T09:16:28","guid":{"rendered":"https:\/\/moto-oprema.com\/Artikel\/alpinestars-tech-7-enduro-stiefel-schwarz-fluo-rot\/"},"modified":"2024-01-17T09:16:28","modified_gmt":"2024-01-17T09:16:28","slug":"alpinestars-tech-7-enduro-stiefel-schwarz-fluo-rot","status":"publish","type":"product","link":"https:\/\/moto-oprema.com\/de\/Artikel\/alpinestars-tech-7-enduro-stiefel-schwarz-fluo-rot\/","title":{"rendered":"ALPINESTARS TECH 7 ENDURO Stiefel SCHWARZ FLUO ROT"},"content":{"rendered":"<div id=\"tab-product-description\" class=\"ui-tabs-panel ui-widget-content ui-corner-bottom\">\n<div class=\"description\">\n<p>Das absolute Spitzenmodell unter den Enduro-Stiefeln.<\/p>\n<div id=\"tw-target-text-container\" class=\"tw-ta-container tw-nfl\">\n<p class=\"tw-data-text tw-text-large tw-ta\" dir=\"ltr\" style=\"text-align: left\"><span lang=\"sl\" xml_lang=\"sl\">\u00dcberlegene Materialien und Technologien f\u00fcr ein v\u00f6llig neues Stiefeldesign. CE-zertifiziertes Schnallensystem f\u00fcr einfachen und nahtlosen Verschluss. Zwei-Komponenten-Schale, Stahlschaft. Obermaterial aus Mikrofaser, mit zus\u00e4tzlicher PU-Verst\u00e4rkung. Kn\u00f6chelschutzsystem, mit biomechanischer Verbindung zwischen dem mittleren und unteren Teil des Stiefels. Auswechselbare Sohle und Fu\u00dfbett.       <\/span><\/p>\n<p class=\"tw-data-text tw-text-large tw-ta\" dir=\"ltr\" style=\"text-align: left\"><span lang=\"sl\" xml_lang=\"sl\">Sportliche Enduro-Stiefel mit optimalem Schutz!<\/span><\/p>\n<\/div>\n<div id=\"z6maec\" class=\"tw-ta-container tw-nfl\"><\/div>\n<p><span style=\"font-family: arial, helvetica, sans-serif;font-size: small\"><strong>Zusammensetzung des Rohmaterials:<\/strong><br \/>\n&#8211; Obermaterial: Leder und andere Materialien<br \/>\n&#8211; Futter und Innensohle: Textilmaterial<br \/>\n&#8211; Sohle: Gummi  <\/span><\/p>\n<div id=\"tab-product-description-original\" class=\"ui-tabs-panel ui-widget-content ui-corner-bottom\">\n<div class=\"description\">\n<ul>\n<li>Das Boot-Chassis wurde mit einem ergonomisch profilierten Vorderfu\u00df und einer niedrigeren Zehenbox entwickelt, um das Schalten zu erleichtern und das Gef\u00fchl und die Kontrolle der Hinterradbremse zu verbessern.<\/li>\n<li>Mit einer innovativen, einteiligen, eingespritzten Zweikomponenten-Fu\u00dfschale mit mit eingespritztem, hartem Zehenschutz und integriertem Stahlschaft. Die Schale ist \u00e4u\u00dferst abrieb- und sto\u00dffest, erh\u00f6ht die Gesamtlebensdauer des Stiefels und verbessert die Stromlinienform des Stiefels. <\/li>\n<li>Die neue Dual-Compound-Sohle ist nahtlos in die Grundstruktur integriert und sorgt f\u00fcr \u00fcberragende Strapazierf\u00e4higkeit, eine leistungsstarke Gummigriffstruktur und ein gutes Fahrgef\u00fchl. Die Sohle und der Fu\u00dfrasteneinsatz sind austauschbar. <\/li>\n<li>Obermaterial aus innovativem Mikrofasermaterial, das flexibel und abriebfest ist. Das Obermaterial ist mit PU verst\u00e4rkt, um ein hohes Ma\u00df an <\/li>\n<li>Wasserbest\u00e4ndigkeit und Haltbarkeit und verbesserte gewichtssparende Leistung. Das Material sorgt f\u00fcr eine gleichbleibende Passform auch bei langfristigem Gebrauch und ist leicht zu pflegen und zu reinigen. <\/li>\n<li>Die konturierte Wadenschutzplatte ist mit einem Hochmodulpolymer f\u00fcr Sto\u00dffestigkeit gespritzt und enth\u00e4lt das von Alpinestars entwickelte Blade Flex System f\u00fcr mehr Pr\u00e4zision bei Kontrolle und Bewegung, zus\u00e4tzlichen Schutz f\u00fcr Ferse und Achillessehne und hilft, Hyperflexion zu verhindern.<\/li>\n<li>Neues TPU-Kn\u00f6chelschutzsystem, das eine biomechanische Verbindung zwischen dem mittleren und unteren Teil des Stiefels herstellt und Sch\u00e4den am Bein verhindert, indem es eine progressive Kraftentlastung bei Torsionskr\u00e4ften bietet.<\/li>\n<li>Die von Alpinestars entwickelte TPU-Schienbeinplatte und der mediale Schutz sind aus einem einzigen Teil gefertigt, um eine gr\u00f6\u00dfere strukturelle Integrit\u00e4t und Stabilit\u00e4t zu gew\u00e4hrleisten. Die anatomisch profilierte Schienbeinplatte verf\u00fcgt \u00fcber ein duales Verschlusssystem mit einer internen Mikrofaserklappe, die mit Klettverschluss f\u00fcr einen passgenauen Verschluss sorgt, w\u00e4hrend die robuste und langlebige Schienbeinplatte mit einer pr\u00e4zise einstellbaren Schnalle sicher befestigt wird. <\/li>\n<li>Die mediale TPU-Seitenverkleidung ist mit einem fortschrittlichen Wabengummi-Einsatz versehen und bietet hervorragenden Halt auf dem Fahrrad und sch\u00fctzt vor St\u00f6\u00dfen.<\/li>\n<li>Die breite Einstiegs\u00f6ffnung sorgt f\u00fcr Komfort und erm\u00f6glicht eine weitreichende Anpassung und Unterst\u00fctzung der Waden.<\/li>\n<li>Innovatives Schnallenverschlusssystem mit Br\u00fcckenverschl\u00fcssen aus hochfestem Aluminium, mit Memory-Einstellungen und einem Schnellverschluss-System mit selbstausrichtendem Design f\u00fcr einfaches, pr\u00e4zises Schlie\u00dfen und verbesserte Fahrleistung. Alle Schnallen sind austauschbar. <\/li>\n<li>Neu gestaltete Rist- und Achilles-Akkordeon-Flexzonen-Konstruktion f\u00fcr \u00fcberragenden Komfort, Kontrolle und Halt.<\/li>\n<li>Die verl\u00e4ngerte Mikrofasergamasche verhindert das Eindringen von \u00fcberm\u00e4\u00dfigem Wasser und Schmutz.<\/li>\n<li>Das Innenfutter besteht aus rutschfestem Mikrofaser-Veloursleder an der Ferse, das den Fu\u00df in Position h\u00e4lt.<\/li>\n<li>Weiche Schaumstoffverst\u00e4rkung an Kn\u00f6cheln und Kragen f\u00fcr lang anhaltenden Komfort und Sto\u00dfd\u00e4mpfung.<\/li>\n<li>Das neue, herausnehmbare, anatomische Fu\u00dfbett aus EVA und Lycra sorgt f\u00fcr Komfort und Halt, eine gleichm\u00e4\u00dfige Gewichtsverteilung und eine verst\u00e4rkte Ferse.<\/li>\n<li>Der Tech 7 Stiefel ist CE-zertifiziert und verf\u00fcgt \u00fcber eine einzigartige, hochfeste Sohlenkonstruktion, die f\u00fcr Langlebigkeit und Schutzleistung sorgt.<\/li>\n<\/ul>\n<\/div>\n<\/div>\n<\/div>\n<\/div>\n","protected":false},"excerpt":{"rendered":"<p>Farbe: Schwarz-Grau-Rot Fluo<\/p>\n","protected":false},"featured_media":102521,"comment_status":"open","ping_status":"closed","template":"","meta":{"_acf_changed":false},"brand":[2111],"gender":[],"product_brand":[],"product_cat":[1357,2028,2244],"product_tag":[],"class_list":{"0":"post-102507","1":"product","2":"type-product","3":"status-publish","4":"has-post-thumbnail","6":"brand-alpinestars-de","7":"product_cat-ausrustung-fur-motorradfahrer","8":"product_cat-motocross-ausrustung","9":"product_cat-mx-stiefel","10":"pa_size-10445-de","11":"pa_size-11455-de","12":"pa_size-12-46-47-de","13":"pa_size-842-de","14":"pa_size-943-de","16":"first","17":"onbackorder","18":"sale","19":"taxable","20":"shipping-taxable","21":"purchasable","22":"product-type-variable"},"acf":[],"_links":{"self":[{"href":"https:\/\/moto-oprema.com\/de\/wp-json\/wp\/v2\/product\/102507","targetHints":{"allow":["GET"]}}],"collection":[{"href":"https:\/\/moto-oprema.com\/de\/wp-json\/wp\/v2\/product"}],"about":[{"href":"https:\/\/moto-oprema.com\/de\/wp-json\/wp\/v2\/types\/product"}],"replies":[{"embeddable":true,"href":"https:\/\/moto-oprema.com\/de\/wp-json\/wp\/v2\/comments?post=102507"}],"wp:featuredmedia":[{"embeddable":true,"href":"https:\/\/moto-oprema.com\/de\/wp-json\/wp\/v2\/media\/102521"}],"wp:attachment":[{"href":"https:\/\/moto-oprema.com\/de\/wp-json\/wp\/v2\/media?parent=102507"}],"wp:term":[{"taxonomy":"brand","embeddable":true,"href":"https:\/\/moto-oprema.com\/de\/wp-json\/wp\/v2\/brand?post=102507"},{"taxonomy":"gender","embeddable":true,"href":"https:\/\/moto-oprema.com\/de\/wp-json\/wp\/v2\/gender?post=102507"},{"taxonomy":"product_brand","embeddable":true,"href":"https:\/\/moto-oprema.com\/de\/wp-json\/wp\/v2\/product_brand?post=102507"},{"taxonomy":"product_cat","embeddable":true,"href":"https:\/\/moto-oprema.com\/de\/wp-json\/wp\/v2\/product_cat?post=102507"},{"taxonomy":"product_tag","embeddable":true,"href":"https:\/\/moto-oprema.com\/de\/wp-json\/wp\/v2\/product_tag?post=102507"}],"curies":[{"name":"wp","href":"https:\/\/api.w.org\/{rel}","templated":true}]}}