{"id":102343,"date":"2024-07-31T07:47:56","date_gmt":"2024-07-31T07:47:56","guid":{"rendered":"https:\/\/moto-oprema.com\/Artikel\/dainese-desert-tex-jacke-schwarz-sand\/"},"modified":"2024-07-31T07:47:56","modified_gmt":"2024-07-31T07:47:56","slug":"dainese-desert-tex-jacke-schwarz-sand","status":"publish","type":"product","link":"https:\/\/moto-oprema.com\/de\/Artikel\/dainese-desert-tex-jacke-schwarz-sand\/","title":{"rendered":"DAINESE DESERT TEX JACKE SCHWARZ SAND"},"content":{"rendered":"<p>Dainese Desert Tex Motorrad Textiljacke<\/p>\n<p>Die Dainese Desert Tex ist eine sommerliche Touring-Motorradjacke f\u00fcr den Einsatz auf der Stra\u00dfe und im Gel\u00e4nde, die aus einem leichten und strapazierf\u00e4higen Poly600-Gewebe besteht. Sie verf\u00fcgt au\u00dferdem \u00fcber breite gestrickte Omega-Mesh-Eins\u00e4tze auf der Vorder- und R\u00fcckseite, die f\u00fcr eine hervorragende Bel\u00fcftung sorgen, wenn das Windfutter entfernt wird, das in der hinteren Cargo-Tasche verstaut werden kann. Der Aufprallschutz wird durch weiche Pro-Armor-Polster an den Schultern und Ellbogen gew\u00e4hrleistet, die durch eine G1- oder G2-Polstertasche auf dem R\u00fccken und ein Doppelpolster auf der Brust verst\u00e4rkt werden. Die Passform ist vollst\u00e4ndig anpassbar, da der Kragen, die Taille, die \u00c4rmel und die Manschetten verstellbar sind. Die Desert Tex Jacke ist ideal f\u00fcr lange Motorradtouren in hei\u00dfem Klima, bei denen Sie von der Stra\u00dfe ins Gel\u00e4nde wechseln k\u00f6nnen. Sie bietet die perfekte Kombination aus Vielseitigkeit, Komfort und Funktionalit\u00e4t. Sie ist mit einem Verbindungssystem zwischen Jacke und Hose und einer Reihe von Taschen ausgestattet &#8211; vier auf der Vorderseite, eine auf der R\u00fcckseite und eine auf der Innenseite -, in denen Sie kleine Gegenst\u00e4nde verstauen k\u00f6nnen, die w\u00e4hrend der Fahrt immer griffbereit sein m\u00fcssen.     <\/p>\n<p>Merkmale:<\/p>\n<p>Sommerliche Motorradjacke aus leichtem technischem Gewebe<br \/>\nmit breiten Omega-Mesh-Eins\u00e4tzen und Pro-Armor 2-Protektoren. Stufen<br \/>\nHerausnehmbares winddichtes Innenfutter<br \/>\nVerbindungssystem zwischen Jacke und Hose<br \/>\n\u00c4rmelverstellung<br \/>\nVerstellbarer Hals, Taille und \u00c4rmelb\u00fcndchen<br \/>\n1 Innentasche<br \/>\n4 Taschen auf der Vorderseite<br \/>\n1 Cargotasche auf der R\u00fcckseite<br \/>\nTaschen f\u00fcr G1- und G2-R\u00fcckenprotektoren<br \/>\nTaschen f\u00fcr Doppelbrustprotektoren<br \/>\nreflektierende Eins\u00e4tze<br \/>\nMesh-Eins\u00e4tze<br \/>\nPro-Armor-Protektoren (EN 1621.1, Stufe 2, Typ B) an den Schultern<br \/>\nPro-Armor Schutzvorrichtungen (EN 1621.1, Stufe 2, Typ B) an den Ellb\u00f6gen <\/p>\n<p>MATERIALZUSAMMENSETZUNG<br \/>\nMaterial Au\u00dfen: 94 % Polyester, 6 % Polyurethan; Futter: 100 % Polyester<\/p>\n","protected":false},"excerpt":{"rendered":"<p>Dainese Desert Tex Motorrad Textiljacke Die Dainese Desert Tex ist eine sommerliche Touring-Motorradjacke f\u00fcr den Einsatz&#8230;<\/p>\n","protected":false},"featured_media":102346,"comment_status":"open","ping_status":"closed","template":"","meta":{"_acf_changed":false},"brand":[2113],"gender":[2168],"product_brand":[],"product_cat":[1357,2045,2048],"product_tag":[],"class_list":{"0":"post-102343","1":"product","2":"type-product","3":"status-publish","4":"has-post-thumbnail","6":"brand-dainese-de","7":"gender-moski-de","8":"product_cat-ausrustung-fur-motorradfahrer","9":"product_cat-jakne-de","10":"product_cat-textil-jacken","11":"pa_size-48-de","12":"pa_size-50-de","13":"pa_size-52-de","14":"pa_size-54-de","15":"pa_size-56-de","16":"pa_size-58-de","17":"pa_size-60-de","18":"pa_size-62-de","20":"first","21":"instock","22":"sale","23":"taxable","24":"shipping-taxable","25":"purchasable","26":"product-type-variable"},"acf":[],"_links":{"self":[{"href":"https:\/\/moto-oprema.com\/de\/wp-json\/wp\/v2\/product\/102343","targetHints":{"allow":["GET"]}}],"collection":[{"href":"https:\/\/moto-oprema.com\/de\/wp-json\/wp\/v2\/product"}],"about":[{"href":"https:\/\/moto-oprema.com\/de\/wp-json\/wp\/v2\/types\/product"}],"replies":[{"embeddable":true,"href":"https:\/\/moto-oprema.com\/de\/wp-json\/wp\/v2\/comments?post=102343"}],"wp:featuredmedia":[{"embeddable":true,"href":"https:\/\/moto-oprema.com\/de\/wp-json\/wp\/v2\/media\/102346"}],"wp:attachment":[{"href":"https:\/\/moto-oprema.com\/de\/wp-json\/wp\/v2\/media?parent=102343"}],"wp:term":[{"taxonomy":"brand","embeddable":true,"href":"https:\/\/moto-oprema.com\/de\/wp-json\/wp\/v2\/brand?post=102343"},{"taxonomy":"gender","embeddable":true,"href":"https:\/\/moto-oprema.com\/de\/wp-json\/wp\/v2\/gender?post=102343"},{"taxonomy":"product_brand","embeddable":true,"href":"https:\/\/moto-oprema.com\/de\/wp-json\/wp\/v2\/product_brand?post=102343"},{"taxonomy":"product_cat","embeddable":true,"href":"https:\/\/moto-oprema.com\/de\/wp-json\/wp\/v2\/product_cat?post=102343"},{"taxonomy":"product_tag","embeddable":true,"href":"https:\/\/moto-oprema.com\/de\/wp-json\/wp\/v2\/product_tag?post=102343"}],"curies":[{"name":"wp","href":"https:\/\/api.w.org\/{rel}","templated":true}]}}