{"id":102306,"date":"2024-08-06T08:17:37","date_gmt":"2024-08-06T08:17:37","guid":{"rendered":"https:\/\/moto-oprema.com\/Artikel\/alpinestars-rk-1-plasma-kniestuetze-schwarz-rot\/"},"modified":"2024-08-06T08:17:37","modified_gmt":"2024-08-06T08:17:37","slug":"alpinestars-rk-1-plasma-kniestuetze-schwarz-rot","status":"publish","type":"product","link":"https:\/\/moto-oprema.com\/de\/Artikel\/alpinestars-rk-1-plasma-kniestuetze-schwarz-rot\/","title":{"rendered":"ALPINESTARS RK-1 PLASMA KNIEST\u00dcTZE SCHWARZ ROT"},"content":{"rendered":"<p>Alpinestars RK-1 Plasma Knieorthese<\/p>\n<p>Die RK-1 PLASMA Kniest\u00fctze ist anatomisch geformt und f\u00fcr alle Arten von Off-Road-Fahrten geeignet. Sie ist so konzipiert, dass sie das Knie bequem st\u00fctzt und gleichzeitig leicht, atmungsaktiv und sch\u00fctzend ist. Die Nucleon PLASMA Kniest\u00fctze ist in eine innovative Hybrid-Rahmenkonstruktion integriert, die aus einem flexiblen Verbundmaterial besteht, das auf eine Hochleistungspolymermischung gespritzt wird, um eine hervorragende Rahmensteifigkeit zu gew\u00e4hrleisten, w\u00e4hrend sie an den oberen und unteren Gurten flexibel ist.  <\/p>\n<p>Merkmale:<\/p>\n<p>Dieser Knieprotektor bietet optimale strukturelle Integrit\u00e4t und Unterst\u00fctzung und ist gleichzeitig extrem leicht und flexibel. Dadurch wird das Verletzungsrisiko f\u00fcr die medialen und lateralen Seitenb\u00e4nder, das vordere und hintere Kreuzband und den lateralen und medialen Meniskus reduziert.<br \/>\nAuswechselbare, dreiteilige Knieschoner, bestehend aus einer Polyurethan-Au\u00dfenschale mit einer Nucleon PLASMA Schutzschicht, die eine optimale Kombination aus Aufprallschutz, Flexibilit\u00e4t und Kratzfestigkeit bietet<br \/>\nDer selbstzentrierende Knieschutz und die strategisch platzierten oberen und unteren Knieverl\u00e4ngerungen sorgen f\u00fcr maximalen Schutz, unabh\u00e4ngig vom Beuge- oder Streckungswinkel.<br \/>\nDas extrem stabile, schlanke Vier-Punkt-Scharniersystem passt sich perfekt an die Kniebeuge an, w\u00e4hrend die Verl\u00e4ngerungen, die in einem Bereich von 0 bis 30 Grad erh\u00e4ltlich sind, dabei helfen, den Knieschutz auf den gew\u00fcnschten maximalen \u00d6ffnungswinkel einzustellen<br \/>\nDie Edelstahlbuchsen des Vier-Punkt-Scharniersystems sind gegen Oxidation behandelt<br \/>\nNucleon PLASMA ist ein viskoelastisches Material, das aus biobasierten Polymeren entwickelt und zu einer Struktur geformt wurde, die in alle Richtungen flexibel ist und gleichzeitig die F\u00e4higkeit besitzt, Aufprallenergie abzubauen. Der leichte und gut bel\u00fcftete Knieschutz sorgt f\u00fcr eine starke Verteilung und Absorption der Aufprallkr\u00e4fte und bietet gleichzeitig maximalen Schutz in allen Fahrpositionen.<br \/>\nDie zentralen Schnallen an der Innenseite des Knies befinden sich innerhalb des Rahmens, um einen Kontakt mit dem Motorrad zu verhindern<br \/>\nDer Nucleon PLASMA Knieprotektor ist in eine innovative Hybrid-Rahmenkonstruktion integriert, die aus einem flexiblen Verbundmaterial besteht, das auf eine Hochleistungspolymermischung gespritzt wird. Dies sorgt f\u00fcr eine hervorragende Rahmensteifigkeit und bleibt gleichzeitig oben und unten an den Riemen flexibel.<br \/>\nDie austauschbaren, dreiteiligen Knieschoner bestehen aus einer Polyurethan-Au\u00dfenschale mit Nucleon PLASMA Schutzmittel, das eine optimale Kombination aus Aufprallschutz, Flexibilit\u00e4t und Kratzfestigkeit bietet<br \/>\nHergestellt aus sto\u00dfabsorbierendem, umweltfreundlichem und nachhaltigem Material<br \/>\nWeiches, thermogeformtes Futter sorgt f\u00fcr maximalen Komfort f\u00fcr den Reiter und h\u00e4lt den Knieschoner sicher an seinem Platz Austauschbar als Ersatzteil<br \/>\nDas weiche, thermogeformte Kondillarpolster ist in verschiedenen St\u00e4rken f\u00fcr eine individuelle Passform erh\u00e4ltlich. Als Ersatzteil austauschbar<br \/>\nAusgestattet mit vier einzelnen Riemen, die mit rutschfestem Material gef\u00fcttert sind, damit der Knieschoner w\u00e4hrend der Fahrt sicher an seinem Platz bleibt.<br \/>\nDie hochfesten Schnallen sind robust und dennoch flexibel, so dass sie leicht anzulegen und einzustellen sind<br \/>\nDie zentralen Schnallen lassen sich mit einem Schl\u00fcsselloch-Verschlusssystem leicht in der geschlossenen Position arretieren<br \/>\nDie zentralen Schnallen an der Innenseite des Knies befinden sich innerhalb des Rahmens, um einen Kontakt mit dem Motorrad zu verhindern<br \/>\nSpezifikationen: <\/p>\n<p>Die austauschbaren, dreiteiligen Polyurethan-Knieschalen sind mit Nucleon PLASMA Schutz ausgestattet, der eine optimale Kombination aus Aufprallschutz, Flexibilit\u00e4t und Kratzfestigkeit bietet<br \/>\nKnieschutz: EN 1621-1:2012, Stufe 1<\/p>\n","protected":false},"excerpt":{"rendered":"<p>Alpinestars RK-1 Plasma Knieorthese Die RK-1 PLASMA Kniest\u00fctze ist anatomisch geformt und f\u00fcr alle Arten von&#8230;<\/p>\n","protected":false},"featured_media":29516,"comment_status":"open","ping_status":"open","template":"","meta":{"_acf_changed":false},"brand":[2111],"gender":[],"product_brand":[],"product_cat":[2028,2267,2079],"product_tag":[],"class_list":{"0":"post-102306","1":"product","2":"type-product","3":"status-publish","4":"has-post-thumbnail","6":"brand-alpinestars-de","7":"product_cat-motocross-ausrustung","8":"product_cat-mx-knieschoner","9":"product_cat-mx-schilder","10":"pa_size-l-de","11":"pa_size-m-de","12":"pa_size-s-de","13":"pa_size-xl-de","15":"first","16":"instock","17":"sale","18":"taxable","19":"shipping-taxable","20":"purchasable","21":"product-type-variable"},"acf":[],"_links":{"self":[{"href":"https:\/\/moto-oprema.com\/de\/wp-json\/wp\/v2\/product\/102306","targetHints":{"allow":["GET"]}}],"collection":[{"href":"https:\/\/moto-oprema.com\/de\/wp-json\/wp\/v2\/product"}],"about":[{"href":"https:\/\/moto-oprema.com\/de\/wp-json\/wp\/v2\/types\/product"}],"replies":[{"embeddable":true,"href":"https:\/\/moto-oprema.com\/de\/wp-json\/wp\/v2\/comments?post=102306"}],"wp:featuredmedia":[{"embeddable":true,"href":"https:\/\/moto-oprema.com\/de\/wp-json\/wp\/v2\/media\/29516"}],"wp:attachment":[{"href":"https:\/\/moto-oprema.com\/de\/wp-json\/wp\/v2\/media?parent=102306"}],"wp:term":[{"taxonomy":"brand","embeddable":true,"href":"https:\/\/moto-oprema.com\/de\/wp-json\/wp\/v2\/brand?post=102306"},{"taxonomy":"gender","embeddable":true,"href":"https:\/\/moto-oprema.com\/de\/wp-json\/wp\/v2\/gender?post=102306"},{"taxonomy":"product_brand","embeddable":true,"href":"https:\/\/moto-oprema.com\/de\/wp-json\/wp\/v2\/product_brand?post=102306"},{"taxonomy":"product_cat","embeddable":true,"href":"https:\/\/moto-oprema.com\/de\/wp-json\/wp\/v2\/product_cat?post=102306"},{"taxonomy":"product_tag","embeddable":true,"href":"https:\/\/moto-oprema.com\/de\/wp-json\/wp\/v2\/product_tag?post=102306"}],"curies":[{"name":"wp","href":"https:\/\/api.w.org\/{rel}","templated":true}]}}