{"id":102284,"date":"2024-05-29T08:33:50","date_gmt":"2024-05-29T08:33:50","guid":{"rendered":"https:\/\/moto-oprema.com\/Artikel\/spidi-tour-net-herren-jacke-schwarz\/"},"modified":"2024-05-29T08:33:50","modified_gmt":"2024-05-29T08:33:50","slug":"spidi-tour-net-herren-jacke-schwarz","status":"publish","type":"product","link":"https:\/\/moto-oprema.com\/de\/Artikel\/spidi-tour-net-herren-jacke-schwarz\/","title":{"rendered":"SPIDI TOUR NET HERREN JACKE SCHWARZ"},"content":{"rendered":"<p>Wenn es ums Motorradfahren in w\u00e4rmeren Klimazonen geht, m\u00fcssen Sie auf dem Weg durch Ihre Abenteuer bel\u00fcftet und rehydriert bleiben. Das war der Zweck, den wir im Sinn hatten, als wir die leichte Tour Net Jacke entwarfen, eine mittellange Jacke, die Fahrern maximale Bel\u00fcftung und einen abenteuerlichen Look bietet. F\u00fcr die wichtige Bel\u00fcftung sorgen die Mesh-Eins\u00e4tze an Brust, Armen und R\u00fccken, die eine direkte Luftzirkulation erm\u00f6glichen und den Fahrer k\u00fchl halten, ohne die Sicherheit zu beeintr\u00e4chtigen. <\/p>\n<p>Die Jacke besteht aus hochfestem Polyester in Kombination mit Ripstop-Nylon, das eine gute Abrieb- und Schnittfestigkeit bietet: Die Tour Net ist CE-zertifiziert nach EN 17092-4:2020 Klasse A und ist mit herausnehmbaren Warrior Lite Level 2 Schulter- und Ellbogenpolstern ausgestattet, die CE-zertifiziert nach EN 1621-1:2012 sind. F\u00fcr zus\u00e4tzlichen R\u00fcckenschutz ist eine Warrior Serie Tasche erh\u00e4ltlich (separat erh\u00e4ltlich).  <\/p>\n<p>3M\u00ae Scotchlite\u00ae Reflektoren sind auf der Vorderseite, dem R\u00fccken und den Armen angebracht und sorgen f\u00fcr hervorragende Sichtbarkeit bei Nacht. Das ergonomische Anti-Flap-System an den Armen und das Clip Stop Jacket-to-Pants-System am unteren Teil der Jacke sorgen f\u00fcr hohen Fahrkomfort. <\/p>\n<p>Zwei Au\u00dfen- und eine Innentasche bieten reichlich Stauraum f\u00fcr all Ihre wichtigen Dinge.<\/p>\n<p>&nbsp;<\/p>\n<p>100% Polyester<\/p>\n","protected":false},"excerpt":{"rendered":"<p>Wenn es ums Motorradfahren in w\u00e4rmeren Klimazonen geht, m\u00fcssen Sie auf dem Weg durch Ihre Abenteuer&#8230;<\/p>\n","protected":false},"featured_media":29214,"comment_status":"open","ping_status":"open","template":"","meta":{"_acf_changed":false},"brand":[2124],"gender":[2168],"product_brand":[],"product_cat":[1357,2045,2048],"product_tag":[],"class_list":{"0":"post-102284","1":"product","2":"type-product","3":"status-publish","4":"has-post-thumbnail","6":"brand-spidi-de","7":"gender-moski-de","8":"product_cat-ausrustung-fur-motorradfahrer","9":"product_cat-jakne-de","10":"product_cat-textil-jacken","11":"pa_size-l-de","12":"pa_size-m-de","13":"pa_size-s-de","14":"pa_size-xl-de","15":"pa_size-xxl-de","16":"pa_size-xxxl-de","18":"first","19":"instock","20":"sale","21":"taxable","22":"shipping-taxable","23":"purchasable","24":"product-type-variable"},"acf":[],"_links":{"self":[{"href":"https:\/\/moto-oprema.com\/de\/wp-json\/wp\/v2\/product\/102284","targetHints":{"allow":["GET"]}}],"collection":[{"href":"https:\/\/moto-oprema.com\/de\/wp-json\/wp\/v2\/product"}],"about":[{"href":"https:\/\/moto-oprema.com\/de\/wp-json\/wp\/v2\/types\/product"}],"replies":[{"embeddable":true,"href":"https:\/\/moto-oprema.com\/de\/wp-json\/wp\/v2\/comments?post=102284"}],"wp:featuredmedia":[{"embeddable":true,"href":"https:\/\/moto-oprema.com\/de\/wp-json\/wp\/v2\/media\/29214"}],"wp:attachment":[{"href":"https:\/\/moto-oprema.com\/de\/wp-json\/wp\/v2\/media?parent=102284"}],"wp:term":[{"taxonomy":"brand","embeddable":true,"href":"https:\/\/moto-oprema.com\/de\/wp-json\/wp\/v2\/brand?post=102284"},{"taxonomy":"gender","embeddable":true,"href":"https:\/\/moto-oprema.com\/de\/wp-json\/wp\/v2\/gender?post=102284"},{"taxonomy":"product_brand","embeddable":true,"href":"https:\/\/moto-oprema.com\/de\/wp-json\/wp\/v2\/product_brand?post=102284"},{"taxonomy":"product_cat","embeddable":true,"href":"https:\/\/moto-oprema.com\/de\/wp-json\/wp\/v2\/product_cat?post=102284"},{"taxonomy":"product_tag","embeddable":true,"href":"https:\/\/moto-oprema.com\/de\/wp-json\/wp\/v2\/product_tag?post=102284"}],"curies":[{"name":"wp","href":"https:\/\/api.w.org\/{rel}","templated":true}]}}