{"id":102270,"date":"2024-05-09T09:15:01","date_gmt":"2024-05-09T09:15:01","guid":{"rendered":"https:\/\/moto-oprema.com\/Artikel\/alpinestars-speedflight-schuhe-schwarz-weiss\/"},"modified":"2024-05-09T09:15:01","modified_gmt":"2024-05-09T09:15:01","slug":"alpinestars-speedflight-schuhe-schwarz-weiss","status":"publish","type":"product","link":"https:\/\/moto-oprema.com\/de\/Artikel\/alpinestars-speedflight-schuhe-schwarz-weiss\/","title":{"rendered":"ALPINESTARS SPEEDFLIGHT SCHUHE SCHWARZ WEISS"},"content":{"rendered":"<p>Der Speedflight Performance Riding Shoe wurde von popul\u00e4ren Trends inspiriert. Er basiert auf Sporttrainern und enth\u00e4lt einen ausgekl\u00fcgelten Fahrschutz, um den perfekten Schuh f\u00fcr das Motorradfahren zu schaffen. Die bequemen Speedflight-Schuhe sind die perfekte Wahl f\u00fcr kurze Fahrten und Pendler, w\u00e4hrend sie gleichzeitig extrem leicht im Alltag zu tragen sind.<br \/>\nDie Speedflight-Schuhe bestehen aus einem leistungsstarken Ripstop-Obermaterial mit nahtlosen Verst\u00e4rkungseins\u00e4tzen und einem geformten, halbstarren Fersenbereich mit eingespritztem Schaumstoff und haben ein fortschrittliches und leichtes Hauptchassis. Der Schuh ist mit dem Alpinestars TPF<br \/>\nTransversal Protection Frame Zwischensohlensystem verst\u00e4rkt, das zwischen einer Dual-Density-Gummi-Au\u00dfensohle mit Vorfu\u00dfschutzw\u00e4nden, einer Komfortschicht und einer haltbaren und dennoch komfortablen EVA-Zwischensohle mit seitlichen Stabilisatoren liegt. Die Au\u00dfensohle enth\u00e4lt au\u00dferdem eine asymmetrische TPU-Fersenkappe f\u00fcr zus\u00e4tzlichen Schutz und Stabilit\u00e4t sowie eine herausnehmbare OrthoLite\u00ae-Einlegesohle f\u00fcr hervorragende Atmungsaktivit\u00e4t und ganzt\u00e4gigen Gehkomfort. Die Sohle selbst hat einen &#8222;aggressiveren&#8220; H\u00f6henunterschied von 10 mm zwischen der Ferse und den Zehen des Fahrers, was einen hohen Laufkomfort beim Absteigen vom Rad erm\u00f6glicht. In Kombination mit dem H\u00f6henunterschied von vorne nach hinten, der komprimierten EVA-Zwischensohle und den hohen Seitenw\u00e4nden sorgt der Speedflight f\u00fcr eine &#8222;eng anliegende Passform&#8220; und verbessert die Fu\u00dfstabilit\u00e4t f\u00fcr Gehkomfort, Schutz und Vertrauen beim Fahren.    <\/p>\n<p>&nbsp;<\/p>\n","protected":false},"excerpt":{"rendered":"<p>Der Speedflight Performance Riding Shoe wurde von popul\u00e4ren Trends inspiriert. Er basiert auf Sporttrainern und enth\u00e4lt&#8230;<\/p>\n","protected":false},"featured_media":28729,"comment_status":"open","ping_status":"closed","template":"","meta":{"_acf_changed":false},"brand":[2111],"gender":[2168],"product_brand":[],"product_cat":[1357,2043,2044],"product_tag":[],"class_list":{"0":"post-102270","1":"product","2":"type-product","3":"status-publish","4":"has-post-thumbnail","6":"brand-alpinestars-de","7":"gender-moski-de","8":"product_cat-ausrustung-fur-motorradfahrer","9":"product_cat-schuhe","10":"product_cat-urbanes-schuhwerk","11":"pa_velikost-skornji-us-10-543-5-de","12":"pa_velikost-skornji-us-1043-de","13":"pa_velikost-skornji-us-11-545-de","14":"pa_velikost-skornji-us-1144-de","15":"pa_velikost-skornji-us-12-546-de","16":"pa_velikost-skornji-us-1245-5-de","17":"pa_velikost-skornji-us-13-547-5-de","18":"pa_velikost-skornji-us-1347-de","19":"pa_velikost-skornji-us-6-538-5-de","20":"pa_velikost-skornji-us-638-de","21":"pa_velikost-skornji-us-7-540-de","22":"pa_velikost-skornji-us-739-de","23":"pa_velikost-skornji-us-8-541-de","24":"pa_velikost-skornji-us-840-5-de","25":"pa_velikost-skornji-us-9-542-5-de","26":"pa_velikost-skornji-us-942-de","28":"first","29":"instock","30":"sale","31":"taxable","32":"shipping-taxable","33":"purchasable","34":"product-type-variable"},"acf":[],"_links":{"self":[{"href":"https:\/\/moto-oprema.com\/de\/wp-json\/wp\/v2\/product\/102270","targetHints":{"allow":["GET"]}}],"collection":[{"href":"https:\/\/moto-oprema.com\/de\/wp-json\/wp\/v2\/product"}],"about":[{"href":"https:\/\/moto-oprema.com\/de\/wp-json\/wp\/v2\/types\/product"}],"replies":[{"embeddable":true,"href":"https:\/\/moto-oprema.com\/de\/wp-json\/wp\/v2\/comments?post=102270"}],"wp:featuredmedia":[{"embeddable":true,"href":"https:\/\/moto-oprema.com\/de\/wp-json\/wp\/v2\/media\/28729"}],"wp:attachment":[{"href":"https:\/\/moto-oprema.com\/de\/wp-json\/wp\/v2\/media?parent=102270"}],"wp:term":[{"taxonomy":"brand","embeddable":true,"href":"https:\/\/moto-oprema.com\/de\/wp-json\/wp\/v2\/brand?post=102270"},{"taxonomy":"gender","embeddable":true,"href":"https:\/\/moto-oprema.com\/de\/wp-json\/wp\/v2\/gender?post=102270"},{"taxonomy":"product_brand","embeddable":true,"href":"https:\/\/moto-oprema.com\/de\/wp-json\/wp\/v2\/product_brand?post=102270"},{"taxonomy":"product_cat","embeddable":true,"href":"https:\/\/moto-oprema.com\/de\/wp-json\/wp\/v2\/product_cat?post=102270"},{"taxonomy":"product_tag","embeddable":true,"href":"https:\/\/moto-oprema.com\/de\/wp-json\/wp\/v2\/product_tag?post=102270"}],"curies":[{"name":"wp","href":"https:\/\/api.w.org\/{rel}","templated":true}]}}