{"id":102167,"date":"2024-04-08T09:42:19","date_gmt":"2024-04-08T09:42:19","guid":{"rendered":"https:\/\/moto-oprema.com\/Artikel\/alpinestars-amt-7-air-hose-grau\/"},"modified":"2024-04-08T09:42:19","modified_gmt":"2024-04-08T09:42:19","slug":"alpinestars-amt-7-air-hose-grau","status":"publish","type":"product","link":"https:\/\/moto-oprema.com\/de\/Artikel\/alpinestars-amt-7-air-hose-grau\/","title":{"rendered":"ALPINESTARS AMT-7 AIR HOSE GRAU"},"content":{"rendered":"<p>Die Alpinestars AMT-7 Air Pants wurde entwickelt, um optimalen Schutz, Komfort, Bel\u00fcftung und Luftzirkulation bei hei\u00dfem Wetter zu bieten. Dabei kommen die fortschrittlichsten Materialtechnologien von Alpinestars zum Einsatz, darunter gro\u00dfe MATYRX\u00ae-Paneele, die den Luftstrom und die mechanische Leistung verbessern.<\/p>\n<p>(1) Diese Hose mit vollem Luftstrom bietet ein hohes Ma\u00df an Schutz.<br \/>\n2. stra\u00dfenspezifische Passform mit vorgeformten F\u00fc\u00dfen f\u00fcr maximalen Komfort und weniger Erm\u00fcdung.<br \/>\n3. strategische Laserperforationen f\u00fcr optimale Bel\u00fcftung.<br \/>\n4. CORDURA\u00ae Ripstop-Verst\u00e4rkung an den Knien f\u00fcr effektive Abriebfestigkeit.<br \/>\n5.MATRYX\u00ae Bel\u00fcftungseins\u00e4tze an der Au\u00dfenseite der Oberschenkel f\u00fcr k\u00fchlenden Luftstrom.<br \/>\n6.RIDEKNIT\u00ae Konstruktion an den Innenschenkeln und im Schritt f\u00fcr mehr Bewegungsfreiheit und bessere Luftzirkulation.<br \/>\n7. die Option, den Alpinestars AMT Drystar\u00aeXF Storm Gear f\u00fcr mehr Leistung bei allen Wetterbedingungen aufzur\u00fcsten.<br \/>\nWaschbare Ledereins\u00e4tze an den Innenseiten der Knie f\u00fcr besseren Kontakt mit dem Fahrrad w\u00e4hrend der Fahrt.<br \/>\nZus\u00e4tzlicher Stretcheinsatz in den Kniekehlen f\u00fcr optimalen Fahrerkomfort.<br \/>\nErgonomische, wasserdichte Oberschenkeltasche mit Rei\u00dfverschluss zur sicheren Aufbewahrung von Wertgegenst\u00e4nden.<br \/>\nVerstellbarer Magnetverschluss an der Taille f\u00fcr eine optimale Passform.<br \/>\nFestes Netzfutter f\u00fcr mehr Fahrerkomfort.<br \/>\nExterner Bund mit \u00be-Rei\u00dfverschluss zur sicheren Verbindung mit Alpinestars Jacken.<br \/>\nHohe Elastizit\u00e4t an der Innenseite der Wade f\u00fcr eine optimale Passform im und \u00fcber dem Schuh.<br \/>\nRobustes Netzfutter am ganzen K\u00f6rper und bequemes Futter an der Taille.<br \/>\nBio-Flex H\u00fcftprotektor f\u00fcr besseren Aufprallschutz.<\/p>\n","protected":false},"excerpt":{"rendered":"<p>Die Alpinestars AMT-7 Air Pants wurde entwickelt, um optimalen Schutz, Komfort, Bel\u00fcftung und Luftzirkulation bei hei\u00dfem&#8230;<\/p>\n","protected":false},"featured_media":27988,"comment_status":"open","ping_status":"open","template":"","meta":{"_acf_changed":false},"brand":[2111],"gender":[],"product_brand":[],"product_cat":[1357,2189,2211],"product_tag":[],"class_list":{"0":"post-102167","1":"product","2":"type-product","3":"status-publish","4":"has-post-thumbnail","6":"brand-alpinestars-de","7":"product_cat-ausrustung-fur-motorradfahrer","8":"product_cat-hose","9":"product_cat-textil-hose","10":"pa_velikost-st-l-de","11":"pa_velikost-st-m-de","12":"pa_velikost-st-s-de","13":"pa_velikost-st-xl-de","14":"pa_velikost-st-xxl-de","15":"pa_velikost-st-xxxl-de","17":"first","18":"onbackorder","19":"sale","20":"taxable","21":"shipping-taxable","22":"purchasable","23":"product-type-variable"},"acf":[],"_links":{"self":[{"href":"https:\/\/moto-oprema.com\/de\/wp-json\/wp\/v2\/product\/102167","targetHints":{"allow":["GET"]}}],"collection":[{"href":"https:\/\/moto-oprema.com\/de\/wp-json\/wp\/v2\/product"}],"about":[{"href":"https:\/\/moto-oprema.com\/de\/wp-json\/wp\/v2\/types\/product"}],"replies":[{"embeddable":true,"href":"https:\/\/moto-oprema.com\/de\/wp-json\/wp\/v2\/comments?post=102167"}],"wp:featuredmedia":[{"embeddable":true,"href":"https:\/\/moto-oprema.com\/de\/wp-json\/wp\/v2\/media\/27988"}],"wp:attachment":[{"href":"https:\/\/moto-oprema.com\/de\/wp-json\/wp\/v2\/media?parent=102167"}],"wp:term":[{"taxonomy":"brand","embeddable":true,"href":"https:\/\/moto-oprema.com\/de\/wp-json\/wp\/v2\/brand?post=102167"},{"taxonomy":"gender","embeddable":true,"href":"https:\/\/moto-oprema.com\/de\/wp-json\/wp\/v2\/gender?post=102167"},{"taxonomy":"product_brand","embeddable":true,"href":"https:\/\/moto-oprema.com\/de\/wp-json\/wp\/v2\/product_brand?post=102167"},{"taxonomy":"product_cat","embeddable":true,"href":"https:\/\/moto-oprema.com\/de\/wp-json\/wp\/v2\/product_cat?post=102167"},{"taxonomy":"product_tag","embeddable":true,"href":"https:\/\/moto-oprema.com\/de\/wp-json\/wp\/v2\/product_tag?post=102167"}],"curies":[{"name":"wp","href":"https:\/\/api.w.org\/{rel}","templated":true}]}}