{"id":102152,"date":"2024-04-25T07:27:39","date_gmt":"2024-04-25T07:27:39","guid":{"rendered":"https:\/\/moto-oprema.com\/Artikel\/alpinestars-schneller-3-rideknit-schuhe-blk-gy-red\/"},"modified":"2024-04-25T07:27:39","modified_gmt":"2024-04-25T07:27:39","slug":"alpinestars-schneller-3-rideknit-schuhe-blk-gy-red","status":"publish","type":"product","link":"https:\/\/moto-oprema.com\/de\/Artikel\/alpinestars-schneller-3-rideknit-schuhe-blk-gy-red\/","title":{"rendered":"ALPINESTARS SCHNELLER 3 RIDEKNIT SCHUHE BLK\/GY\/RED"},"content":{"rendered":"<p><span style=\"font-family: arial, helvetica, sans-serif;font-size: small\">Schmales Profil, leichtes und strapazierf\u00e4higes \u00c4u\u00dferes aus Mikrofaser, TPR-Kn\u00f6chelpolster, integrierte Metallplatte in der Sohle f\u00fcr besseren Fallschutz, &#8230;<br \/>\n<\/span><span style=\"font-family: arial, helvetica, sans-serif;font-size: small\"><b><br \/>\nZusammensetzung des Rohmaterials:  <\/b><\/span><span id=\"result_box\" lang=\"sl\" xml_lang=\"sl\"><\/span><span style=\"font-family: arial, helvetica, sans-serif;font-size: small\"><br \/>\nObermaterial: Wildleder und synthetisches Material. Futter: Teflon-Mesh und Cambrelle. Sohle: Gummi  <\/span><\/p>\n","protected":false},"excerpt":{"rendered":"<p>Schmales Profil, leichtes und strapazierf\u00e4higes \u00c4u\u00dferes aus Mikrofaser, TPR-Kn\u00f6chelpolster, integrierte Metallplatte in der Sohle f\u00fcr besseren&#8230;<\/p>\n","protected":false},"featured_media":28336,"comment_status":"open","ping_status":"closed","template":"","meta":{"_acf_changed":false},"brand":[2111],"gender":[2168],"product_brand":[],"product_cat":[1357,2043,2044],"product_tag":[],"class_list":{"0":"post-102152","1":"product","2":"type-product","3":"status-publish","4":"has-post-thumbnail","6":"brand-alpinestars-de","7":"gender-moski-de","8":"product_cat-ausrustung-fur-motorradfahrer","9":"product_cat-schuhe","10":"product_cat-urbanes-schuhwerk","11":"pa_velikost-skornji-us-10-543-5-de","12":"pa_velikost-skornji-us-1043-de","13":"pa_velikost-skornji-us-11-545-de","14":"pa_velikost-skornji-us-1144-de","15":"pa_velikost-skornji-us-12-546-de","16":"pa_velikost-skornji-us-1245-5-de","17":"pa_velikost-skornji-us-13-547-5-de","18":"pa_velikost-skornji-us-1347-de","19":"pa_velikost-skornji-us-7-540-de","20":"pa_velikost-skornji-us-739-de","21":"pa_velikost-skornji-us-840-5-de","22":"pa_velikost-skornji-us-9-542-5-de","23":"pa_velikost-skornji-us-942-de","25":"first","26":"instock","27":"sale","28":"taxable","29":"shipping-taxable","30":"purchasable","31":"product-type-variable"},"acf":[],"_links":{"self":[{"href":"https:\/\/moto-oprema.com\/de\/wp-json\/wp\/v2\/product\/102152","targetHints":{"allow":["GET"]}}],"collection":[{"href":"https:\/\/moto-oprema.com\/de\/wp-json\/wp\/v2\/product"}],"about":[{"href":"https:\/\/moto-oprema.com\/de\/wp-json\/wp\/v2\/types\/product"}],"replies":[{"embeddable":true,"href":"https:\/\/moto-oprema.com\/de\/wp-json\/wp\/v2\/comments?post=102152"}],"wp:featuredmedia":[{"embeddable":true,"href":"https:\/\/moto-oprema.com\/de\/wp-json\/wp\/v2\/media\/28336"}],"wp:attachment":[{"href":"https:\/\/moto-oprema.com\/de\/wp-json\/wp\/v2\/media?parent=102152"}],"wp:term":[{"taxonomy":"brand","embeddable":true,"href":"https:\/\/moto-oprema.com\/de\/wp-json\/wp\/v2\/brand?post=102152"},{"taxonomy":"gender","embeddable":true,"href":"https:\/\/moto-oprema.com\/de\/wp-json\/wp\/v2\/gender?post=102152"},{"taxonomy":"product_brand","embeddable":true,"href":"https:\/\/moto-oprema.com\/de\/wp-json\/wp\/v2\/product_brand?post=102152"},{"taxonomy":"product_cat","embeddable":true,"href":"https:\/\/moto-oprema.com\/de\/wp-json\/wp\/v2\/product_cat?post=102152"},{"taxonomy":"product_tag","embeddable":true,"href":"https:\/\/moto-oprema.com\/de\/wp-json\/wp\/v2\/product_tag?post=102152"}],"curies":[{"name":"wp","href":"https:\/\/api.w.org\/{rel}","templated":true}]}}