{"id":102085,"date":"2024-04-04T07:19:33","date_gmt":"2024-04-04T07:19:33","guid":{"rendered":"https:\/\/moto-oprema.com\/Artikel\/alpinestars-stated-motorradstiefel-schwarz\/"},"modified":"2024-04-04T07:19:33","modified_gmt":"2024-04-04T07:19:33","slug":"alpinestars-stated-motorradstiefel-schwarz","status":"publish","type":"product","link":"https:\/\/moto-oprema.com\/de\/Artikel\/alpinestars-stated-motorradstiefel-schwarz\/","title":{"rendered":"ALPINESTARS STATED MOTORRADSTIEFEL SCHWARZ"},"content":{"rendered":"<p>Alpinestars Stated Motorradstiefel<\/p>\n<p>Die Stated Schuhe sind Alpinestars&#8216; moderne Interpretation von Retro-Stra\u00dfensneakern. Sie kombinieren den Stil minimalistischer Skateschuhe mit einer vulkanisierten Sohle, um einen sch\u00fctzenden und dennoch extrem bequemen Motorradschuh mit einem reduzierten, kantigen Stil zu schaffen, der in jeder urbanen Umgebung gut aussieht.<\/p>\n<p>Merkmale:<\/p>\n<p>Das Haupt-Obermaterial besteht aus Nubuk, Canvas und geteiltem Wildleder f\u00fcr eine optimale Kombination aus Haltbarkeit und Komfort<br \/>\nGeteilte S\u00e4mischleder f\u00fcr erh\u00f6hte Haltbarkeit<br \/>\nKlassischer Schn\u00fcrverschluss vorne mit seitlichem Rei\u00dfverschluss f\u00fcr eine sichere und pr\u00e4zise Passform<br \/>\nKn\u00f6chelkragen aus weichem, gestricktem Mesh f\u00fcr mehr Fahrerkomfort<br \/>\nZweischichtige Zwischensohle f\u00fcr optimalen Komfort und Halt<br \/>\nAlpinestars vulkanisierte Gummi-Au\u00dfensohle mit Bandage f\u00fcr optimalen Halt und Komfort auf und neben dem Rad<br \/>\nOrthoLite\u00ae Einlegesohle bietet lang anhaltende D\u00e4mpfung, hohe Atmungsaktivit\u00e4t und Komfort<br \/>\nEingebaute Dual-Density-Kn\u00f6chelscheiben f\u00fcr Aufprallschutz mit externer mehrschichtiger Polsterung f\u00fcr zus\u00e4tzlichen Schutz<br \/>\nAlpinestars Transverse Protection Frame (TPF) sch\u00fctzt den Fu\u00df und sorgt f\u00fcr den n\u00f6tigen Halt an der Sohle, ohne die Vorfu\u00dfflexion f\u00fcr \u00fcberragenden Laufkomfort zu beeintr\u00e4chtigen.<br \/>\nSpezifikationen:<\/p>\n<p>Schutzschuhe f\u00fcr Motorradfahrer (EN 13634:2017)<\/p>\n","protected":false},"excerpt":{"rendered":"<p>Alpinestars Stated Motorradstiefel Die Stated Schuhe sind Alpinestars&#8216; moderne Interpretation von Retro-Stra\u00dfensneakern. Sie kombinieren den Stil&#8230;<\/p>\n","protected":false},"featured_media":27817,"comment_status":"open","ping_status":"open","template":"","meta":{"_acf_changed":false},"brand":[2111],"gender":[],"product_brand":[],"product_cat":[1357,2043,2044],"product_tag":[],"class_list":{"0":"post-102085","1":"product","2":"type-product","3":"status-publish","4":"has-post-thumbnail","6":"brand-alpinestars-de","7":"product_cat-ausrustung-fur-motorradfahrer","8":"product_cat-schuhe","9":"product_cat-urbanes-schuhwerk","10":"pa_velikost-skornji-us-1043-de","11":"pa_velikost-skornji-us-1144-de","12":"pa_velikost-skornji-us-12-546-de","13":"pa_velikost-skornji-us-1245-5-de","14":"pa_velikost-skornji-us-13-547-5-de","15":"pa_velikost-skornji-us-1347-de","16":"pa_velikost-skornji-us-1448-de","17":"pa_velikost-skornji-us-6-538-5-de","18":"pa_velikost-skornji-us-638-de","19":"pa_velikost-skornji-us-739-de","20":"pa_velikost-skornji-us-840-5-de","21":"pa_velikost-skornji-us-942-de","23":"first","24":"instock","25":"sale","26":"taxable","27":"shipping-taxable","28":"purchasable","29":"product-type-variable"},"acf":[],"_links":{"self":[{"href":"https:\/\/moto-oprema.com\/de\/wp-json\/wp\/v2\/product\/102085","targetHints":{"allow":["GET"]}}],"collection":[{"href":"https:\/\/moto-oprema.com\/de\/wp-json\/wp\/v2\/product"}],"about":[{"href":"https:\/\/moto-oprema.com\/de\/wp-json\/wp\/v2\/types\/product"}],"replies":[{"embeddable":true,"href":"https:\/\/moto-oprema.com\/de\/wp-json\/wp\/v2\/comments?post=102085"}],"wp:featuredmedia":[{"embeddable":true,"href":"https:\/\/moto-oprema.com\/de\/wp-json\/wp\/v2\/media\/27817"}],"wp:attachment":[{"href":"https:\/\/moto-oprema.com\/de\/wp-json\/wp\/v2\/media?parent=102085"}],"wp:term":[{"taxonomy":"brand","embeddable":true,"href":"https:\/\/moto-oprema.com\/de\/wp-json\/wp\/v2\/brand?post=102085"},{"taxonomy":"gender","embeddable":true,"href":"https:\/\/moto-oprema.com\/de\/wp-json\/wp\/v2\/gender?post=102085"},{"taxonomy":"product_brand","embeddable":true,"href":"https:\/\/moto-oprema.com\/de\/wp-json\/wp\/v2\/product_brand?post=102085"},{"taxonomy":"product_cat","embeddable":true,"href":"https:\/\/moto-oprema.com\/de\/wp-json\/wp\/v2\/product_cat?post=102085"},{"taxonomy":"product_tag","embeddable":true,"href":"https:\/\/moto-oprema.com\/de\/wp-json\/wp\/v2\/product_tag?post=102085"}],"curies":[{"name":"wp","href":"https:\/\/api.w.org\/{rel}","templated":true}]}}