{"id":102019,"date":"2024-01-16T09:04:49","date_gmt":"2024-01-16T09:04:49","guid":{"rendered":"https:\/\/moto-oprema.com\/Artikel\/alpinestars-amt-10r-ds-xf-hose-sand\/"},"modified":"2024-01-16T09:04:49","modified_gmt":"2024-01-16T09:04:49","slug":"alpinestars-amt-10r-ds-xf-hose-sand","status":"publish","type":"product","link":"https:\/\/moto-oprema.com\/de\/Artikel\/alpinestars-amt-10r-ds-xf-hose-sand\/","title":{"rendered":"ALPINESTARS AMT-10R DS XF HOSE SAND"},"content":{"rendered":"<p>Alpinestars AMT-10 R Drystar\u00ae XF wasserdichte Motorradhose aus Textil<\/p>\n<p>Die AMT-10R Drystar\u00aeXF Hose wurde entwickelt, um optimalen Schutz, Wetterschutz und Komfort bei extremen Abenteuerbedingungen zu bieten. Diese Hose ist bekannt f\u00fcr ihre Strapazierf\u00e4higkeit. Die AMT-10R Hose ist die beste Wahl f\u00fcr alle, die gerne anspruchsvolle Abenteuer erleben und das Terrain erkunden, insbesondere dank des neuen robusten Flynet-Aramid-Netzleders und der hochfesten, bel\u00fcfteten Matryx\u00ae-Strukturteile. Diese Hose stellt einen neuen Ansatz f\u00fcr fortschrittliche Allwetter-Motorradbekleidung dar und verwendet eine modulare Konstruktion und die neuesten Materialtechnologien. Die Hose ist mit der laminierten, wasserdichten und hoch atmungsaktiven 2L Drystar\u00aeXF-Membran von Alpinestars ausgestattet, die eine effiziente und vollst\u00e4ndig wasserdichte Leistung bei allen Wetterbedingungen gew\u00e4hrleistet. Die Hose passt sich allen Arten von Fahrten und Wetterbedingungen an, von kurzen bis zu langen Strecken und warmen oder nassen Wetterbedingungen. Die AMT-10R Hose verf\u00fcgt \u00fcber gro\u00dfe, verstellbare, direkt zu \u00f6ffnende Bel\u00fcftungspaneele an den Oberschenkeln, die hochgerollt und in den Kniekehlen positioniert werden k\u00f6nnen und so eine teilweise Luftzirkulation in der Hose erm\u00f6glichen. Dank des leichten MATRYX\u00ae-Materials, das extrem abriebfest, rei\u00dffest und atmungsaktiv ist, bietet die bel\u00fcftete Hose dennoch maximalen Schutz. Die AMT-10R Hose verwendet eine moderne Materialmischung f\u00fcr maximale Leistung und bietet Vielseitigkeit, so dass Tourenradfahrer den Schuh sowohl innerhalb als auch au\u00dferhalb der Hose tragen k\u00f6nnen.       <\/p>\n<p>Merkmale:<\/p>\n<p>MATYRX\u00ae Paneel f\u00fcr verbesserte Luftzirkulation und mechanische Leistung.<br \/>\nWeiches Leder, verst\u00e4rkt mit DuPont\u2122 Flynet Technologie mit Aramidnetz f\u00fcr hohe Abriebfestigkeit in exponierten Bereichen.<br \/>\nRIDEKNIT\u00ae Komfortzone, strategisch platziert hinter den Knien f\u00fcr verbesserten Komfort, Flexibilit\u00e4t und Dehnung und ein hohes Ma\u00df an Abrieb- und Rei\u00dffestigkeit.<br \/>\nDrystar\u00aeXF modular laminierte Membran bietet hervorragende Atmungsaktivit\u00e4t. Die Membrane ist mit einer hydrophilen Technologie ausgestattet, die es erm\u00f6glicht, die vom K\u00f6rper aufgenommene Feuchtigkeit an der Au\u00dfenseite zu desorbieren und so eine vollst\u00e4ndige Wasserdichtigkeit zu gew\u00e4hrleisten. Sie l\u00e4sst sich leicht einpacken und trocknet schnell.<br \/>\nSuperFabric\u00ae-Verst\u00e4rkungen an exponierten Stellen und laminierte 450D-Hardshell-Konstruktion f\u00fcr verbesserte Strapazierf\u00e4higkeit.<br \/>\nElastischer R\u00fcckenbund mit eingebauten Taillenverstellm\u00f6glichkeiten f\u00fcr eine optimale Passform.<br \/>\nErgonomisch geformte, wasserabweisende Tasche und zwei Fronttaschen mit Rei\u00dfverschluss f\u00fcr einfache Handhabung und zus\u00e4tzliche Aufbewahrungsm\u00f6glichkeiten auf langen Fahrten.<br \/>\nElastischer Unterschenkel f\u00fcr beste Passform und optimalen Komfort, unabh\u00e4ngig von der Art des Schuhwerks.<br \/>\nNucleon Flex Pro Level 2 Kniepanzer und Bio-Flex Kniepanzer f\u00fcr effektiven Aufprallschutz.<br \/>\nDie ma\u00dfgeschneiderte ergonomische Passform passt sich allen Reitbewegungen an.<br \/>\nReflektierende Verzierungen am Unterschenkel.<br \/>\nKategorie II EN17092 &#8211; Klasse AA.<br \/>\nMATERIALZUSAMMENSETZUNG:<br \/>\nMaterial: 91% Polyester, 6% Rindsleder, 3% Polyamid; Futter: 100% Polyester.<\/p>\n","protected":false},"excerpt":{"rendered":"<p>Alpinestars AMT-10 R Drystar\u00ae XF wasserdichte Motorradhose aus Textil Die AMT-10R Drystar\u00aeXF Hose wurde entwickelt, um&#8230;<\/p>\n","protected":false},"featured_media":25717,"comment_status":"open","ping_status":"open","template":"","meta":{"_acf_changed":false},"brand":[2111],"gender":[],"product_brand":[],"product_cat":[1357,2189,2211],"product_tag":[],"class_list":{"0":"post-102019","1":"product","2":"type-product","3":"status-publish","4":"has-post-thumbnail","6":"brand-alpinestars-de","7":"product_cat-ausrustung-fur-motorradfahrer","8":"product_cat-hose","9":"product_cat-textil-hose","10":"pa_velikost-st-l-de","11":"pa_velikost-st-m-de","12":"pa_velikost-st-s-de","13":"pa_velikost-st-xl-de","14":"pa_velikost-st-xxl-de","15":"pa_velikost-st-xxxl-de","17":"first","18":"instock","19":"sale","20":"taxable","21":"shipping-taxable","22":"purchasable","23":"product-type-variable"},"acf":[],"_links":{"self":[{"href":"https:\/\/moto-oprema.com\/de\/wp-json\/wp\/v2\/product\/102019","targetHints":{"allow":["GET"]}}],"collection":[{"href":"https:\/\/moto-oprema.com\/de\/wp-json\/wp\/v2\/product"}],"about":[{"href":"https:\/\/moto-oprema.com\/de\/wp-json\/wp\/v2\/types\/product"}],"replies":[{"embeddable":true,"href":"https:\/\/moto-oprema.com\/de\/wp-json\/wp\/v2\/comments?post=102019"}],"wp:featuredmedia":[{"embeddable":true,"href":"https:\/\/moto-oprema.com\/de\/wp-json\/wp\/v2\/media\/25717"}],"wp:attachment":[{"href":"https:\/\/moto-oprema.com\/de\/wp-json\/wp\/v2\/media?parent=102019"}],"wp:term":[{"taxonomy":"brand","embeddable":true,"href":"https:\/\/moto-oprema.com\/de\/wp-json\/wp\/v2\/brand?post=102019"},{"taxonomy":"gender","embeddable":true,"href":"https:\/\/moto-oprema.com\/de\/wp-json\/wp\/v2\/gender?post=102019"},{"taxonomy":"product_brand","embeddable":true,"href":"https:\/\/moto-oprema.com\/de\/wp-json\/wp\/v2\/product_brand?post=102019"},{"taxonomy":"product_cat","embeddable":true,"href":"https:\/\/moto-oprema.com\/de\/wp-json\/wp\/v2\/product_cat?post=102019"},{"taxonomy":"product_tag","embeddable":true,"href":"https:\/\/moto-oprema.com\/de\/wp-json\/wp\/v2\/product_tag?post=102019"}],"curies":[{"name":"wp","href":"https:\/\/api.w.org\/{rel}","templated":true}]}}