{"id":102018,"date":"2024-01-16T10:17:44","date_gmt":"2024-01-16T10:17:44","guid":{"rendered":"https:\/\/moto-oprema.com\/Artikel\/alpinestars-bogota-pro-4-jahreszeit-ds-hose-schwarz\/"},"modified":"2024-01-16T10:17:44","modified_gmt":"2024-01-16T10:17:44","slug":"alpinestars-bogota-pro-4-jahreszeit-ds-hose-schwarz","status":"publish","type":"product","link":"https:\/\/moto-oprema.com\/de\/Artikel\/alpinestars-bogota-pro-4-jahreszeit-ds-hose-schwarz\/","title":{"rendered":"ALPINESTARS BOGOTA PRO 4 JAHRESZEIT DS HOSE SCHWARZ"},"content":{"rendered":"<p>Alpinestars Bogota Pro Drystar 4 Jahreszeiten Wasserdichte Textil-Motorrad-Hose<\/p>\n<p>Die Bogota Pro Drystar 4 Seasons Mehrjahreshose wurde entwickelt, um optimalen Schutz, Wetterschutz und Komfort zu bieten. Sie ist mit der technischen, wasserdichten und hoch atmungsaktiven Drystar\u00ae-Membran von Alpinestars ausgestattet und verf\u00fcgt \u00fcber gro\u00dfe, direkte Bel\u00fcftungs\u00f6ffnungen an den Oberschenkeln f\u00fcr eine effiziente Leistung. Die Hose besteht aus leichtem Micro Ripstop und 600D Polygewebe f\u00fcr erh\u00f6hte Strapazierf\u00e4higkeit und ist mit Nucleon Flex Pro Kniesch\u00fctzern f\u00fcr effektiven Aufprallschutz ausgestattet. <\/p>\n<p>Merkmale:<\/p>\n<p>Das integrierte Drystar\u00ae-Laminatfutter sorgt f\u00fcr ausgezeichnete Atmungsaktivit\u00e4t und hervorragende Leistung bei nassem Wetter.<br \/>\nDas Drystar\u00ae Innenfutter kann \u00fcber oder unter der Hauptau\u00dfenh\u00fclle getragen werden und ist somit praktisch und vielseitig einsetzbar.<br \/>\nDurable Water Repellent (DWR)-Behandlung f\u00fcr verbesserte Leistung bei nassen Bedingungen.<br \/>\nHergestellt aus 100% recycelten Materialien.<br \/>\nDas Liner-to-Drop-System erm\u00f6glicht es Ihnen, die Hose an die jeweiligen Bedingungen anzupassen, und ist dabei schnell und einfach zu bedienen.<br \/>\nBreite Bel\u00fcftungseins\u00e4tze sorgen f\u00fcr eine effektive Klimakontrolle unter allen Bedingungen.<br \/>\nMikro-Ripstop und laminiertes 450D-Recycling-Au\u00dfenmaterial f\u00fcr geringes Gewicht und verbesserte Haltbarkeit.<br \/>\n600D-Verst\u00e4rkungen f\u00fcr erh\u00f6hte Strapazierf\u00e4higkeit in wichtigen Bereichen.<br \/>\nGro\u00dfe Stretcheins\u00e4tze f\u00fcr optimale Bewegungsfreiheit und bessere Passform.<br \/>\nHerausnehmbare 100 g Thermofutter an den Oberschenkeln und 80 g an den Unterschenkeln erm\u00f6glichen es Ihnen, die Hose an die Bedingungen anzupassen.<br \/>\nEinhand-Direktl\u00fcftungspanel f\u00fcr schnelle und effiziente Klimakontrolle unterwegs.<br \/>\nZwei Schlitztaschen zur sicheren Aufbewahrung von Wertsachen.<br \/>\nG\u00fcrtelversteller und Wadenumfangsversteller f\u00fcr optimale Passform.<br \/>\nEntwickelt mit einer ma\u00dfgeschneiderten, ergonomischen Passform, die sich an alle Fahrbewegungen anpasst.<br \/>\nReflektierende Details am Unterschenkel.<\/p>\n<p>Sch\u00fctzende Elemente:<\/p>\n<p>F\u00fcr effektiven Aufprallschutz: der Nucleon Flex Pro Knieprotektor und der Bio-Flex H\u00fcftprotektor.<br \/>\nNucleon Flex Pro Level 2 Knieprotektor und Bio-Flex H\u00fcftprotektor f\u00fcr effektiven Aufprallschutz.<br \/>\nKategorie II Normen EN17092 &#8211; Klasse AA. <\/p>\n<p>MATERIALZUSAMMENSETZUNG:<br \/>\nMaterial: 57 % Polyamid, 43 % Polyester; Futter: 100 % Polyester<\/p>\n","protected":false},"excerpt":{"rendered":"<p>Alpinestars Bogota Pro Drystar 4 Jahreszeiten Wasserdichte Textil-Motorrad-Hose Die Bogota Pro Drystar 4 Seasons Mehrjahreshose wurde&#8230;<\/p>\n","protected":false},"featured_media":25769,"comment_status":"open","ping_status":"open","template":"","meta":{"_acf_changed":false},"brand":[2111],"gender":[2168],"product_brand":[],"product_cat":[1357,2189,2211],"product_tag":[],"class_list":{"0":"post-102018","1":"product","2":"type-product","3":"status-publish","4":"has-post-thumbnail","6":"brand-alpinestars-de","7":"gender-moski-de","8":"product_cat-ausrustung-fur-motorradfahrer","9":"product_cat-hose","10":"product_cat-textil-hose","11":"pa_velikost-st-l-de","12":"pa_velikost-st-m-de","13":"pa_velikost-st-s-de","14":"pa_velikost-st-xl-de","15":"pa_velikost-st-xxl-de","16":"pa_velikost-st-xxxl-de","18":"first","19":"onbackorder","20":"sale","21":"taxable","22":"shipping-taxable","23":"purchasable","24":"product-type-variable"},"acf":[],"_links":{"self":[{"href":"https:\/\/moto-oprema.com\/de\/wp-json\/wp\/v2\/product\/102018","targetHints":{"allow":["GET"]}}],"collection":[{"href":"https:\/\/moto-oprema.com\/de\/wp-json\/wp\/v2\/product"}],"about":[{"href":"https:\/\/moto-oprema.com\/de\/wp-json\/wp\/v2\/types\/product"}],"replies":[{"embeddable":true,"href":"https:\/\/moto-oprema.com\/de\/wp-json\/wp\/v2\/comments?post=102018"}],"wp:featuredmedia":[{"embeddable":true,"href":"https:\/\/moto-oprema.com\/de\/wp-json\/wp\/v2\/media\/25769"}],"wp:attachment":[{"href":"https:\/\/moto-oprema.com\/de\/wp-json\/wp\/v2\/media?parent=102018"}],"wp:term":[{"taxonomy":"brand","embeddable":true,"href":"https:\/\/moto-oprema.com\/de\/wp-json\/wp\/v2\/brand?post=102018"},{"taxonomy":"gender","embeddable":true,"href":"https:\/\/moto-oprema.com\/de\/wp-json\/wp\/v2\/gender?post=102018"},{"taxonomy":"product_brand","embeddable":true,"href":"https:\/\/moto-oprema.com\/de\/wp-json\/wp\/v2\/product_brand?post=102018"},{"taxonomy":"product_cat","embeddable":true,"href":"https:\/\/moto-oprema.com\/de\/wp-json\/wp\/v2\/product_cat?post=102018"},{"taxonomy":"product_tag","embeddable":true,"href":"https:\/\/moto-oprema.com\/de\/wp-json\/wp\/v2\/product_tag?post=102018"}],"curies":[{"name":"wp","href":"https:\/\/api.w.org\/{rel}","templated":true}]}}