{"id":102002,"date":"2024-01-16T08:52:06","date_gmt":"2024-01-16T08:52:06","guid":{"rendered":"https:\/\/moto-oprema.com\/Artikel\/alpinestars-amt-10r-ds-xf-jakna-sand\/"},"modified":"2024-01-16T08:52:06","modified_gmt":"2024-01-16T08:52:06","slug":"alpinestars-amt-10r-ds-xf-jakna-sand","status":"publish","type":"product","link":"https:\/\/moto-oprema.com\/de\/Artikel\/alpinestars-amt-10r-ds-xf-jakna-sand\/","title":{"rendered":"ALPINESTARS AMT-10R DS XF JAKNA SAND"},"content":{"rendered":"<p>Alpinestars AMT-10 R Drystar XF wasserdichte Motorradjacke aus Textil<\/p>\n<p>Die modulare Jacke AMT-10R wurde entwickelt, um das ganze Jahr \u00fcber \u00fcberragenden Schutz und unvergleichliche Benutzerfreundlichkeit zu bieten und sich an extreme Wetterbedingungen anzupassen. Die &#8222;R&#8220;-Version der AMT-10 bietet mit Verst\u00e4rkungen und zus\u00e4tzlichem Stauraum zus\u00e4tzliche Leistung im Gel\u00e4nde &#8211; perfekt f\u00fcr leidenschaftliche Abenteurer, die auf Entdeckungsreise gehen wollen. Die innovative AMT-10R Jacke ist ein neuer Ansatz f\u00fcr fortschrittliche Allwetter-Motorradbekleidung und verf\u00fcgt \u00fcber einen modularen Aufbau. Unter Verwendung der neuesten Materialtechnologien wie SuperFabric\u00ae, Drystar\u00aeXF, MATRYX\u00ae, Rideknit\u00ae und ledergebundenem Aramid Flynet bietet die Jacke erstklassige Sicherheitsleistung, Klimamanagement, Vielseitigkeit und Komfort sowie SuperFabric\u00ae-Au\u00dfenverst\u00e4rkungen f\u00fcr erh\u00f6hte Haltbarkeit und optimierte Ergonomie. Ausgestattet mit der neuen laminierten, wasserdichten und hoch atmungsaktiven 2,5-Lagen DrystarXF\u00ae-Membran von Alpinestars, ist die AMT-10R Drystar\u00aeXF Mehrjahresjacke f\u00fcr effiziente Allwetterleistung und \u00fcberragenden Komfort bei allen Wetterbedingungen, ob nass oder trocken, konzipiert. Die Jacke kann zu 100 % wasserdicht sein und \u00fcber eine regulierbare direkte Bel\u00fcftung verf\u00fcgen. Sie l\u00e4sst sich aber auch ganz einfach in eine vollst\u00e4ndig bel\u00fcftete Jacke umwandeln, wobei das h\u00f6chstm\u00f6gliche Ma\u00df an Schutz erhalten bleibt.     <\/p>\n<p>Merkmale:<\/p>\n<p>Die AMT-10R Jacke ist Tech-Air\u00ae ready und hat eine ma\u00dfgeschneiderte Passform, die maximalen Schutz f\u00fcr den gesamten Oberk\u00f6rper bietet.<br \/>\nDrystar\u00aeXF (Extra Flow) modular laminierte Membran bietet hervorragende Atmungsaktivit\u00e4t und umfassendes Feuchtigkeitsmanagement. Die Membran der Jacke ist mit einer wasserabweisenden Technologie ausgestattet, um vollst\u00e4ndige Wasserdichtigkeit zu gew\u00e4hrleisten. Die Jacke ist leicht zu packen und trocknet schnell. Die wichtigsten Eigenschaften der Drystar\u00aeXF-Membran sind 100%ige Wasserdichtigkeit, hohe Atmungsaktivit\u00e4t bei trockenen und nassen Bedingungen, geringes Gewicht und hoher Tragekomfort.<br \/>\nBei w\u00e4rmerem Wetter k\u00f6nnen Sie die Jacke schnell in eine Sommer- oder Airflow-Jacke umwandeln, indem Sie das laminierte Drystar\u00aeXF-Regenpaneel komplett entfernen, das bei Nichtgebrauch bequem in der gro\u00dfen Stretch-Mesh-Tasche auf dem R\u00fccken verstaut werden kann. Die vollst\u00e4ndig umgewandelte Airflow-Jacke bietet dank der leichten MATRYX\u00ae-Eins\u00e4tze, die sich durch hervorragende Abrieb- und Rei\u00dffestigkeit sowie Atmungsaktivit\u00e4t auszeichnen, immer noch vollen Schutz.<br \/>\nDie SuperFabric\u00ae-Applikation auf der Au\u00dfenh\u00fclle, die einer Lage kleiner harter Panzerplatten \u00e4hnelt, sorgt f\u00fcr eine deutliche Steigerung der Gesamtleistung in Bezug auf Abrieb-, Schnitt- und Rei\u00dffestigkeit sowie Strapazierf\u00e4higkeit, w\u00e4hrend das Grundgewebe extrem flexibel und atmungsaktiv bleibt. Ein zus\u00e4tzlicher Vorteil des SuperFabric\u00ae-Gewebes ist ein verringertes Sturzrisiko f\u00fcr den Fahrer, da SuperFabric\u00ae-Gewebe eine reibungsarme Oberfl\u00e4che hat.<br \/>\nDer AMT-10R besteht aus einem neuen, robusten Leder, das mit Aramid Flynet-Ledereins\u00e4tzen verbunden ist, die eine um +80% erh\u00f6hte Rei\u00dffestigkeit und eine um +25% verbesserte Schnittfestigkeit bieten.<br \/>\nWeiches Leder verst\u00e4rkt mit DuPont\u2122 Flynet Technologie mit Aramid-Netz f\u00fcr hohe Abriebfestigkeit in exponierten Bereichen.<br \/>\nDie Verwendung von Rideknit\u00ae Material in der AMT-10R Jacke bietet wichtige Leistungsmerkmale, die speziell auf die Anforderungen des Motorradfahrens zugeschnitten sind. Dazu geh\u00f6ren erstklassiger Komfort, Atmungsaktivit\u00e4t, Flexibilit\u00e4t, Rei\u00df- und Abriebfestigkeit und Strapazierf\u00e4higkeit. Ein entscheidender Vorteil der Verwendung von Rideknit\u00ae ist die M\u00f6glichkeit, strategische Bereiche der Jacke mit Rideknit\u00ae auf die Bed\u00fcrfnisse des Fahrers zuzuschneiden und so f\u00fcr Flexibilit\u00e4t, Dehnbarkeit und ein hohes Ma\u00df an Abrieb- und Rei\u00dffestigkeit zu sorgen, wo dies erforderlich ist.<br \/>\nRideknit\u00ae hochflexible Bel\u00fcftungseins\u00e4tze f\u00fcr Komfort und elastische Zonen f\u00fcr eine optimale Passform.<br \/>\nIn der vollst\u00e4ndig wasserdichten Version verf\u00fcgt die AMT-10R Jacke \u00fcber eine direkte Brustbel\u00fcftung, die der Fahrer mit den vielseitigen Brustbel\u00fcftungs\u00f6ffnungen leicht f\u00fcr zus\u00e4tzliche Ventilation einstellen kann.<br \/>\nRei\u00dfverschl\u00fcsse in der Mitte des K\u00f6rpers sorgen f\u00fcr eine moderate Bel\u00fcftung und k\u00f6nnen f\u00fcr zus\u00e4tzliche Luftzirkulation ge\u00f6ffnet werden.<br \/>\nLaminierte 450D-Hartschalenkonstruktion f\u00fcr erh\u00f6hte Haltbarkeit.<br \/>\nIntuitive und funktionelle Integration von magnetischen Rei\u00dfverschl\u00fcssen, Manschettenbefestigungen und ergonomischen Formen an den Verbindungsstellen von Futter, Verschlusssystemen, Handgelenken und Kragen f\u00fcr eine einfache Handhabung.<br \/>\nErgonomisch gestaltete, doppelte, wasserdichte Cargo-Taschen f\u00fcr schnellen und einfachen Zugriff und zus\u00e4tzliche Aufbewahrungsm\u00f6glichkeiten auf langen Reisen.<br \/>\nMolle Pouch Attachment Ladder System (PALS) zur sicheren Befestigung von zus\u00e4tzlichen Taschen und Zubeh\u00f6r an Ihrer Jacke f\u00fcr den praktischen Einsatz in der realen Welt des Abenteurers.<br \/>\nNucleon Flex 2 Schulter- und Ellbogenpolster f\u00fcr effektiven Aufprallschutz.<br \/>\nOptionaler technischer AMT Midlayer, der die Jacke zus\u00e4tzlich w\u00e4rmt und perfekt f\u00fcr den Winter geeignet ist.<br \/>\nWasserblasenkompatibilit\u00e4t f\u00fcr mehr Vielseitigkeit unter extremen Bedingungen.<br \/>\nDie AMT-10R Jacke hat einen verstellbaren Bund, einen Verbindungsrei\u00dfverschluss mit der Hose, zwei Innentaschen und schr\u00e4ge Taschen zum Schutz von R\u00fccken und Brust.<br \/>\nDer untere Rand ist mit einem Kordelzug f\u00fcr eine optimale Passform ausgestattet.<br \/>\nMotorradbekleidung &#8211; Kategorie II EN17092 &#8211; Klasse AA.<\/p>\n<p>&nbsp;<\/p>\n","protected":false},"excerpt":{"rendered":"<p>Alpinestars AMT-10 R Drystar XF wasserdichte Motorradjacke aus Textil Die modulare Jacke AMT-10R wurde entwickelt, um&#8230;<\/p>\n","protected":false},"featured_media":25706,"comment_status":"open","ping_status":"open","template":"","meta":{"_acf_changed":false},"brand":[2111],"gender":[],"product_brand":[],"product_cat":[1357,2045,2048],"product_tag":[],"class_list":{"0":"post-102002","1":"product","2":"type-product","3":"status-publish","4":"has-post-thumbnail","6":"brand-alpinestars-de","7":"product_cat-ausrustung-fur-motorradfahrer","8":"product_cat-jakne-de","9":"product_cat-textil-jacken","10":"pa_size-l-de","11":"pa_size-m-de","12":"pa_size-s-de","13":"pa_size-xl-de","14":"pa_size-xxl-de","15":"pa_size-xxxl-de","17":"first","18":"instock","19":"sale","20":"taxable","21":"shipping-taxable","22":"purchasable","23":"product-type-variable"},"acf":[],"_links":{"self":[{"href":"https:\/\/moto-oprema.com\/de\/wp-json\/wp\/v2\/product\/102002","targetHints":{"allow":["GET"]}}],"collection":[{"href":"https:\/\/moto-oprema.com\/de\/wp-json\/wp\/v2\/product"}],"about":[{"href":"https:\/\/moto-oprema.com\/de\/wp-json\/wp\/v2\/types\/product"}],"replies":[{"embeddable":true,"href":"https:\/\/moto-oprema.com\/de\/wp-json\/wp\/v2\/comments?post=102002"}],"wp:featuredmedia":[{"embeddable":true,"href":"https:\/\/moto-oprema.com\/de\/wp-json\/wp\/v2\/media\/25706"}],"wp:attachment":[{"href":"https:\/\/moto-oprema.com\/de\/wp-json\/wp\/v2\/media?parent=102002"}],"wp:term":[{"taxonomy":"brand","embeddable":true,"href":"https:\/\/moto-oprema.com\/de\/wp-json\/wp\/v2\/brand?post=102002"},{"taxonomy":"gender","embeddable":true,"href":"https:\/\/moto-oprema.com\/de\/wp-json\/wp\/v2\/gender?post=102002"},{"taxonomy":"product_brand","embeddable":true,"href":"https:\/\/moto-oprema.com\/de\/wp-json\/wp\/v2\/product_brand?post=102002"},{"taxonomy":"product_cat","embeddable":true,"href":"https:\/\/moto-oprema.com\/de\/wp-json\/wp\/v2\/product_cat?post=102002"},{"taxonomy":"product_tag","embeddable":true,"href":"https:\/\/moto-oprema.com\/de\/wp-json\/wp\/v2\/product_tag?post=102002"}],"curies":[{"name":"wp","href":"https:\/\/api.w.org\/{rel}","templated":true}]}}