{"id":101953,"date":"2024-01-16T08:15:34","date_gmt":"2024-01-16T08:15:34","guid":{"rendered":"https:\/\/moto-oprema.com\/Artikel\/alpinestars-mx-hose-supertech-dade\/"},"modified":"2024-01-16T08:15:34","modified_gmt":"2024-01-16T08:15:34","slug":"alpinestars-mx-hose-supertech-dade","status":"publish","type":"product","link":"https:\/\/moto-oprema.com\/de\/Artikel\/alpinestars-mx-hose-supertech-dade\/","title":{"rendered":"ALPINESTARS MX HOSE SUPERTECH DADE"},"content":{"rendered":"<p>Supertech ist eine innovative neue Linie von Motocross-Anz\u00fcgen, die speziell f\u00fcr das Fahren im Gel\u00e4nde entwickelt wurde. Die Hosen haben ein neues Design f\u00fcr eine bessere Passform. Sie sind aus fortschrittlichen Stretch-Materialien hergestellt. Die Hosen verf\u00fcgen au\u00dferdem \u00fcber eine Reihe von Merkmalen, die sich bei Motocross- und Supercross-Rennen als hervorragend erwiesen haben.   <\/p>\n<p>Merkmale:<\/p>\n<ul>\n<li>Neuer Schnitt und neues Design<\/li>\n<li>80% aus modernem Stretchmaterial f\u00fcr mehr Bewegungsfreiheit<\/li>\n<li>Elastisch und langlebig<\/li>\n<li>Starke Verst\u00e4rkungen an wichtigen Stellen<\/li>\n<li>TPU verst\u00e4rkt an den Knien<\/li>\n<\/ul>\n<p>100% Polyester, 100% Leder an den Knien<\/p>\n","protected":false},"excerpt":{"rendered":"<p>Farbe: eisenrote Beere<\/p>\n","protected":false},"featured_media":25692,"comment_status":"open","ping_status":"closed","template":"","meta":{"_acf_changed":false},"brand":[2111],"gender":[],"product_brand":[],"product_cat":[2028,2069],"product_tag":[],"class_list":{"0":"post-101953","1":"product","2":"type-product","3":"status-publish","4":"has-post-thumbnail","6":"brand-alpinestars-de","7":"product_cat-motocross-ausrustung","8":"product_cat-mx-hose","9":"pa_size-28-de","10":"pa_size-30-de","11":"pa_size-32-de","12":"pa_size-34-de","13":"pa_size-36-de","15":"first","16":"onbackorder","17":"sale","18":"taxable","19":"shipping-taxable","20":"purchasable","21":"product-type-variable"},"acf":[],"_links":{"self":[{"href":"https:\/\/moto-oprema.com\/de\/wp-json\/wp\/v2\/product\/101953","targetHints":{"allow":["GET"]}}],"collection":[{"href":"https:\/\/moto-oprema.com\/de\/wp-json\/wp\/v2\/product"}],"about":[{"href":"https:\/\/moto-oprema.com\/de\/wp-json\/wp\/v2\/types\/product"}],"replies":[{"embeddable":true,"href":"https:\/\/moto-oprema.com\/de\/wp-json\/wp\/v2\/comments?post=101953"}],"wp:featuredmedia":[{"embeddable":true,"href":"https:\/\/moto-oprema.com\/de\/wp-json\/wp\/v2\/media\/25692"}],"wp:attachment":[{"href":"https:\/\/moto-oprema.com\/de\/wp-json\/wp\/v2\/media?parent=101953"}],"wp:term":[{"taxonomy":"brand","embeddable":true,"href":"https:\/\/moto-oprema.com\/de\/wp-json\/wp\/v2\/brand?post=101953"},{"taxonomy":"gender","embeddable":true,"href":"https:\/\/moto-oprema.com\/de\/wp-json\/wp\/v2\/gender?post=101953"},{"taxonomy":"product_brand","embeddable":true,"href":"https:\/\/moto-oprema.com\/de\/wp-json\/wp\/v2\/product_brand?post=101953"},{"taxonomy":"product_cat","embeddable":true,"href":"https:\/\/moto-oprema.com\/de\/wp-json\/wp\/v2\/product_cat?post=101953"},{"taxonomy":"product_tag","embeddable":true,"href":"https:\/\/moto-oprema.com\/de\/wp-json\/wp\/v2\/product_tag?post=101953"}],"curies":[{"name":"wp","href":"https:\/\/api.w.org\/{rel}","templated":true}]}}