{"id":101938,"date":"2024-01-09T09:01:27","date_gmt":"2024-01-09T09:01:27","guid":{"rendered":"https:\/\/moto-oprema.com\/Artikel\/spidi-serbatoio-hydroback-0-5l\/"},"modified":"2024-01-09T09:01:27","modified_gmt":"2024-01-09T09:01:27","slug":"spidi-serbatoio-hydroback-0-5l","status":"publish","type":"product","link":"https:\/\/moto-oprema.com\/de\/Artikel\/spidi-serbatoio-hydroback-0-5l\/","title":{"rendered":"SPIDI SERBATOIO HYDROBACK 0.5L"},"content":{"rendered":"<p>Hydroback V39 Tasche zum Einstecken in den Rennh\u00f6cker des Hydroback-ready Spidi Overalls.<\/p>\n<p>0,5l Getr\u00e4nkekapazit\u00e4t<\/p>\n","protected":false},"excerpt":{"rendered":"<p>Hydroback V39 Tasche zum Einstecken in den Rennh\u00f6cker des Hydroback-ready Spidi Overalls. 0,5l Getr\u00e4nkekapazit\u00e4t<\/p>\n","protected":false},"featured_media":25687,"comment_status":"open","ping_status":"closed","template":"","meta":{"_acf_changed":false},"brand":[2124],"gender":[2168],"product_brand":[],"product_cat":[2078,2024],"product_tag":[],"class_list":{"0":"post-101938","1":"product","2":"type-product","3":"status-publish","4":"has-post-thumbnail","6":"brand-spidi-de","7":"gender-moski-de","8":"product_cat-koffer-und-taschen","9":"product_cat-zubehor","11":"first","12":"instock","13":"taxable","14":"shipping-taxable","15":"purchasable","16":"product-type-simple"},"acf":[],"_links":{"self":[{"href":"https:\/\/moto-oprema.com\/de\/wp-json\/wp\/v2\/product\/101938","targetHints":{"allow":["GET"]}}],"collection":[{"href":"https:\/\/moto-oprema.com\/de\/wp-json\/wp\/v2\/product"}],"about":[{"href":"https:\/\/moto-oprema.com\/de\/wp-json\/wp\/v2\/types\/product"}],"replies":[{"embeddable":true,"href":"https:\/\/moto-oprema.com\/de\/wp-json\/wp\/v2\/comments?post=101938"}],"wp:featuredmedia":[{"embeddable":true,"href":"https:\/\/moto-oprema.com\/de\/wp-json\/wp\/v2\/media\/25687"}],"wp:attachment":[{"href":"https:\/\/moto-oprema.com\/de\/wp-json\/wp\/v2\/media?parent=101938"}],"wp:term":[{"taxonomy":"brand","embeddable":true,"href":"https:\/\/moto-oprema.com\/de\/wp-json\/wp\/v2\/brand?post=101938"},{"taxonomy":"gender","embeddable":true,"href":"https:\/\/moto-oprema.com\/de\/wp-json\/wp\/v2\/gender?post=101938"},{"taxonomy":"product_brand","embeddable":true,"href":"https:\/\/moto-oprema.com\/de\/wp-json\/wp\/v2\/product_brand?post=101938"},{"taxonomy":"product_cat","embeddable":true,"href":"https:\/\/moto-oprema.com\/de\/wp-json\/wp\/v2\/product_cat?post=101938"},{"taxonomy":"product_tag","embeddable":true,"href":"https:\/\/moto-oprema.com\/de\/wp-json\/wp\/v2\/product_tag?post=101938"}],"curies":[{"name":"wp","href":"https:\/\/api.w.org\/{rel}","templated":true}]}}