{"id":101833,"date":"2024-05-17T10:05:30","date_gmt":"2024-05-17T10:05:30","guid":{"rendered":"https:\/\/moto-oprema.com\/Artikel\/spidi-air-dps-airbag-jacke\/"},"modified":"2024-05-17T10:05:30","modified_gmt":"2024-05-17T10:05:30","slug":"spidi-air-dps-airbag-jacke","status":"publish","type":"product","link":"https:\/\/moto-oprema.com\/de\/Artikel\/spidi-air-dps-airbag-jacke\/","title":{"rendered":"SPIDI AIR DPS AIRBAG JACKE"},"content":{"rendered":"<p>SPIDI Air DPS: die neueste Entwicklung des DPS-Systems, eine Airbagweste, die nach der Norm En 1621-4:2013 FB zertifiziert ist, der einzigen europ\u00e4ischen Norm, die die Wirksamkeit von Motorradairbags garantiert.<\/p>\n<p>Das 26 Liter fassende Kissen wickelt sich um den Oberk\u00f6rper und den Nacken des Fahrers, um im Falle eines Unfalls die Sicherheit in den sensiblen Bereichen zu erh\u00f6hen. SPIDI Safety Laboratory hat die traditionelle DPS-Technologie auf das h\u00f6chste Schutzniveau gebracht und sie extrem benutzerfreundlich gemacht. Die Gewissheit der analogen Aktivierung, die Ausweitung des Schutzes auf den empfindlichen Nackenbereich, der Komfort durch das geringe Gewicht und die Vielseitigkeit in der Anwendung definieren ein Referenzprodukt f\u00fcr die Sicherheit auf zwei R\u00e4dern.  <\/p>\n<p>GENAUIGKEIT UND SICHERHEIT<br \/>\n&#8211; Aktivierung und Aufblasen: \u00fcber ein mit dem Motorrad verbundenes Kabel, das bei jeder Kollision eine sichere und zuverl\u00e4ssige Aktivierung des Airbags gew\u00e4hrleistet, wobei er vom Fahrzeug getrennt wird;<br \/>\n&#8211; 26 Liter Luftschutz: Wenn das System aktiviert wird, entfaltet sich eine 3,8 Meter gro\u00dfe Luftkammer um den Motorradfahrer herum, die den R\u00fccken, die H\u00fcften, die Brust und insbesondere den Halsbereich sch\u00fctzt. Mehr Luft, mehr Dicke, mehr gesch\u00fctzte Bereiche;<br \/>\n&#8211; Keine Beeintr\u00e4chtigung durch \u00e4u\u00dfere Einfl\u00fcsse, die seine Wirksamkeit einschr\u00e4nken k\u00f6nnten (Magnetfelder, Funkwellen, Batterieabbau, Regen, K\u00e4lte, Sand): Das mechanische System muss nicht aufgeladen oder gewartet werden, so dass Sie Ihr Fahrzeug jederzeit unbesorgt starten k\u00f6nnen. <\/p>\n<p>KOMFORT UND KONVERSATIVIT\u00c4T<br \/>\n&#8211; Leichtgewicht: Das DPS-System wiegt nur 1,070 kg;<br \/>\n&#8211; Praktisch: Es kann zu jeder Jahreszeit \u00fcber jeder Jacke getragen werden und verf\u00fcgt \u00fcber einen bequemen, verstellbaren Taillenverschluss, Reflexzonen f\u00fcr die Erkennung bei Nacht und ein Jacken-\/Hosenbefestigungssystem mit Hosenclips;<br \/>\n&#8211; Materialien: Die Eigenschaften, die TexTech, den Standard, den das SPIDI-Sicherheitslabor f\u00fcr die Auswahl technischer Stoffe verwendet, auszeichnen, sind Wasserabweisung, Atmungsaktivit\u00e4t, Windschutz, Schnittfestigkeit, Nahtrei\u00dffestigkeit und Abriebfestigkeit.<\/p>\n<p>&nbsp;<\/p>\n","protected":false},"excerpt":{"rendered":"<p>SPIDI Air DPS: die neueste Entwicklung des DPS-Systems, eine Airbagweste, die nach der Norm En 1621-4:2013&#8230;<\/p>\n","protected":false},"featured_media":29074,"comment_status":"open","ping_status":"open","template":"","meta":{"_acf_changed":false},"brand":[2124],"gender":[],"product_brand":[],"product_cat":[2221,1357,2209],"product_tag":[],"class_list":{"0":"post-101833","1":"product","2":"type-product","3":"status-publish","4":"has-post-thumbnail","6":"brand-spidi-de","7":"product_cat-airbags-de","8":"product_cat-ausrustung-fur-motorradfahrer","9":"product_cat-schutzschilde-und-airbags","10":"pa_size-l-de","11":"pa_size-m-de","12":"pa_size-xl-de","14":"first","15":"instock","16":"taxable","17":"shipping-taxable","18":"purchasable","19":"product-type-variable"},"acf":[],"_links":{"self":[{"href":"https:\/\/moto-oprema.com\/de\/wp-json\/wp\/v2\/product\/101833","targetHints":{"allow":["GET"]}}],"collection":[{"href":"https:\/\/moto-oprema.com\/de\/wp-json\/wp\/v2\/product"}],"about":[{"href":"https:\/\/moto-oprema.com\/de\/wp-json\/wp\/v2\/types\/product"}],"replies":[{"embeddable":true,"href":"https:\/\/moto-oprema.com\/de\/wp-json\/wp\/v2\/comments?post=101833"}],"wp:featuredmedia":[{"embeddable":true,"href":"https:\/\/moto-oprema.com\/de\/wp-json\/wp\/v2\/media\/29074"}],"wp:attachment":[{"href":"https:\/\/moto-oprema.com\/de\/wp-json\/wp\/v2\/media?parent=101833"}],"wp:term":[{"taxonomy":"brand","embeddable":true,"href":"https:\/\/moto-oprema.com\/de\/wp-json\/wp\/v2\/brand?post=101833"},{"taxonomy":"gender","embeddable":true,"href":"https:\/\/moto-oprema.com\/de\/wp-json\/wp\/v2\/gender?post=101833"},{"taxonomy":"product_brand","embeddable":true,"href":"https:\/\/moto-oprema.com\/de\/wp-json\/wp\/v2\/product_brand?post=101833"},{"taxonomy":"product_cat","embeddable":true,"href":"https:\/\/moto-oprema.com\/de\/wp-json\/wp\/v2\/product_cat?post=101833"},{"taxonomy":"product_tag","embeddable":true,"href":"https:\/\/moto-oprema.com\/de\/wp-json\/wp\/v2\/product_tag?post=101833"}],"curies":[{"name":"wp","href":"https:\/\/api.w.org\/{rel}","templated":true}]}}