{"id":101772,"date":"2024-05-13T08:34:47","date_gmt":"2024-05-13T08:34:47","guid":{"rendered":"https:\/\/moto-oprema.com\/Artikel\/alpinestars-schneller-3-rideknit-schuhe-alle-nero\/"},"modified":"2024-05-13T08:34:47","modified_gmt":"2024-05-13T08:34:47","slug":"alpinestars-schneller-3-rideknit-schuhe-alle-nero","status":"publish","type":"product","link":"https:\/\/moto-oprema.com\/de\/Artikel\/alpinestars-schneller-3-rideknit-schuhe-alle-nero\/","title":{"rendered":"ALPINESTARS SCHNELLER 3 RIDEKNIT SCHUHE ALLE NERO"},"content":{"rendered":"<p><span style=\"font-family: arial, helvetica, sans-serif;font-size: small\">Schmales Profil, leichtes und strapazierf\u00e4higes \u00c4u\u00dferes aus Mikrofaser, TPR-Kn\u00f6chelpolster, integrierte Metallplatte in der Sohle f\u00fcr besseren Fallschutz, &#8230;<br \/>\n<\/span><span style=\"font-family: arial, helvetica, sans-serif;font-size: small\"><b><br \/>\nZusammensetzung des Rohmaterials:  <\/b><\/span><span id=\"result_box\" lang=\"sl\" xml_lang=\"sl\"><\/span><span style=\"font-family: arial, helvetica, sans-serif;font-size: small\"><br \/>\nObermaterial: Wildleder und synthetisches Material. Futter: Teflon-Mesh und Cambrelle. Sohle: Gummi  <\/span><\/p>\n","protected":false},"excerpt":{"rendered":"<p>Schmales Profil, leichtes und strapazierf\u00e4higes \u00c4u\u00dferes aus Mikrofaser, TPR-Kn\u00f6chelpolster, integrierte Metallplatte in der Sohle f\u00fcr besseren&#8230;<\/p>\n","protected":false},"featured_media":28906,"comment_status":"open","ping_status":"closed","template":"","meta":{"_acf_changed":false},"brand":[2111],"gender":[2168],"product_brand":[],"product_cat":[1357,2043,2044],"product_tag":[],"class_list":{"0":"post-101772","1":"product","2":"type-product","3":"status-publish","4":"has-post-thumbnail","6":"brand-alpinestars-de","7":"gender-moski-de","8":"product_cat-ausrustung-fur-motorradfahrer","9":"product_cat-schuhe","10":"product_cat-urbanes-schuhwerk","11":"pa_velikost-skornji-us-10-543-5-de","12":"pa_velikost-skornji-us-1043-de","13":"pa_velikost-skornji-us-11-545-de","14":"pa_velikost-skornji-us-1144-de","15":"pa_velikost-skornji-us-12-546-de","16":"pa_velikost-skornji-us-1245-5-de","17":"pa_velikost-skornji-us-13-547-5-de","18":"pa_velikost-skornji-us-1347-de","19":"pa_velikost-skornji-us-6-538-5-de","20":"pa_velikost-skornji-us-638-de","21":"pa_velikost-skornji-us-7-540-de","22":"pa_velikost-skornji-us-739-de","23":"pa_velikost-skornji-us-8-541-de","24":"pa_velikost-skornji-us-840-5-de","25":"pa_velikost-skornji-us-9-542-5-de","26":"pa_velikost-skornji-us-942-de","28":"first","29":"instock","30":"sale","31":"taxable","32":"shipping-taxable","33":"purchasable","34":"product-type-variable"},"acf":[],"_links":{"self":[{"href":"https:\/\/moto-oprema.com\/de\/wp-json\/wp\/v2\/product\/101772","targetHints":{"allow":["GET"]}}],"collection":[{"href":"https:\/\/moto-oprema.com\/de\/wp-json\/wp\/v2\/product"}],"about":[{"href":"https:\/\/moto-oprema.com\/de\/wp-json\/wp\/v2\/types\/product"}],"replies":[{"embeddable":true,"href":"https:\/\/moto-oprema.com\/de\/wp-json\/wp\/v2\/comments?post=101772"}],"wp:featuredmedia":[{"embeddable":true,"href":"https:\/\/moto-oprema.com\/de\/wp-json\/wp\/v2\/media\/28906"}],"wp:attachment":[{"href":"https:\/\/moto-oprema.com\/de\/wp-json\/wp\/v2\/media?parent=101772"}],"wp:term":[{"taxonomy":"brand","embeddable":true,"href":"https:\/\/moto-oprema.com\/de\/wp-json\/wp\/v2\/brand?post=101772"},{"taxonomy":"gender","embeddable":true,"href":"https:\/\/moto-oprema.com\/de\/wp-json\/wp\/v2\/gender?post=101772"},{"taxonomy":"product_brand","embeddable":true,"href":"https:\/\/moto-oprema.com\/de\/wp-json\/wp\/v2\/product_brand?post=101772"},{"taxonomy":"product_cat","embeddable":true,"href":"https:\/\/moto-oprema.com\/de\/wp-json\/wp\/v2\/product_cat?post=101772"},{"taxonomy":"product_tag","embeddable":true,"href":"https:\/\/moto-oprema.com\/de\/wp-json\/wp\/v2\/product_tag?post=101772"}],"curies":[{"name":"wp","href":"https:\/\/api.w.org\/{rel}","templated":true}]}}