{"id":101667,"date":"2024-05-06T08:05:35","date_gmt":"2024-05-06T08:05:35","guid":{"rendered":"https:\/\/moto-oprema.com\/Artikel\/hjc-jet-helm-v31-solid-m-schwarz\/"},"modified":"2024-05-06T08:05:35","modified_gmt":"2024-05-06T08:05:35","slug":"hjc-jet-helm-v31-solid-m-schwarz","status":"publish","type":"product","link":"https:\/\/moto-oprema.com\/de\/Artikel\/hjc-jet-helm-v31-solid-m-schwarz\/","title":{"rendered":"HJC JET HELM V31 SOLID M.SCHWARZ"},"content":{"rendered":"<p>Der V31 ist ein offener Helm im Retrostil, der aus einer fortschrittlichen Fiberglas-Verbundschale gefertigt ist, die f\u00fcr einen leichten Helm sorgt. Dieser \u00be-Helm hat eine integrierte 3-stufige Sonnenblende mit Anti-Beschlag-Beschichtung, die sich leicht nach oben oder unten bewegen l\u00e4sst. F\u00fcr ein noch st\u00e4rkeres Vintage-Gef\u00fchl verf\u00fcgt der V31 Helm \u00fcber eine Innenausstattung aus Leder und Wildleder und eine Brillenbandhalterung. Der V31 Helm verf\u00fcgt au\u00dferdem \u00fcber Druckkn\u00f6pfe, an denen Sie das Helmvisier befestigen k\u00f6nnen, um den Retro-Look zu vervollst\u00e4ndigen. Die Ohrpolster sind abnehmbar und waschbar, und die Lautsprechertaschen sind Bluetooth-f\u00e4hig.    <\/p>\n<p>Merkmale:<\/p>\n<p>Fortschrittliche Fiberglas-Verbundschale<br \/>\nGet\u00f6ntes Sonnenvisier mit Anti-Beschlag-Beschichtung, Verstellbar auf 3 verschiedene H\u00f6hen je nach Morphologie und Vorliebe<br \/>\n3 Druckkn\u00f6pfe f\u00fcr Helmvisiere (nicht im Lieferumfang enthalten)<br \/>\nBrillenbandhalterung h\u00e4lt die Brille sicher an ihrem Platz<br \/>\nLeichtes Gewicht f\u00fcr bequemen Sitz<br \/>\n Innenausstattung aus gen\u00e4htem Leder und Wildleder<br \/>\nHochentwickeltes Gewebe f\u00fcr besseren Feuchtigkeitstransport und schnelles Trocknen<br \/>\nAustauschbare Wangenpolster in allen Gr\u00f6\u00dfen f\u00fcr eine individuelle Passform<br \/>\nWaschbare Komfortauskleidung und Wangenpolster<br \/>\nTechnische Daten:<\/p>\n<p>Material: Glasfaser<br \/>\nNorm: 22.06<br \/>\nVerschluss: Doppel-D<br \/>\nVisierart: IS-10, beschlagfrei, farbig<br \/>\nGr\u00f6\u00dfen:<br \/>\nHelm\/Wangenpolster\/Kopfpolstergr\u00f6\u00dfe:<br \/>\nXS(54-55cm)\/25mm\/12mm<br \/>\nS(55-56cm)\/20mm\/9mm<br \/>\nM(57-58cm)\/25mm12mm<br \/>\nL(58-59cm)\/20mm\/9mm<br \/>\nXL(60-61cm)\/20mm\/9mm<br \/>\nXXL(62-63cm)\/15mm\/7mm<\/p>\n","protected":false},"excerpt":{"rendered":"<p>Der V31 ist ein offener Helm im Retrostil, der aus einer fortschrittlichen Fiberglas-Verbundschale gefertigt ist, die&#8230;<\/p>\n","protected":false},"featured_media":28546,"comment_status":"open","ping_status":"open","template":"","meta":{"_acf_changed":false},"brand":[2131],"gender":[2173],"product_brand":[],"product_cat":[1357,1360,2331],"product_tag":[],"class_list":{"0":"post-101667","1":"product","2":"type-product","3":"status-publish","4":"has-post-thumbnail","6":"brand-hjc-de","7":"gender-unisex-de","8":"product_cat-ausrustung-fur-motorradfahrer","9":"product_cat-helme","10":"product_cat-jet-de","11":"pa_size-l-de","12":"pa_size-m-de","13":"pa_size-s-de","14":"pa_size-xl-de","15":"pa_size-xs-de","16":"pa_size-xxl-de","18":"first","19":"instock","20":"sale","21":"taxable","22":"shipping-taxable","23":"purchasable","24":"product-type-variable"},"acf":[],"_links":{"self":[{"href":"https:\/\/moto-oprema.com\/de\/wp-json\/wp\/v2\/product\/101667","targetHints":{"allow":["GET"]}}],"collection":[{"href":"https:\/\/moto-oprema.com\/de\/wp-json\/wp\/v2\/product"}],"about":[{"href":"https:\/\/moto-oprema.com\/de\/wp-json\/wp\/v2\/types\/product"}],"replies":[{"embeddable":true,"href":"https:\/\/moto-oprema.com\/de\/wp-json\/wp\/v2\/comments?post=101667"}],"wp:featuredmedia":[{"embeddable":true,"href":"https:\/\/moto-oprema.com\/de\/wp-json\/wp\/v2\/media\/28546"}],"wp:attachment":[{"href":"https:\/\/moto-oprema.com\/de\/wp-json\/wp\/v2\/media?parent=101667"}],"wp:term":[{"taxonomy":"brand","embeddable":true,"href":"https:\/\/moto-oprema.com\/de\/wp-json\/wp\/v2\/brand?post=101667"},{"taxonomy":"gender","embeddable":true,"href":"https:\/\/moto-oprema.com\/de\/wp-json\/wp\/v2\/gender?post=101667"},{"taxonomy":"product_brand","embeddable":true,"href":"https:\/\/moto-oprema.com\/de\/wp-json\/wp\/v2\/product_brand?post=101667"},{"taxonomy":"product_cat","embeddable":true,"href":"https:\/\/moto-oprema.com\/de\/wp-json\/wp\/v2\/product_cat?post=101667"},{"taxonomy":"product_tag","embeddable":true,"href":"https:\/\/moto-oprema.com\/de\/wp-json\/wp\/v2\/product_tag?post=101667"}],"curies":[{"name":"wp","href":"https:\/\/api.w.org\/{rel}","templated":true}]}}