{"id":101631,"date":"2024-05-10T08:43:44","date_gmt":"2024-05-10T08:43:44","guid":{"rendered":"https:\/\/moto-oprema.com\/Artikel\/alpinestars-xt-8-gore-tex-stiefel-schwarz\/"},"modified":"2024-05-10T08:43:44","modified_gmt":"2024-05-10T08:43:44","slug":"alpinestars-xt-8-gore-tex-stiefel-schwarz","status":"publish","type":"product","link":"https:\/\/moto-oprema.com\/de\/Artikel\/alpinestars-xt-8-gore-tex-stiefel-schwarz\/","title":{"rendered":"ALPINESTARS XT-8 GORE-TEX STIEFEL SCHWARZ"},"content":{"rendered":"<p>Alpinestars XT-8 Gore-Tex Wasserdichte Motorradstiefel<\/p>\n<p>Der XT-8 Gore-Tex Adventure Enduro-Stiefel wurde f\u00fcr anspruchsvolle Fahrten im Gel\u00e4nde entwickelt und bietet verbesserten Halt, Bewegungskontrolle, Aufprallschutz und Allwetterleistung. Die Gore-Tex-Membran sorgt f\u00fcr au\u00dfergew\u00f6hnliche Klimaregulierung, Atmungsaktivit\u00e4t und 100%ige Wasserdichtigkeit. Das macht diesen Stiefel zum perfekten Ganzjahresstiefel f\u00fcr Abenteuertouren oder Erkundungen im Gel\u00e4nde bei allen Wetterbedingungen und Klimazonen. <\/p>\n<p>Der XT-8 Gore-Tex Adventure Enduro Schutzschuh wurde f\u00fcr \u00fcberragenden Komfort entwickelt. Er verf\u00fcgt \u00fcber eine einzigartige, durchgehende EVA-Zwischensohlenkonstruktion, die mit einem Transverse Protective Frame (TPF) verst\u00e4rkt ist, und bietet mit seiner Flexibilit\u00e4t und einer d\u00e4mpfenden Fersenscheibe eine unvergleichliche Leistung auf Tageswanderungen und langen Touren. Die XT-8 Gore-Tex-Stiefel bieten eine neue Herangehensweise an die Silhouette und das Design. Sie sind qualitativ hochwertiger, komfortabler, bequemer und l\u00e4nger (27 cm) als herk\u00f6mmliche Stra\u00dfen-Tourenstiefel und bieten den erweiterten Schutz, den Off-Road-Abenteurer ben\u00f6tigen. Die XT-8 Stiefel sind aus einer Mischung aus fortschrittlicher, atmungsaktiver Mikrofaser und Leder mit Gummi, TPU und PU-Folie gefertigt. Der Hauptteil des XT-8 Gore-Tex-Stiefels verf\u00fcgt \u00fcber einen internen Kn\u00f6chel- und Schienbeinaufprallschutz, einen verst\u00e4rkten Zehen- und Fersenbereich und eine seitliche TPU-Kn\u00f6chelverbindung, die Halt und Aufprallschutz bietet und gleichzeitig eine nat\u00fcrliche Flexibilit\u00e4t erm\u00f6glicht. Die XT-8 Gore-Tex-Stiefel sind f\u00fcr den Einsatz im Gel\u00e4nde konzipiert und verf\u00fcgen \u00fcber ein aggressives und spezielles Lochmuster auf der Au\u00dfensohle, das sich jedem Terrain anpasst.    <\/p>\n<p>Der XT-8 Gore-Tex wurde entwickelt, um den besten Schutz und un\u00fcbertroffenen Komfort f\u00fcr Fahrten im Gel\u00e4nde und Abenteuertouren zu bieten. Er ist der perfekte robuste Abenteuerschuh.<\/p>\n<p>Merkmale:<\/p>\n<p>Die XT-8 hat eine vollst\u00e4ndige Gore-Tex-Membran, die 100%ige Wasserdichtigkeit und Atmungsaktivit\u00e4t gew\u00e4hrleistet.<br \/>\nTechnisches, modernes Obermaterial aus einer fortschrittlichen Mischung aus Mikrofasern und synthetischem, sehr strapazierf\u00e4higem Textil, laminiert mit nahtlosem PU f\u00fcr verbesserte Atmungsaktivit\u00e4t<br \/>\nHochwertiges Obermaterial aus Mikrofaser und Innensohle aus Leder<br \/>\nTPU-Verst\u00e4rkungen und sch\u00fctzendes mediales Kn\u00f6chelgelenk<br \/>\nDer integrierte Transverse Protection Frame (TPF) von Alpinestars sch\u00fctzt den Fu\u00df und sorgt gleichzeitig f\u00fcr die n\u00f6tige Unterst\u00fctzung an der Sohle, ohne die Vorfu\u00dfflexion zu beeintr\u00e4chtigen, um einen hervorragenden Laufkomfort zu gew\u00e4hrleisten.<br \/>\nDurchgehende EVA-Zwischensohlenkonstruktion mit integrierter weicher D\u00e4mpfung f\u00fcr optimalen Schutz und 10 mm Fallh\u00f6he f\u00fcr \u00fcberragenden Gehkomfort<br \/>\ndoppelter Schnallenverschluss und Klettverschlusslasche f\u00fcr einen flexiblen und sicheren Sitz<br \/>\nVerst\u00e4rkter Fersen- und Zehenbereich mit einer zus\u00e4tzlichen D\u00e4mpfungsschicht f\u00fcr mehr Bewegungsfreiheit und einem verst\u00e4rkten Schienbeinbereich f\u00fcr Aufprallschutz<br \/>\nspezielle All-Terrain-Gummisohle mit Gummibeschichtung im Zehenbereich f\u00fcr Strapazierf\u00e4higkeit<br \/>\nSpezifikationen:<\/p>\n<p>Getriebeverst\u00e4rkung am Schuh<br \/>\nGore-Tex-Membran<br \/>\nSchutzschuhe f\u00fcr Motorradfahrer (EN 13634:2017)<\/p>\n<p>&nbsp;<\/p>\n","protected":false},"excerpt":{"rendered":"<p>Alpinestars XT-8 Gore-Tex Wasserdichte Motorradstiefel Der XT-8 Gore-Tex Adventure Enduro-Stiefel wurde f\u00fcr anspruchsvolle Fahrten im Gel\u00e4nde&#8230;<\/p>\n","protected":false},"featured_media":28778,"comment_status":"open","ping_status":"open","template":"","meta":{"_acf_changed":false},"brand":[2111],"gender":[],"product_brand":[],"product_cat":[1357,2043,2049],"product_tag":[],"class_list":{"0":"post-101631","1":"product","2":"type-product","3":"status-publish","4":"has-post-thumbnail","6":"brand-alpinestars-de","7":"product_cat-ausrustung-fur-motorradfahrer","8":"product_cat-schuhe","9":"product_cat-touring-schuhe","10":"pa_size-38-de","11":"pa_size-39-de","12":"pa_size-40-de","13":"pa_size-41-de","14":"pa_size-42-de","15":"pa_size-43-de","16":"pa_size-44-de","17":"pa_size-45-de","18":"pa_size-46-de","19":"pa_size-47-de","20":"pa_size-48-de","22":"first","23":"instock","24":"sale","25":"taxable","26":"shipping-taxable","27":"purchasable","28":"product-type-variable"},"acf":[],"_links":{"self":[{"href":"https:\/\/moto-oprema.com\/de\/wp-json\/wp\/v2\/product\/101631","targetHints":{"allow":["GET"]}}],"collection":[{"href":"https:\/\/moto-oprema.com\/de\/wp-json\/wp\/v2\/product"}],"about":[{"href":"https:\/\/moto-oprema.com\/de\/wp-json\/wp\/v2\/types\/product"}],"replies":[{"embeddable":true,"href":"https:\/\/moto-oprema.com\/de\/wp-json\/wp\/v2\/comments?post=101631"}],"wp:featuredmedia":[{"embeddable":true,"href":"https:\/\/moto-oprema.com\/de\/wp-json\/wp\/v2\/media\/28778"}],"wp:attachment":[{"href":"https:\/\/moto-oprema.com\/de\/wp-json\/wp\/v2\/media?parent=101631"}],"wp:term":[{"taxonomy":"brand","embeddable":true,"href":"https:\/\/moto-oprema.com\/de\/wp-json\/wp\/v2\/brand?post=101631"},{"taxonomy":"gender","embeddable":true,"href":"https:\/\/moto-oprema.com\/de\/wp-json\/wp\/v2\/gender?post=101631"},{"taxonomy":"product_brand","embeddable":true,"href":"https:\/\/moto-oprema.com\/de\/wp-json\/wp\/v2\/product_brand?post=101631"},{"taxonomy":"product_cat","embeddable":true,"href":"https:\/\/moto-oprema.com\/de\/wp-json\/wp\/v2\/product_cat?post=101631"},{"taxonomy":"product_tag","embeddable":true,"href":"https:\/\/moto-oprema.com\/de\/wp-json\/wp\/v2\/product_tag?post=101631"}],"curies":[{"name":"wp","href":"https:\/\/api.w.org\/{rel}","templated":true}]}}