{"id":101594,"date":"2024-04-05T07:46:27","date_gmt":"2024-04-05T07:46:27","guid":{"rendered":"https:\/\/moto-oprema.com\/Artikel\/alpinestars-andes-air-drystar-jacke-schwarz-grau\/"},"modified":"2024-04-05T07:46:27","modified_gmt":"2024-04-05T07:46:27","slug":"alpinestars-andes-air-drystar-jacke-schwarz-grau","status":"publish","type":"product","link":"https:\/\/moto-oprema.com\/de\/Artikel\/alpinestars-andes-air-drystar-jacke-schwarz-grau\/","title":{"rendered":"ALPINESTARS ANDES AIR DRYSTAR JACKE SCHWARZ GRAU"},"content":{"rendered":"<p>Die Andes Air Drystar\u00ae Jacke wurde entwickelt, um optimalen Schutz, Komfort, Luftzirkulation und Bel\u00fcftung bei warmen Bedingungen zu bieten und sich gleichzeitig schnell und einfach an k\u00e4ltere Temperaturen und nasses Wetter anzupassen, was sie zu einer idealen Reisejacke f\u00fcr zwei Jahreszeiten macht.<\/p>\n<p>1. eine stra\u00dfentaugliche Passform mit verk\u00fcrzter L\u00e4nge und einem konturierten unteren Rand. Die Jacke verf\u00fcgt \u00fcber vorgeformte \u00c4rmel f\u00fcr \u00fcberragenden Fahrerkomfort und geringere Erm\u00fcdung.<br \/>\n2. Ausgedehntes 2D-Mesh auf der Brust, den Innenarmen und dem R\u00fccken f\u00fcr optimale Luftzirkulation und Bel\u00fcftung bei warmen Fahrbedingungen.<br \/>\n3. Die 100 % wasserdichte und atmungsaktive, herausnehmbare Drystar\u00ae-Membran kann \u00fcber oder unter der Jacke getragen werden und passt sich so schnell und einfach den besten Wetterbedingungen an.<br \/>\n4.Nucleon Flex Plus Level 1 Panzerung an Schultern und Ellbogen f\u00fcr effektiven Aufprallschutz.<br \/>\nVorbereitet f\u00fcr Tech-Air\u00ae 5 und Tech-Air\u00ae 3.<br \/>\nRipstop-Verst\u00e4rkungen an Schultern, Ellbogen und Unterarmen f\u00fcr effektive Abriebfestigkeit.<br \/>\nGem\u00e4\u00df der europ\u00e4ischen Gesetzgebung ist die CE-Kennzeichnung eine Konformit\u00e4tsbedingung f\u00fcr die Vermarktung dieses Produkts. Es gelten die folgenden Normen.   <\/p>\n<p><span style=\"font-family: 'Times New Roman', serif\"><span style=\"font-size: medium\"><span style=\"font-family: 'Times New Roman', serif\"><span lang=\"en\" xml_lang=\"en\">93% Polyester, 7% Polyamid<\/span><\/span><\/span><\/span><\/p>\n","protected":false},"excerpt":{"rendered":"<p>Die Andes Air Drystar\u00ae Jacke wurde entwickelt, um optimalen Schutz, Komfort, Luftzirkulation und Bel\u00fcftung bei warmen&#8230;<\/p>\n","protected":false},"featured_media":27873,"comment_status":"open","ping_status":"open","template":"","meta":{"_acf_changed":false},"brand":[2111],"gender":[2168],"product_brand":[],"product_cat":[1357,2045,2048],"product_tag":[],"class_list":{"0":"post-101594","1":"product","2":"type-product","3":"status-publish","4":"has-post-thumbnail","6":"brand-alpinestars-de","7":"gender-moski-de","8":"product_cat-ausrustung-fur-motorradfahrer","9":"product_cat-jakne-de","10":"product_cat-textil-jacken","11":"pa_velikost-st-l-de","12":"pa_velikost-st-m-de","13":"pa_velikost-st-s-de","14":"pa_velikost-st-xl-de","15":"pa_velikost-st-xxl-de","16":"pa_velikost-st-xxxl-de","18":"first","19":"instock","20":"sale","21":"taxable","22":"shipping-taxable","23":"purchasable","24":"product-type-variable"},"acf":[],"_links":{"self":[{"href":"https:\/\/moto-oprema.com\/de\/wp-json\/wp\/v2\/product\/101594","targetHints":{"allow":["GET"]}}],"collection":[{"href":"https:\/\/moto-oprema.com\/de\/wp-json\/wp\/v2\/product"}],"about":[{"href":"https:\/\/moto-oprema.com\/de\/wp-json\/wp\/v2\/types\/product"}],"replies":[{"embeddable":true,"href":"https:\/\/moto-oprema.com\/de\/wp-json\/wp\/v2\/comments?post=101594"}],"wp:featuredmedia":[{"embeddable":true,"href":"https:\/\/moto-oprema.com\/de\/wp-json\/wp\/v2\/media\/27873"}],"wp:attachment":[{"href":"https:\/\/moto-oprema.com\/de\/wp-json\/wp\/v2\/media?parent=101594"}],"wp:term":[{"taxonomy":"brand","embeddable":true,"href":"https:\/\/moto-oprema.com\/de\/wp-json\/wp\/v2\/brand?post=101594"},{"taxonomy":"gender","embeddable":true,"href":"https:\/\/moto-oprema.com\/de\/wp-json\/wp\/v2\/gender?post=101594"},{"taxonomy":"product_brand","embeddable":true,"href":"https:\/\/moto-oprema.com\/de\/wp-json\/wp\/v2\/product_brand?post=101594"},{"taxonomy":"product_cat","embeddable":true,"href":"https:\/\/moto-oprema.com\/de\/wp-json\/wp\/v2\/product_cat?post=101594"},{"taxonomy":"product_tag","embeddable":true,"href":"https:\/\/moto-oprema.com\/de\/wp-json\/wp\/v2\/product_tag?post=101594"}],"curies":[{"name":"wp","href":"https:\/\/api.w.org\/{rel}","templated":true}]}}