{"id":101559,"date":"2024-04-03T07:36:29","date_gmt":"2024-04-03T07:36:29","guid":{"rendered":"https:\/\/moto-oprema.com\/Artikel\/alpinestars-dyno-frauen-lederjacke-schwarz-rot\/"},"modified":"2024-04-03T07:36:29","modified_gmt":"2024-04-03T07:36:29","slug":"alpinestars-dyno-frauen-lederjacke-schwarz-rot","status":"publish","type":"product","link":"https:\/\/moto-oprema.com\/de\/Artikel\/alpinestars-dyno-frauen-lederjacke-schwarz-rot\/","title":{"rendered":"ALPINESTARS DYNO FRAUEN LEDERJACKE SCHWARZ ROT"},"content":{"rendered":"<p>Die speziell f\u00fcr Frauen entworfene Lederjacke Stella Dyno ist eine moderne Interpretation der traditionellen Alpinestars Jacke. Sie kombiniert hochwertiges Leder mit dem richtigen Schnitt, um eine Jacke zu kreieren, die sowohl auf dem Motorrad als auch abseits davon gut aussieht, in jedem Kontext. Diese Jacke wird au\u00dferdem mit einer abnehmbaren Thermojacke geliefert, die ihre Leistung und Vielseitigkeit erh\u00f6ht.   <\/p>\n<p>1. aus 1,0-1,2 mm dickem Rindsleder f\u00fcr eine optimale Kombination aus Leichtigkeit, D\u00fcnnheit, Weichheit und St\u00e4rke<br \/>\nzu tragen.<br \/>\n2. das Leder wird im Tauchverfahren gef\u00e4rbt und die dabei verwendeten \u00d6le sorgen f\u00fcr ein nat\u00fcrliches Finish.<br \/>\nmit \u00fcberlegener Gesamtweichheit und einem weicheren Gef\u00fchl auf der Haut.<br \/>\n3. eine abnehmbare Thermojacke mit 80 g Isolierung auf der Vorderseite f\u00fcr effizientes Arbeiten bei kalten Bedingungen.<br \/>\nNucleon Flex Plus CE Level 1 Panzerung an Schultern und Ellbogen f\u00fcr hervorragenden Aufprallschutz.<br \/>\nDie Schulter- und Ellbogenpolster haben ein niedriges Profil f\u00fcr eine bessere Passform.<br \/>\nFlache Ellbogenpolster f\u00fcr eine schlichte und stilvolle \u00c4sthetik.<br \/>\nBereit f\u00fcr Tech-Air\u00ae 3.<br \/>\nNach europ\u00e4ischem Recht ist die CE-Kennzeichnung eine Konformit\u00e4tsbedingung f\u00fcr die Vermarktung dieses Produkts.<br \/>\nEs gelten die folgenden Normen:Vollst\u00e4ndig zertifizierte Motorradbekleidung, vollst\u00e4ndig CE-zertifiziert &#8211; Kategorie II EN17092-4:2020 &#8211; Klasse A.<\/p>\n<p>Zusammensetzung des Rohmaterials: 100% Leder<\/p>\n<p>&nbsp;<\/p>\n","protected":false},"excerpt":{"rendered":"<p>Die speziell f\u00fcr Frauen entworfene Lederjacke Stella Dyno ist eine moderne Interpretation der traditionellen Alpinestars Jacke&#8230;.<\/p>\n","protected":false},"featured_media":27791,"comment_status":"open","ping_status":"closed","template":"","meta":{"_acf_changed":false},"brand":[2111],"gender":[2170],"product_brand":[],"product_cat":[1357,2045,2228],"product_tag":[],"class_list":{"0":"post-101559","1":"product","2":"type-product","3":"status-publish","4":"has-post-thumbnail","6":"brand-alpinestars-de","7":"gender-zenska-de","8":"product_cat-ausrustung-fur-motorradfahrer","9":"product_cat-jakne-de","10":"product_cat-lederjacken","11":"pa_size-l-de","12":"pa_size-m-de","13":"pa_size-s-de","14":"pa_size-xl-de","15":"pa_size-xs-de","17":"first","18":"instock","19":"sale","20":"taxable","21":"shipping-taxable","22":"purchasable","23":"product-type-variable"},"acf":[],"_links":{"self":[{"href":"https:\/\/moto-oprema.com\/de\/wp-json\/wp\/v2\/product\/101559","targetHints":{"allow":["GET"]}}],"collection":[{"href":"https:\/\/moto-oprema.com\/de\/wp-json\/wp\/v2\/product"}],"about":[{"href":"https:\/\/moto-oprema.com\/de\/wp-json\/wp\/v2\/types\/product"}],"replies":[{"embeddable":true,"href":"https:\/\/moto-oprema.com\/de\/wp-json\/wp\/v2\/comments?post=101559"}],"wp:featuredmedia":[{"embeddable":true,"href":"https:\/\/moto-oprema.com\/de\/wp-json\/wp\/v2\/media\/27791"}],"wp:attachment":[{"href":"https:\/\/moto-oprema.com\/de\/wp-json\/wp\/v2\/media?parent=101559"}],"wp:term":[{"taxonomy":"brand","embeddable":true,"href":"https:\/\/moto-oprema.com\/de\/wp-json\/wp\/v2\/brand?post=101559"},{"taxonomy":"gender","embeddable":true,"href":"https:\/\/moto-oprema.com\/de\/wp-json\/wp\/v2\/gender?post=101559"},{"taxonomy":"product_brand","embeddable":true,"href":"https:\/\/moto-oprema.com\/de\/wp-json\/wp\/v2\/product_brand?post=101559"},{"taxonomy":"product_cat","embeddable":true,"href":"https:\/\/moto-oprema.com\/de\/wp-json\/wp\/v2\/product_cat?post=101559"},{"taxonomy":"product_tag","embeddable":true,"href":"https:\/\/moto-oprema.com\/de\/wp-json\/wp\/v2\/product_tag?post=101559"}],"curies":[{"name":"wp","href":"https:\/\/api.w.org\/{rel}","templated":true}]}}