{"id":101508,"date":"2024-01-03T09:27:08","date_gmt":"2024-01-03T09:27:08","guid":{"rendered":"https:\/\/moto-oprema.com\/Artikel\/fox-instinct-mx-schuhe-a1-50th-le-schwarz\/"},"modified":"2024-01-03T09:27:08","modified_gmt":"2024-01-03T09:27:08","slug":"fox-instinct-mx-schuhe-a1-50th-le-schwarz","status":"publish","type":"product","link":"https:\/\/moto-oprema.com\/de\/Artikel\/fox-instinct-mx-schuhe-a1-50th-le-schwarz\/","title":{"rendered":"FOX INSTINCT MX SCHUHE A1 50TH LE SCHWARZ"},"content":{"rendered":"<p>V\u00f6llig neu entwickelte Premium-Motocross-Stiefel mit Eigenschaften auf professionellem Niveau. Die komplett neu entwickelten Instinct-Stiefel liefern vom ersten Tragen an eine hervorragende Leistung. F\u00fcr diese Motocross-Stiefel auf Profi-Niveau wurde ein neues, patentiertes Schnallenverschlusssystem entwickelt, das einen sicheren Sitz und eine perfekte Passform sowie sofortigen Komfort im gesamten Stiefel gew\u00e4hrleistet. Dar\u00fcber hinaus bremst das patentierte Verschlusssystem dieser Stiefel gef\u00e4hrliche Bewegungen, bevor es zu einer \u00dcberdehnung kommt. Durch das schmale Design dieser hochwertigen Stiefel k\u00f6nnen Sie den Kontakt mit der Maschine sp\u00fcren. Das Obermaterial aus Mikrofaser-Kunstleder bietet \u00fcberragenden Komfort und eine hervorragende Passform, Flexibilit\u00e4t und Haltbarkeit. Unser exklusiver FOX Ultratac\u2122 Gummiverbundstoff sorgt f\u00fcr die Au\u00dfensohle und den unteren\/mittleren\/oberen Verbrennungsschutz mit hervorragender Haltbarkeit und un\u00fcbertroffener Traktion.      <\/p>\n<p>Das niedrige Racing-Profil bringt den Fu\u00df etwas tiefer und n\u00e4her an die Fu\u00dfraste f\u00fcr mehr Gef\u00fchl beim Bremsen und Schalten, w\u00e4hrend die Schienbein- und Wadenschoner sowie die Zehen- und Fersenkappen aus TPU f\u00fcr zuverl\u00e4ssigen Schutz sorgen. Eine Glasfaser-Nylon-Verbundmanschette am Kn\u00f6chel bietet ebenfalls zus\u00e4tzlichen Schutz. Die Einlegesohle, die sto\u00dfd\u00e4mpfende Zwischensohle und das Fersenpolster sorgen f\u00fcr Aufprallschutz, Stabilit\u00e4t und Halt im Fu\u00dfbereich. Das atmungsaktive Mesh-Innenfutter mit antimikrobieller Microban-Beschichtung bietet hohen Tragekomfort und eine Vielzahl von Funktionen zur effektiven Geruchskontrolle, damit die Stiefel auch nach vielen Fahrten frisch bleiben. Eine schmale Zehenkappe f\u00fcr leichtes Schalten und ein schlankeres Gesamtprofil runden das Gesamtpaket ab.    <\/p>\n<p>Merkmale:<\/p>\n<p>Instinct Stiefel mit optimierter Passform f\u00fcr sofortigen Komfort<br \/>\nObermaterial aus Mikrofaser-Kunstleder f\u00fcr \u00fcberragenden Komfort und Passform, Flexibilit\u00e4t und Haltbarkeit<br \/>\nSchmaler Schaft f\u00fcr besseren Kontakt mit der Maschine<br \/>\nUltratac\u2122 Verbrennungsschutz f\u00fcr einen durchdringenden Griff<br \/>\nSchmale Kappe f\u00fcr leichteres Verschieben und ein schlankeres Gesamtprofil<br \/>\nKomfortables, atmungsaktives Mesh-Innenfutter mit antimikrobieller Microban-Beschichtung und effektiver Geruchskontrolle<br \/>\nManschette aus Fiberglas und Nylon f\u00fcr zuverl\u00e4ssigen Halt am Kn\u00f6chel<br \/>\nPatentiertes Verriegelungssystem zum Schutz vor \u00dcberstreckung<br \/>\nNeues patentiertes Schnallenverschlusssystem f\u00fcr einen sicheren Sitz und absoluten Komfort im ganzen Schuh<br \/>\nExklusives Fox Ultratac\u2122 Gummi-Verbundmaterial f\u00fcr hervorragende Haltbarkeit und un\u00fcbertroffenen Grip der Au\u00dfensohle und Schutz vor Verbrennungen im unteren\/mittleren\/oberen Bereich<br \/>\nNiedriges Rennprofil f\u00fcr eine engere Fu\u00dfposition zu den Fu\u00dfrasten und mehr Gef\u00fchl beim Bremsen und Schalten<br \/>\nPatentierte Einlegesohle aus Nylon und Glasfaserverbundwerkstoff mit sto\u00dfabsorbierender Zwischensohle und Fersenpolster f\u00fcr Sto\u00dffestigkeit, Stabilit\u00e4t und Halt am Fu\u00dfr\u00fccken<br \/>\nAuswechselbare Gummisohle und Einlegesohle (separat erh\u00e4ltlich)<\/p>\n<p>Technische Daten:<\/p>\n<p>TPU-Schienbein- und Wadenprotektoren sowie TPU-Zehen- und Fersenkappen f\u00fcr zuverl\u00e4ssigen Schutz<br \/>\nMotorradschutzausr\u00fcstung gem\u00e4\u00df der Verordnung (EU) 2016\/425<br \/>\nPers\u00f6nliche Schutzausr\u00fcstung &#8211; Motorradschutzstiefel (EN 13634:2010)<\/p>\n","protected":false},"excerpt":{"rendered":"<p>Limitierte Auflage FOX A1 50TH LE MX Schuh<\/p>\n","protected":false},"featured_media":25532,"comment_status":"open","ping_status":"closed","template":"","meta":{"_acf_changed":false},"brand":[2115],"gender":[],"product_brand":[],"product_cat":[2028,2244],"product_tag":[],"class_list":{"0":"post-101508","1":"product","2":"type-product","3":"status-publish","4":"has-post-thumbnail","6":"brand-fox-de","7":"product_cat-motocross-ausrustung","8":"product_cat-mx-stiefel","9":"pa_size-10-544-5-de","10":"pa_size-1044-de","11":"pa_size-11-546-de","12":"pa_size-1145-de","13":"pa_size-1246-5-de","14":"pa_size-1348-de","15":"pa_size-841-de","16":"pa_size-942-5-de","18":"first","19":"instock","20":"taxable","21":"shipping-taxable","22":"purchasable","23":"product-type-variable"},"acf":[],"_links":{"self":[{"href":"https:\/\/moto-oprema.com\/de\/wp-json\/wp\/v2\/product\/101508","targetHints":{"allow":["GET"]}}],"collection":[{"href":"https:\/\/moto-oprema.com\/de\/wp-json\/wp\/v2\/product"}],"about":[{"href":"https:\/\/moto-oprema.com\/de\/wp-json\/wp\/v2\/types\/product"}],"replies":[{"embeddable":true,"href":"https:\/\/moto-oprema.com\/de\/wp-json\/wp\/v2\/comments?post=101508"}],"wp:featuredmedia":[{"embeddable":true,"href":"https:\/\/moto-oprema.com\/de\/wp-json\/wp\/v2\/media\/25532"}],"wp:attachment":[{"href":"https:\/\/moto-oprema.com\/de\/wp-json\/wp\/v2\/media?parent=101508"}],"wp:term":[{"taxonomy":"brand","embeddable":true,"href":"https:\/\/moto-oprema.com\/de\/wp-json\/wp\/v2\/brand?post=101508"},{"taxonomy":"gender","embeddable":true,"href":"https:\/\/moto-oprema.com\/de\/wp-json\/wp\/v2\/gender?post=101508"},{"taxonomy":"product_brand","embeddable":true,"href":"https:\/\/moto-oprema.com\/de\/wp-json\/wp\/v2\/product_brand?post=101508"},{"taxonomy":"product_cat","embeddable":true,"href":"https:\/\/moto-oprema.com\/de\/wp-json\/wp\/v2\/product_cat?post=101508"},{"taxonomy":"product_tag","embeddable":true,"href":"https:\/\/moto-oprema.com\/de\/wp-json\/wp\/v2\/product_tag?post=101508"}],"curies":[{"name":"wp","href":"https:\/\/api.w.org\/{rel}","templated":true}]}}