{"id":101499,"date":"2024-01-03T08:56:30","date_gmt":"2024-01-03T08:56:30","guid":{"rendered":"https:\/\/moto-oprema.com\/Artikel\/fox-360-mx-trikot-a1-50th-le-schwarz\/"},"modified":"2024-01-03T08:56:30","modified_gmt":"2024-01-03T08:56:30","slug":"fox-360-mx-trikot-a1-50th-le-schwarz","status":"publish","type":"product","link":"https:\/\/moto-oprema.com\/de\/Artikel\/fox-360-mx-trikot-a1-50th-le-schwarz\/","title":{"rendered":"FOX 360 MX TRIKOT A1 50TH LE SCHWARZ"},"content":{"rendered":"<div class=\"long-description\">\n<div class=\"item_short_desc\">\n<p>Das streng limitierte FOX 360 A1 50th LE Trikot wurde speziell f\u00fcr Motocross entwickelt und kombiniert robuste Haltbarkeit mit agiler Bewegungsfreiheit.<\/p>\n<p>Das feuchtigkeitsableitende TruDri\u00ae-Hauptteil sorgt f\u00fcr eine weiche, leichte Passform und transportiert den Schwei\u00df vom K\u00f6rper weg. Vorgeformte \u00c4rmel schaffen eine nat\u00fcrliche Rider Attack Position (RAP\u2122) f\u00fcr eine bessere ergonomische Passform auf dem Rad. Strapazierf\u00e4higes Piqu\u00e9-Zonenfutter verbessert die Abriebfestigkeit. Bel\u00fcftete Netzeins\u00e4tze an den Seiten und am R\u00fccken sorgen f\u00fcr optimale Atmungsaktivit\u00e4t und Luftzirkulation. Der bestickte Kragen und die minimal dehnbaren Manschetten sorgen f\u00fcr \u00fcberragenden Komfort. Das Drop-Tail-Design h\u00e4lt das Hemd sicher in der Hose.     <\/p>\n<p>Material: 100 % Polyester<\/p>\n<\/div>\n<\/div>\n","protected":false},"excerpt":{"rendered":"<p>Das Fox 360 Trikot ist eine Kombination aus Haltbarkeit, Komfort und Mobilit\u00e4t. Akribisch entwickelt mit der&#8230;<\/p>\n","protected":false},"featured_media":101505,"comment_status":"open","ping_status":"closed","template":"","meta":{"_acf_changed":false},"brand":[2115],"gender":[],"product_brand":[],"product_cat":[2028,2029],"product_tag":[],"class_list":{"0":"post-101499","1":"product","2":"type-product","3":"status-publish","4":"has-post-thumbnail","6":"brand-fox-de","7":"product_cat-motocross-ausrustung","8":"product_cat-mx-dresi-de","9":"pa_size-l-de","10":"pa_size-m-de","11":"pa_size-s-de","12":"pa_size-xl-de","13":"pa_size-xxl-de","15":"first","16":"instock","17":"taxable","18":"shipping-taxable","19":"purchasable","20":"product-type-variable"},"acf":[],"_links":{"self":[{"href":"https:\/\/moto-oprema.com\/de\/wp-json\/wp\/v2\/product\/101499","targetHints":{"allow":["GET"]}}],"collection":[{"href":"https:\/\/moto-oprema.com\/de\/wp-json\/wp\/v2\/product"}],"about":[{"href":"https:\/\/moto-oprema.com\/de\/wp-json\/wp\/v2\/types\/product"}],"replies":[{"embeddable":true,"href":"https:\/\/moto-oprema.com\/de\/wp-json\/wp\/v2\/comments?post=101499"}],"wp:featuredmedia":[{"embeddable":true,"href":"https:\/\/moto-oprema.com\/de\/wp-json\/wp\/v2\/media\/101505"}],"wp:attachment":[{"href":"https:\/\/moto-oprema.com\/de\/wp-json\/wp\/v2\/media?parent=101499"}],"wp:term":[{"taxonomy":"brand","embeddable":true,"href":"https:\/\/moto-oprema.com\/de\/wp-json\/wp\/v2\/brand?post=101499"},{"taxonomy":"gender","embeddable":true,"href":"https:\/\/moto-oprema.com\/de\/wp-json\/wp\/v2\/gender?post=101499"},{"taxonomy":"product_brand","embeddable":true,"href":"https:\/\/moto-oprema.com\/de\/wp-json\/wp\/v2\/product_brand?post=101499"},{"taxonomy":"product_cat","embeddable":true,"href":"https:\/\/moto-oprema.com\/de\/wp-json\/wp\/v2\/product_cat?post=101499"},{"taxonomy":"product_tag","embeddable":true,"href":"https:\/\/moto-oprema.com\/de\/wp-json\/wp\/v2\/product_tag?post=101499"}],"curies":[{"name":"wp","href":"https:\/\/api.w.org\/{rel}","templated":true}]}}