{"id":101460,"date":"2024-05-29T07:23:40","date_gmt":"2024-05-29T07:23:40","guid":{"rendered":"https:\/\/moto-oprema.com\/Artikel\/dainese-drake-2-super-air-tex-hosen-fuer-frauen\/"},"modified":"2024-05-29T07:23:40","modified_gmt":"2024-05-29T07:23:40","slug":"dainese-drake-2-super-air-tex-hosen-fuer-frauen","status":"publish","type":"product","link":"https:\/\/moto-oprema.com\/de\/Artikel\/dainese-drake-2-super-air-tex-hosen-fuer-frauen\/","title":{"rendered":"DAINESE DRAKE 2 SUPER AIR TEX HOSEN F\u00dcR FRAUEN"},"content":{"rendered":"<p>Die Drake 2 Super Air Tex ist eine Motorradhose f\u00fcr Damen aus weichem und leichtem Material. Sie wurde f\u00fcr Motorradtouren im Hochsommer entwickelt und verf\u00fcgt \u00fcber eine gro\u00dfe Netzkonstruktion, die auch an hei\u00dfen Tagen f\u00fcr maximale Bel\u00fcftung sorgt.<\/p>\n<p>Diese Hose wurde entwickelt, um die Ergonomie und die Bewegungsfreiheit w\u00e4hrend der Fahrt zu verbessern und gleichzeitig die hohen Sicherheitsstandards von Dainese einzuhalten: Sie ist nach EN 17092 Klasse A zertifiziert, verf\u00fcgt \u00fcber abnehmbare Composite-Schutzvorrichtungen und Seitentaschen, die f\u00fcr die Aufnahme von Pro-Shape Soft Guards ausgelegt sind.<\/p>\n<p>Mit ihrem funktionellen, praktischen und technischen Design ist die Drake 2 Super Air Tex Hose die perfekte Kombination mit der Air Frame 3 Jacke, die mit einem praktischen Rei\u00dfverschluss verbunden werden kann.<\/p>\n<p><span style=\"font-family: arial, helvetica, sans-serif;font-size: small\">100% Polyester<\/span><\/p>\n<div id=\"tab-product-description\" class=\"ui-tabs-panel ui-widget-content ui-corner-bottom\">\n<div class=\"description\"><\/div>\n<\/div>\n","protected":false},"excerpt":{"rendered":"<p>Die Drake 2 Super Air Tex ist eine Motorradhose f\u00fcr Damen aus weichem und leichtem Material&#8230;.<\/p>\n","protected":false},"featured_media":29201,"comment_status":"open","ping_status":"open","template":"","meta":{"_acf_changed":false},"brand":[2113],"gender":[],"product_brand":[],"product_cat":[1357,2189,2211],"product_tag":[],"class_list":{"0":"post-101460","1":"product","2":"type-product","3":"status-publish","4":"has-post-thumbnail","6":"brand-dainese-de","7":"product_cat-ausrustung-fur-motorradfahrer","8":"product_cat-hose","9":"product_cat-textil-hose","10":"pa_velikost-st-40-de","11":"pa_velikost-st-42-de","12":"pa_velikost-st-44-de","13":"pa_velikost-st-46-de","14":"pa_velikost-st-48-de","15":"pa_velikost-st-50-de","16":"pa_velikost-st-52-de","17":"pa_velikost-st-54-de","19":"first","20":"instock","21":"sale","22":"taxable","23":"shipping-taxable","24":"purchasable","25":"product-type-variable"},"acf":[],"_links":{"self":[{"href":"https:\/\/moto-oprema.com\/de\/wp-json\/wp\/v2\/product\/101460","targetHints":{"allow":["GET"]}}],"collection":[{"href":"https:\/\/moto-oprema.com\/de\/wp-json\/wp\/v2\/product"}],"about":[{"href":"https:\/\/moto-oprema.com\/de\/wp-json\/wp\/v2\/types\/product"}],"replies":[{"embeddable":true,"href":"https:\/\/moto-oprema.com\/de\/wp-json\/wp\/v2\/comments?post=101460"}],"wp:featuredmedia":[{"embeddable":true,"href":"https:\/\/moto-oprema.com\/de\/wp-json\/wp\/v2\/media\/29201"}],"wp:attachment":[{"href":"https:\/\/moto-oprema.com\/de\/wp-json\/wp\/v2\/media?parent=101460"}],"wp:term":[{"taxonomy":"brand","embeddable":true,"href":"https:\/\/moto-oprema.com\/de\/wp-json\/wp\/v2\/brand?post=101460"},{"taxonomy":"gender","embeddable":true,"href":"https:\/\/moto-oprema.com\/de\/wp-json\/wp\/v2\/gender?post=101460"},{"taxonomy":"product_brand","embeddable":true,"href":"https:\/\/moto-oprema.com\/de\/wp-json\/wp\/v2\/product_brand?post=101460"},{"taxonomy":"product_cat","embeddable":true,"href":"https:\/\/moto-oprema.com\/de\/wp-json\/wp\/v2\/product_cat?post=101460"},{"taxonomy":"product_tag","embeddable":true,"href":"https:\/\/moto-oprema.com\/de\/wp-json\/wp\/v2\/product_tag?post=101460"}],"curies":[{"name":"wp","href":"https:\/\/api.w.org\/{rel}","templated":true}]}}