{"id":101443,"date":"2024-08-05T07:32:09","date_gmt":"2024-08-05T07:32:09","guid":{"rendered":"https:\/\/moto-oprema.com\/Artikel\/agv-pista-gp-rr-performante-e2206-schwarz-gruen\/"},"modified":"2024-08-05T07:32:09","modified_gmt":"2024-08-05T07:32:09","slug":"agv-pista-gp-rr-performante-e2206-schwarz-gruen","status":"publish","type":"product","link":"https:\/\/moto-oprema.com\/de\/Artikel\/agv-pista-gp-rr-performante-e2206-schwarz-gruen\/","title":{"rendered":"AGV PISTA GP RR PERFORMANTE E2206 SCHWARZ GR\u00dcN"},"content":{"rendered":"<p>Performante Carbon-Helm AGV Pista GP RR<\/p>\n<p>Der f\u00fcr die MotoGP\u2122 entwickelte Helm ist jetzt f\u00fcr alle Fahrer erh\u00e4ltlich. Der Pista GP RR ist eine perfekte Nachbildung des AGV-Helms, der von den MotoGP-Weltmeistern verwendet wird. Aus diesem Grund hat er eine neue FIM-Homologation erhalten, die das h\u00f6chstm\u00f6gliche Schutzniveau garantiert. Er sch\u00fctzt auch vor gef\u00e4hrlichen Rotationsbeschleunigungen des Kopfes. Jedes Detail ist auf absolute Leistung ausgelegt. Die Schale aus 100 % Extreme Carbonfaser sorgt f\u00fcr extreme Leichtigkeit, so dass Sie beim Tragen nie ein Gef\u00fchl von Gewicht haben. Das Design und die Metall\u00f6ffnungen wurden im Windkanal analysiert und von AGV-Athleten getestet, um die beste aerodynamische Durchdringung und maximale Stabilit\u00e4t bei hohen Geschwindigkeiten zu erreichen &#8211; auch dank des innovativen PRO-Heckspoilerprofils. Das Ultravision Visier der optischen Klasse 1 ist dank seiner Dicke von 5 mm ein wesentlicher Bestandteil des Schutzes und erm\u00f6glicht eine 190\u00b0-Rundumsicht. Das bedeutet, dass Sie die Rennstrecke, Gegner und Hindernisse klarer sehen und allen anderen voraus sind. Mit dem exklusiven 360\u00b0 Adaptive Fit System l\u00e4sst sich die Innenausstattung vollst\u00e4ndig anpassen und bietet die M\u00f6glichkeit, die ideale Dicke auf dem Oberkopf, im Nacken und an den Wangen zu w\u00e4hlen. Grundlegender Komfort, um buchst\u00e4blich den Kopf freizubekommen und einfach weiterzudenken. Jedes Detail ist darauf ausgelegt, zu gewinnen. Dies ist die Perfektion der Besessenheit.            <\/p>\n<p>Merkmale:<\/p>\n<ul>\n<li>Abnehmbarer PRO Spoiler<\/li>\n<li>Rennsport-Design<\/li>\n<li>2Dry: sofortige Schwei\u00dfabsorption<\/li>\n<li>Dreiteiliges verstellbares Kopfkissen<\/li>\n<li>Flexibler 360\u00b0 Sitz<\/li>\n<li>Sicherheitssystem mit Wangenausl\u00f6sung<\/li>\n<li>Wangenpolster: Shalimar-Gewebe f\u00fcr einen weichen und stabilen Sitz auch bei hohen Geschwindigkeiten<\/li>\n<li>Kopfpolster: elastische und atmungsaktive Mikrofaser<\/li>\n<li>Gebogenes Nackenschutzprofil<\/li>\n<li>Microsense: \u00dcberlegener Hautkomfort<\/li>\n<li>Futter: atmungsaktiver Stoff mit elastischen und wasserdichten Eins\u00e4tzen<\/li>\n<li>Nahtlos in sensiblen Bereichen<\/li>\n<li>Herausnehmbares und waschbares Futter<\/li>\n<li>Abnehmbarer Nasenschutz<\/li>\n<li>Abnehmbarer Windschutz<\/li>\n<li>2 Bel\u00fcftungs\u00f6ffnungen auf der R\u00fcckseite und 5 Bel\u00fcftungs\u00f6ffnungen auf der Vorderseite<\/li>\n<li>L\u00fcftungsschlitze und Bel\u00fcftungs\u00f6ffnungen aus Metall<\/li>\n<li>190\u00b0 horizontales Sichtfeld<\/li>\n<li>85\u00b0 vertikales Sichtfeld<\/li>\n<li>5 mm Dicke des Visiers<\/li>\n<li>Klasse 1-Optik<\/li>\n<li>Kratzfestes Visier<\/li>\n<li>Mechanismus f\u00fcr Metallproben<\/li>\n<li>Patentiertes optionales Schnellwechselsystem f\u00fcr das Visier<\/li>\n<li>patentiertes Visierverriegelungssystem<\/li>\n<li>\n<\/li>\n<\/ul>\n<p>Technische Daten:<\/p>\n<ul>\n<li>100% Kohlefaser<\/li>\n<li>Doppelte D-Ring Titan-Schnalle<\/li>\n<li>EPS 5 Dichte in 4 Schalengr\u00f6\u00dfen<\/li>\n<li>Schalenstruktur und EPS zur Reduzierung von Rotationsbeschleunigungen<\/li>\n<li>(FIM homologiert) ECE 2206<\/li>\n<li>Gewicht: 1450g (+\/- 50g)<\/li>\n<\/ul>\n<p>Enthalten:<\/p>\n<p>1 x AGV Pista GP RR Helm<br \/>\n1 x Inneneinstellungs-Kit (oberes Kopfpolster, Nackenpolster, Wangenpolster)<br \/>\n1 x Trinksystem<br \/>\n1 x 100% Max Vision Pinlock (120)<br \/>\n1 x Tr\u00e4nenfilm-Kit<br \/>\ninkl. Ohrst\u00f6psel<br \/>\ninkl. L\u00fcftungskappen<\/p>\n","protected":false},"excerpt":{"rendered":"<p>Performante Carbon-Helm AGV Pista GP RR Der f\u00fcr die MotoGP\u2122 entwickelte Helm ist jetzt f\u00fcr alle&#8230;<\/p>\n","protected":false},"featured_media":101456,"comment_status":"open","ping_status":"closed","template":"","meta":{"_acf_changed":false},"brand":[2128],"gender":[2173],"product_brand":[],"product_cat":[1357,1360,1361],"product_tag":[],"class_list":{"0":"post-101443","1":"product","2":"type-product","3":"status-publish","4":"has-post-thumbnail","6":"brand-agv-de","7":"gender-unisex-de","8":"product_cat-ausrustung-fur-motorradfahrer","9":"product_cat-helme","10":"product_cat-integral","11":"pa_size-l-de","12":"pa_size-m-de","13":"pa_size-s-de","14":"pa_size-xl-de","15":"pa_size-xxl-de","17":"first","18":"instock","19":"sale","20":"taxable","21":"shipping-taxable","22":"purchasable","23":"product-type-variable"},"acf":[],"_links":{"self":[{"href":"https:\/\/moto-oprema.com\/de\/wp-json\/wp\/v2\/product\/101443","targetHints":{"allow":["GET"]}}],"collection":[{"href":"https:\/\/moto-oprema.com\/de\/wp-json\/wp\/v2\/product"}],"about":[{"href":"https:\/\/moto-oprema.com\/de\/wp-json\/wp\/v2\/types\/product"}],"replies":[{"embeddable":true,"href":"https:\/\/moto-oprema.com\/de\/wp-json\/wp\/v2\/comments?post=101443"}],"wp:featuredmedia":[{"embeddable":true,"href":"https:\/\/moto-oprema.com\/de\/wp-json\/wp\/v2\/media\/101456"}],"wp:attachment":[{"href":"https:\/\/moto-oprema.com\/de\/wp-json\/wp\/v2\/media?parent=101443"}],"wp:term":[{"taxonomy":"brand","embeddable":true,"href":"https:\/\/moto-oprema.com\/de\/wp-json\/wp\/v2\/brand?post=101443"},{"taxonomy":"gender","embeddable":true,"href":"https:\/\/moto-oprema.com\/de\/wp-json\/wp\/v2\/gender?post=101443"},{"taxonomy":"product_brand","embeddable":true,"href":"https:\/\/moto-oprema.com\/de\/wp-json\/wp\/v2\/product_brand?post=101443"},{"taxonomy":"product_cat","embeddable":true,"href":"https:\/\/moto-oprema.com\/de\/wp-json\/wp\/v2\/product_cat?post=101443"},{"taxonomy":"product_tag","embeddable":true,"href":"https:\/\/moto-oprema.com\/de\/wp-json\/wp\/v2\/product_tag?post=101443"}],"curies":[{"name":"wp","href":"https:\/\/api.w.org\/{rel}","templated":true}]}}