{"id":101349,"date":"2024-05-08T08:36:21","date_gmt":"2024-05-08T08:36:21","guid":{"rendered":"https:\/\/moto-oprema.com\/Artikel\/spidi-traveler-3-evo-damen-jacke-schwarz-rot\/"},"modified":"2024-05-08T08:36:21","modified_gmt":"2024-05-08T08:36:21","slug":"spidi-traveler-3-evo-damen-jacke-schwarz-rot","status":"publish","type":"product","link":"https:\/\/moto-oprema.com\/de\/Artikel\/spidi-traveler-3-evo-damen-jacke-schwarz-rot\/","title":{"rendered":"SPIDI TRAVELER 3 EVO DAMEN JACKE SCHWARZ ROT"},"content":{"rendered":"<p>Die SPIDI Traveler 3 Evo Lady H2Out\u00ae Jacket ist die neueste Entwicklung der Traveler-Kollektion, die f\u00fcr Komfort und Zuverl\u00e4ssigkeit bei einem hervorragenden Preis-Leistungs-Verh\u00e4ltnis entwickelt wurde. Die Jacke verf\u00fcgt \u00fcber ein herausnehmbares 150 g\/m2 Thermo-Futter und eine H2Out\u00ae-Membran f\u00fcr wasserdichte, winddichte und atmungsaktive Leistung. F\u00fcr eine hohe Luftzirkulation sorgen die dynamischen Bel\u00fcftungs\u00f6ffnungen auf der Vorder- und R\u00fcckseite mit dem exklusiven SPIDI Direct Airflow System, einer effektiven Methode zur Verbesserung der K\u00f6rpertranspiration und des Fahrerkomforts an den w\u00e4rmsten Tagen.<br \/>\nDie Basis der Jacke ist eine Kombination aus hochfestem Gewebe und Ripstop auf Polyesterbasis, die ein g\u00fcnstiges Verh\u00e4ltnis zwischen Festigkeit und Gewicht bietet.  <\/p>\n<p>Die Traveler 3 Evo H2Out\u00ae hat eine verstellbare Taille, Arme und Unterarme, um eine perfekte Passform zu gew\u00e4hrleisten. Die Sicherheit wird durch einen YKK\u00ae-Rei\u00dfverschluss zur Befestigung der Jacke an der Hose, herausnehmbare CE-zertifizierte Warrior Light Level 2 Schulter- und Ellbogenpolster und eine Tasche zur Aufnahme eines Level 1 oder Level 2 R\u00fcckenprotektors (nicht im Lieferumfang enthalten) gew\u00e4hrleistet. Die Kombination aus hochwiderstandsf\u00e4higen Stoffen und der technischen Konstruktion der sicherheitsrelevanten Bereiche hat die Herstellung einer fortschrittlichen CE-zertifizierten Jacke nach der anspruchsvollen Norm prEN 17092-3:2020 Klasse AA erm\u00f6glicht.<br \/>\nF\u00fcr Wertsachen und Ger\u00e4te wurden wasserdichte Innentaschen in der Au\u00dfenh\u00fclle und im Futter eingearbeitet, w\u00e4hrend 3M\u00ae reflektierende Zonen die Sichtbarkeit bei Nacht verbessern.  <\/p>\n<p>Zusammensetzung des Rohmaterials:<\/p>\n<p>&#8211; 100% Polyester<\/p>\n","protected":false},"excerpt":{"rendered":"<p>Die SPIDI Traveler 3 Evo Lady H2Out\u00ae Jacket ist die neueste Entwicklung der Traveler-Kollektion, die f\u00fcr&#8230;<\/p>\n","protected":false},"featured_media":28593,"comment_status":"open","ping_status":"open","template":"","meta":{"_acf_changed":false},"brand":[2124],"gender":[2170],"product_brand":[],"product_cat":[1357,2045,2048],"product_tag":[],"class_list":{"0":"post-101349","1":"product","2":"type-product","3":"status-publish","4":"has-post-thumbnail","6":"brand-spidi-de","7":"gender-zenska-de","8":"product_cat-ausrustung-fur-motorradfahrer","9":"product_cat-jakne-de","10":"product_cat-textil-jacken","11":"pa_size-3xl-de","12":"pa_size-l-de","13":"pa_size-m-de","14":"pa_size-xl-de","15":"pa_size-xs-de","16":"pa_size-xxl-de","18":"first","19":"instock","20":"sale","21":"taxable","22":"shipping-taxable","23":"purchasable","24":"product-type-variable"},"acf":[],"_links":{"self":[{"href":"https:\/\/moto-oprema.com\/de\/wp-json\/wp\/v2\/product\/101349","targetHints":{"allow":["GET"]}}],"collection":[{"href":"https:\/\/moto-oprema.com\/de\/wp-json\/wp\/v2\/product"}],"about":[{"href":"https:\/\/moto-oprema.com\/de\/wp-json\/wp\/v2\/types\/product"}],"replies":[{"embeddable":true,"href":"https:\/\/moto-oprema.com\/de\/wp-json\/wp\/v2\/comments?post=101349"}],"wp:featuredmedia":[{"embeddable":true,"href":"https:\/\/moto-oprema.com\/de\/wp-json\/wp\/v2\/media\/28593"}],"wp:attachment":[{"href":"https:\/\/moto-oprema.com\/de\/wp-json\/wp\/v2\/media?parent=101349"}],"wp:term":[{"taxonomy":"brand","embeddable":true,"href":"https:\/\/moto-oprema.com\/de\/wp-json\/wp\/v2\/brand?post=101349"},{"taxonomy":"gender","embeddable":true,"href":"https:\/\/moto-oprema.com\/de\/wp-json\/wp\/v2\/gender?post=101349"},{"taxonomy":"product_brand","embeddable":true,"href":"https:\/\/moto-oprema.com\/de\/wp-json\/wp\/v2\/product_brand?post=101349"},{"taxonomy":"product_cat","embeddable":true,"href":"https:\/\/moto-oprema.com\/de\/wp-json\/wp\/v2\/product_cat?post=101349"},{"taxonomy":"product_tag","embeddable":true,"href":"https:\/\/moto-oprema.com\/de\/wp-json\/wp\/v2\/product_tag?post=101349"}],"curies":[{"name":"wp","href":"https:\/\/api.w.org\/{rel}","templated":true}]}}