{"id":101303,"date":"2024-05-13T08:06:42","date_gmt":"2024-05-13T08:06:42","guid":{"rendered":"https:\/\/moto-oprema.com\/Artikel\/alpinestars-sp-2-schuhe-schwarz-weiss-rot\/"},"modified":"2024-05-13T08:06:42","modified_gmt":"2024-05-13T08:06:42","slug":"alpinestars-sp-2-schuhe-schwarz-weiss-rot","status":"publish","type":"product","link":"https:\/\/moto-oprema.com\/de\/Artikel\/alpinestars-sp-2-schuhe-schwarz-weiss-rot\/","title":{"rendered":"ALPINESTARS SP-2 SCHUHE SCHWARZ WEISS ROT"},"content":{"rendered":"<p>Alpinestars SP-2 Motorradstiefel<\/p>\n<p>Dieser sportlich profilierte Motorradstiefel wurde vom Alpinestars-Rennstiefel abgeleitet und f\u00fcr das Fahren auf der Stra\u00dfe und den Alltagskomfort optimiert. Er besteht aus ultraleichten Mikrofasern und bietet hervorragenden Schutz. Mit einer OrthoLite\u00ae-Einlegesohle, die ein hohes Ma\u00df an Atmungsaktivit\u00e4t und Komfort gew\u00e4hrleistet, verf\u00fcgt der S-P 2 \u00fcber eine exklusive Laufsohle aus einer Gummimischung, die bei allen Wetterbedingungen eine hervorragende Traktion bietet und ein \u00e4u\u00dferst pr\u00e4zises Handling erm\u00f6glicht. Dieser Schuh ist au\u00dferdem mit dem BOA Quick Buckle System ausgestattet, einem schnellen und einfachen System zur pr\u00e4zisen Befestigung des Schuhs, das Schn\u00fcrsenkel f\u00fcr eine optimale Passform \u00fcberfl\u00fcssig macht.  <\/p>\n<p>Merkmale:<\/p>\n<p>Alpinestars&#8216; fortschrittliche Soft-Compact- und Mikrofaserkonstruktion f\u00fcr die optimale Kombination aus Komfort und Haltbarkeit.<br \/>\nSchnelles BOA-Verschlusssystem f\u00fcr eine sichere und optimierte Passform.<br \/>\nOrthoLite\u00ae-Einsatz f\u00fcr hohe Atmungsaktivit\u00e4t.<br \/>\nSportsohle mit hochflexibler Innenstruktur (Tragsohle) f\u00fcr mehr Laufkomfort.<br \/>\nDas Haupt-Obermaterial besteht aus Mikrofaser mit einer Zunge und einem hinteren Akkordeon aus leichtem, gepolstertem Material, das hervorragenden Komfort bietet.<br \/>\nNeue BOA Speed Lace System Technologie f\u00fcr schnellen, pr\u00e4zisen und sicheren Verschluss.<br \/>\nUnter dem TPU-Obermaterial und dem \u00e4u\u00dferen Seitenschutz befinden sich Kn\u00f6chelscheiben, die von einem Schaumstoff mit doppelter Dichte gest\u00fctzt werden und vollen strategischen Schutz und Flexibilit\u00e4t in einem wichtigen Bereich bieten.<br \/>\nDie TPU-Verst\u00e4rkung an der Au\u00dfenseite der Finger sch\u00fctzt vor Absch\u00fcrfungen und sorgt f\u00fcr mehr Stabilit\u00e4t.<br \/>\nGeschwei\u00dfter reflektierender Einsatz auf der R\u00fcckseite.<br \/>\nDie TPU-Ferse sch\u00fctzt vor St\u00f6\u00dfen und Absch\u00fcrfungen.<br \/>\n\u00c4u\u00dferer Fingerschieber aus TPU mit doppelter Dichte<br \/>\nInnere Fingerverst\u00e4rkung unter Mikrofaser f\u00fcr erh\u00f6hte Haltbarkeit.<br \/>\nStrategisch platzierte Perforationen auf dem Obermaterial mit offenzelliger Konstruktion in weicher Gesellschaft f\u00fcr hohe Luftzirkulation und Atmungsaktivit\u00e4t.<br \/>\nHerausnehmbares anatomisches PU-Schaum-Fu\u00dfbett mit offenen Zellen f\u00fcr erh\u00f6hten Komfort.<br \/>\nAlpinestars exklusive Sportsohle aus einer vulkanisierten Gummimischung mit einer hochflexiblen Innenstruktur f\u00fcr verbesserten Komfort im Alltag.<br \/>\nEN13634:2017.<\/p>\n<p>&nbsp;<\/p>\n","protected":false},"excerpt":{"rendered":"","protected":false},"featured_media":28858,"comment_status":"open","ping_status":"closed","template":"","meta":{"_acf_changed":false},"brand":[2111],"gender":[],"product_brand":[],"product_cat":[1357,2043,2051],"product_tag":[],"class_list":{"0":"post-101303","1":"product","2":"type-product","3":"status-publish","4":"has-post-thumbnail","6":"brand-alpinestars-de","7":"product_cat-ausrustung-fur-motorradfahrer","8":"product_cat-schuhe","9":"product_cat-sportliches-schuhwerk","10":"pa_size-37-de","11":"pa_size-38-de","12":"pa_size-39-de","13":"pa_size-40-de","14":"pa_size-41-de","15":"pa_size-42-de","16":"pa_size-43-de","17":"pa_size-44-de","18":"pa_size-45-de","19":"pa_size-46-de","20":"pa_size-47-de","21":"pa_size-48-de","23":"first","24":"instock","25":"sale","26":"taxable","27":"shipping-taxable","28":"purchasable","29":"product-type-variable"},"acf":[],"_links":{"self":[{"href":"https:\/\/moto-oprema.com\/de\/wp-json\/wp\/v2\/product\/101303","targetHints":{"allow":["GET"]}}],"collection":[{"href":"https:\/\/moto-oprema.com\/de\/wp-json\/wp\/v2\/product"}],"about":[{"href":"https:\/\/moto-oprema.com\/de\/wp-json\/wp\/v2\/types\/product"}],"replies":[{"embeddable":true,"href":"https:\/\/moto-oprema.com\/de\/wp-json\/wp\/v2\/comments?post=101303"}],"wp:featuredmedia":[{"embeddable":true,"href":"https:\/\/moto-oprema.com\/de\/wp-json\/wp\/v2\/media\/28858"}],"wp:attachment":[{"href":"https:\/\/moto-oprema.com\/de\/wp-json\/wp\/v2\/media?parent=101303"}],"wp:term":[{"taxonomy":"brand","embeddable":true,"href":"https:\/\/moto-oprema.com\/de\/wp-json\/wp\/v2\/brand?post=101303"},{"taxonomy":"gender","embeddable":true,"href":"https:\/\/moto-oprema.com\/de\/wp-json\/wp\/v2\/gender?post=101303"},{"taxonomy":"product_brand","embeddable":true,"href":"https:\/\/moto-oprema.com\/de\/wp-json\/wp\/v2\/product_brand?post=101303"},{"taxonomy":"product_cat","embeddable":true,"href":"https:\/\/moto-oprema.com\/de\/wp-json\/wp\/v2\/product_cat?post=101303"},{"taxonomy":"product_tag","embeddable":true,"href":"https:\/\/moto-oprema.com\/de\/wp-json\/wp\/v2\/product_tag?post=101303"}],"curies":[{"name":"wp","href":"https:\/\/api.w.org\/{rel}","templated":true}]}}