{"id":101295,"date":"2024-01-05T09:23:14","date_gmt":"2024-01-05T09:23:14","guid":{"rendered":"https:\/\/moto-oprema.com\/Artikel\/alpinestars-schottenkaro-motorradhemd-rot\/"},"modified":"2024-01-05T09:23:14","modified_gmt":"2024-01-05T09:23:14","slug":"alpinestars-schottenkaro-motorradhemd-rot","status":"publish","type":"product","link":"https:\/\/moto-oprema.com\/de\/Artikel\/alpinestars-schottenkaro-motorradhemd-rot\/","title":{"rendered":"ALPINESTARS SCHOTTENKARO MOTORRADHEMD ROT"},"content":{"rendered":"<p>Alpinestars Tartan Motorradhemd<\/p>\n<p>Das MO.ST.EQ (Moto Streetwear Equipment) Tartan Shirt ist ein Reitkleidungsst\u00fcck, das halb Hemd und halb Kapuze ist. Es schafft einen v\u00f6llig einzigartigen Ansatz f\u00fcr Motorradbekleidung und individuellen Fahrerstil und bietet gleichzeitig umfassenden Schutz. Das Hemd im Tartan-Look mit kurzen \u00c4rmeln und fester Innenkapuze besteht aus einem Innenstoff mit 9% Elastan, einem Vier-Wege-Stretchstoff mit aufgesetzter und freiliegender Panzerung und einem Au\u00dfenstoff aus hochfestem Polyamid mit Karomuster. Das Hemd ist mit einer wasserabweisenden Behandlung versehen, um einen h\u00f6heren Tragekomfort und eine einfachere Handhabung bei unterschiedlichen Klimabedingungen zu gew\u00e4hrleisten. Die freiliegende Panzerung ist eine Nucleon Flex Plus Level 1 Panzerung, die sich durch ein geringes Gewicht, Atmungsaktivit\u00e4t und einen diskreten Look auszeichnet. Das MO.ST.EQ Tartan Hemd verf\u00fcgt au\u00dferdem \u00fcber einen Hauptrei\u00dfverschluss mit au\u00dfenliegenden Stiften, Rei\u00dfverschlusshandtaschen und eine wasserdichte Innentasche. Das Hemd hat Verbindungsschlaufen f\u00fcr Hosen, ein sublimiertes Mesh-Innenfutter und schlie\u00dflich eine abnehmbare Kapuze, um es f\u00fcr den t\u00e4glichen Gebrauch praktisch zu machen. Die Moto Streetwear Equipment-Kollektion verk\u00f6rpert eine echte Verbindung zu den aktuellen Stilen und Designs der zeitgen\u00f6ssischen Stra\u00dfenmode auf der ganzen Welt und kombiniert kompromisslos urbanen Stil mit der Praktikabilit\u00e4t eines Bikers.       <\/p>\n<p>Merkmale:<\/p>\n<p>Hemdjacke f\u00fcr die \u00dcbergangszeit, konzipiert f\u00fcr den Fahrsport<br \/>\nkurz\u00e4rmeliger Look mit fester Innenkapuze und freiliegenden Ellbogenpolstern<br \/>\nwasserabweisende Behandlung<br \/>\nHauptrei\u00dfverschluss und externe<br \/>\n Seitliche Rei\u00dfverschlusstaschen<br \/>\nNucleon Flex Plus R\u00fcstung<br \/>\nWasserdichtes Innenfach<br \/>\nHosenschlaufen<br \/>\nSublimiertes Netzfutter<br \/>\nAbnehmbare Kapuze<br \/>\nTechnische Daten:<\/p>\n<p>Motorradschutzkleidung, Schutzklasse A, Kategorie II (EN 17092-4:2020)<br \/>\nSchulter- und Ellbogenpolster Nucleon Flex Plus, Stufe 1, Kategorie II (EN 1621-1:2012)<br \/>\nZUS\u00c4TZLICHE PRODUKTINFORMATIONEN<br \/>\nRohstoffzusammensetzung: 54 % Polyester, 44 % Baumwolle, 2 % Elastan; Futter: 100 % Polyester.<\/p>\n","protected":false},"excerpt":{"rendered":"","protected":false},"featured_media":25577,"comment_status":"open","ping_status":"open","template":"","meta":{"_acf_changed":false},"brand":[2111],"gender":[],"product_brand":[],"product_cat":[1357,2045,2048],"product_tag":[],"class_list":{"0":"post-101295","1":"product","2":"type-product","3":"status-publish","4":"has-post-thumbnail","6":"brand-alpinestars-de","7":"product_cat-ausrustung-fur-motorradfahrer","8":"product_cat-jakne-de","9":"product_cat-textil-jacken","10":"pa_size-l-de","11":"pa_size-m-de","12":"pa_size-s-de","13":"pa_size-xl-de","14":"pa_size-xxl-de","15":"pa_size-xxxl-de","17":"first","18":"instock","19":"taxable","20":"shipping-taxable","21":"purchasable","22":"product-type-variable"},"acf":[],"_links":{"self":[{"href":"https:\/\/moto-oprema.com\/de\/wp-json\/wp\/v2\/product\/101295","targetHints":{"allow":["GET"]}}],"collection":[{"href":"https:\/\/moto-oprema.com\/de\/wp-json\/wp\/v2\/product"}],"about":[{"href":"https:\/\/moto-oprema.com\/de\/wp-json\/wp\/v2\/types\/product"}],"replies":[{"embeddable":true,"href":"https:\/\/moto-oprema.com\/de\/wp-json\/wp\/v2\/comments?post=101295"}],"wp:featuredmedia":[{"embeddable":true,"href":"https:\/\/moto-oprema.com\/de\/wp-json\/wp\/v2\/media\/25577"}],"wp:attachment":[{"href":"https:\/\/moto-oprema.com\/de\/wp-json\/wp\/v2\/media?parent=101295"}],"wp:term":[{"taxonomy":"brand","embeddable":true,"href":"https:\/\/moto-oprema.com\/de\/wp-json\/wp\/v2\/brand?post=101295"},{"taxonomy":"gender","embeddable":true,"href":"https:\/\/moto-oprema.com\/de\/wp-json\/wp\/v2\/gender?post=101295"},{"taxonomy":"product_brand","embeddable":true,"href":"https:\/\/moto-oprema.com\/de\/wp-json\/wp\/v2\/product_brand?post=101295"},{"taxonomy":"product_cat","embeddable":true,"href":"https:\/\/moto-oprema.com\/de\/wp-json\/wp\/v2\/product_cat?post=101295"},{"taxonomy":"product_tag","embeddable":true,"href":"https:\/\/moto-oprema.com\/de\/wp-json\/wp\/v2\/product_tag?post=101295"}],"curies":[{"name":"wp","href":"https:\/\/api.w.org\/{rel}","templated":true}]}}