{"id":101235,"date":"2024-05-23T07:52:33","date_gmt":"2024-05-23T07:52:33","guid":{"rendered":"https:\/\/moto-oprema.com\/Artikel\/alpinestars-tech-10-supervented-blau-lila\/"},"modified":"2024-05-23T07:52:33","modified_gmt":"2024-05-23T07:52:33","slug":"alpinestars-tech-10-supervented-blau-lila","status":"publish","type":"product","link":"https:\/\/moto-oprema.com\/de\/Artikel\/alpinestars-tech-10-supervented-blau-lila\/","title":{"rendered":"ALPINESTARS TECH 10 SUPERVENTED BLAU LILA"},"content":{"rendered":"<p>Perfektion durch Innovation. Die neuen Tech 10 Stiefel haben den kultigen Tech 10 Look und ein v\u00f6llig neues Konzept f\u00fcr Fahrerkomfort, Gef\u00fchl und Sicherheit. Bei der Neugestaltung des Tech 10 wurden drei Priorit\u00e4ten gesetzt. Das Alpinetars-Team, das hinter den MX-Stiefeln steht, wollte die allgemeine Funktionalit\u00e4t, Sicherheit und Leistung verbessern, das Gewicht reduzieren und weniger Material verwenden. Das Ergebnis ist, dass die neuen Tech 10 Stiefel mehr Bewegungsfreiheit bieten und die Sicherheit des Fahrers nicht beeintr\u00e4chtigen.    <\/p>\n<p>Merkmale:<\/p>\n<ul>\n<li>Bequem zu tragen bei allen Wetterbedingungen<\/li>\n<li>Verwendung einzigartiger Alpinestars Technologien (Frontal Flexion Control Frame, asymmetrische Dual-Pivot-Arme, Dynamic Heel Compression Protection Shock Absorber)<\/li>\n<li>Reduziertes Gewicht<\/li>\n<li>Verwendung eines neu entwickelten Verbundmaterials, das leichter, aber haltbarer ist<\/li>\n<li>Reduzierte physische Form<\/li>\n<\/ul>\n","protected":false},"excerpt":{"rendered":"<p>Perfektion durch Innovation: Der neue Schuh beh\u00e4lt den kultigen Tech 10-Look bei, bietet aber einen v\u00f6llig&#8230;<\/p>\n","protected":false},"featured_media":29162,"comment_status":"open","ping_status":"open","template":"","meta":{"_acf_changed":false},"brand":[2111],"gender":[],"product_brand":[],"product_cat":[2028,2244],"product_tag":[],"class_list":{"0":"post-101235","1":"product","2":"type-product","3":"status-publish","4":"has-post-thumbnail","6":"brand-alpinestars-de","7":"product_cat-motocross-ausrustung","8":"product_cat-mx-stiefel","9":"pa_size-10445-de","10":"pa_size-11455-de","11":"pa_size-1247-de","12":"pa_size-1348-de","13":"pa_size-14495-de","14":"pa_size-7405-de","15":"pa_size-842-de","16":"pa_size-943-de","18":"first","19":"instock","20":"sale","21":"taxable","22":"shipping-taxable","23":"purchasable","24":"product-type-variable"},"acf":[],"_links":{"self":[{"href":"https:\/\/moto-oprema.com\/de\/wp-json\/wp\/v2\/product\/101235","targetHints":{"allow":["GET"]}}],"collection":[{"href":"https:\/\/moto-oprema.com\/de\/wp-json\/wp\/v2\/product"}],"about":[{"href":"https:\/\/moto-oprema.com\/de\/wp-json\/wp\/v2\/types\/product"}],"replies":[{"embeddable":true,"href":"https:\/\/moto-oprema.com\/de\/wp-json\/wp\/v2\/comments?post=101235"}],"wp:featuredmedia":[{"embeddable":true,"href":"https:\/\/moto-oprema.com\/de\/wp-json\/wp\/v2\/media\/29162"}],"wp:attachment":[{"href":"https:\/\/moto-oprema.com\/de\/wp-json\/wp\/v2\/media?parent=101235"}],"wp:term":[{"taxonomy":"brand","embeddable":true,"href":"https:\/\/moto-oprema.com\/de\/wp-json\/wp\/v2\/brand?post=101235"},{"taxonomy":"gender","embeddable":true,"href":"https:\/\/moto-oprema.com\/de\/wp-json\/wp\/v2\/gender?post=101235"},{"taxonomy":"product_brand","embeddable":true,"href":"https:\/\/moto-oprema.com\/de\/wp-json\/wp\/v2\/product_brand?post=101235"},{"taxonomy":"product_cat","embeddable":true,"href":"https:\/\/moto-oprema.com\/de\/wp-json\/wp\/v2\/product_cat?post=101235"},{"taxonomy":"product_tag","embeddable":true,"href":"https:\/\/moto-oprema.com\/de\/wp-json\/wp\/v2\/product_tag?post=101235"}],"curies":[{"name":"wp","href":"https:\/\/api.w.org\/{rel}","templated":true}]}}