{"id":101208,"date":"2024-01-23T10:32:48","date_gmt":"2024-01-23T10:32:48","guid":{"rendered":"https:\/\/moto-oprema.com\/Artikel\/red-bull-ktm-sportbag-carve\/"},"modified":"2024-01-23T10:32:48","modified_gmt":"2024-01-23T10:32:48","slug":"red-bull-ktm-sportbag-carve","status":"publish","type":"product","link":"https:\/\/moto-oprema.com\/de\/Artikel\/red-bull-ktm-sportbag-carve\/","title":{"rendered":"RED BULL KTM SPORTBAG CARVE"},"content":{"rendered":"<p>Wenn Sie Ihre Leidenschaft f\u00fcr RED BULL KTM auf dem Weg ins Fitnessstudio oder zum Sportplatz zeigen wollen, nehmen Sie die RED BULL KTM Carve Sporttasche mit. Sie bietet viel Platz f\u00fcr Ihre Kleidung und all Ihre anderen wichtigen Dinge. Hauptfach mit Rei\u00dfverschluss und separates Schuhfach. Fronttasche mit Rei\u00dfverschluss. Trageriemen. Red Bull KTM Racing Logo-Aufkleber.<\/p>\n","protected":false},"excerpt":{"rendered":"<p>Gr\u00f6\u00dfe: 56x33x26 cm<\/p>\n","protected":false},"featured_media":26240,"comment_status":"open","ping_status":"open","template":"","meta":{"_acf_changed":false},"brand":[2332],"gender":[],"product_brand":[],"product_cat":[1357,2078,2024],"product_tag":[],"class_list":{"0":"post-101208","1":"product","2":"type-product","3":"status-publish","4":"has-post-thumbnail","6":"brand-roter-bulle","7":"product_cat-ausrustung-fur-motorradfahrer","8":"product_cat-koffer-und-taschen","9":"product_cat-zubehor","11":"first","12":"instock","13":"taxable","14":"shipping-taxable","15":"purchasable","16":"product-type-simple"},"acf":[],"_links":{"self":[{"href":"https:\/\/moto-oprema.com\/de\/wp-json\/wp\/v2\/product\/101208","targetHints":{"allow":["GET"]}}],"collection":[{"href":"https:\/\/moto-oprema.com\/de\/wp-json\/wp\/v2\/product"}],"about":[{"href":"https:\/\/moto-oprema.com\/de\/wp-json\/wp\/v2\/types\/product"}],"replies":[{"embeddable":true,"href":"https:\/\/moto-oprema.com\/de\/wp-json\/wp\/v2\/comments?post=101208"}],"wp:featuredmedia":[{"embeddable":true,"href":"https:\/\/moto-oprema.com\/de\/wp-json\/wp\/v2\/media\/26240"}],"wp:attachment":[{"href":"https:\/\/moto-oprema.com\/de\/wp-json\/wp\/v2\/media?parent=101208"}],"wp:term":[{"taxonomy":"brand","embeddable":true,"href":"https:\/\/moto-oprema.com\/de\/wp-json\/wp\/v2\/brand?post=101208"},{"taxonomy":"gender","embeddable":true,"href":"https:\/\/moto-oprema.com\/de\/wp-json\/wp\/v2\/gender?post=101208"},{"taxonomy":"product_brand","embeddable":true,"href":"https:\/\/moto-oprema.com\/de\/wp-json\/wp\/v2\/product_brand?post=101208"},{"taxonomy":"product_cat","embeddable":true,"href":"https:\/\/moto-oprema.com\/de\/wp-json\/wp\/v2\/product_cat?post=101208"},{"taxonomy":"product_tag","embeddable":true,"href":"https:\/\/moto-oprema.com\/de\/wp-json\/wp\/v2\/product_tag?post=101208"}],"curies":[{"name":"wp","href":"https:\/\/api.w.org\/{rel}","templated":true}]}}