{"id":101158,"date":"2024-01-18T09:31:29","date_gmt":"2024-01-18T09:31:29","guid":{"rendered":"https:\/\/moto-oprema.com\/Artikel\/alpinestars-mx-kinder-racer-gefunden-schwarz\/"},"modified":"2024-01-18T09:31:29","modified_gmt":"2024-01-18T09:31:29","slug":"alpinestars-mx-kinder-racer-gefunden-schwarz","status":"publish","type":"product","link":"https:\/\/moto-oprema.com\/de\/Artikel\/alpinestars-mx-kinder-racer-gefunden-schwarz\/","title":{"rendered":"ALPINESTARS MX KINDER RACER GEFUNDEN SCHWARZ"},"content":{"rendered":"<p>Leichte und strapazierf\u00e4hige Hose, speziell entwickelt mit Stretcheins\u00e4tzen und vorgeformten Beinen. Hergestellt aus strapazierf\u00e4higem 600D-Polygewebe, das f\u00fcr zus\u00e4tzliche Haltbarkeit mit PU beschichtet und an den wichtigsten Stellen verst\u00e4rkt ist.  <\/p>\n<p>100% Polyester<\/p>\n<div id=\"tab-product-description-original\" class=\"ui-tabs-panel ui-widget-content ui-corner-bottom\">\n<div class=\"description\">\n<p><strong>Merkmale:<\/strong><\/p>\n<ul>\n<li>600D Poly-Gewebe Hauptchassis-Konstruktion, die PU-beschichtet ist f\u00fcr St\u00e4rke mit einer technischen Sehnsucht f\u00fcr Haltbarkeit.<\/li>\n<li>Stretch-Stoffeins\u00e4tze im Schritt, an den Knien und an der hinteren Taille f\u00fcr erh\u00f6hten Fahrkomfort.<\/li>\n<li>3D-Muster-Konstruktion f\u00fcr zus\u00e4tzlichen Fahrerkomfort und unvergleichliche Bewegungsfreiheit.<\/li>\n<li>Hochwertiges Kunstleder an den Knien f\u00fcr Hitzebest\u00e4ndigkeit, Grip und Komfort.<\/li>\n<li>Ratschenverschluss f\u00fcr eine sichere, individuelle Passform.<\/li>\n<li>Komfortables Mesh-Futter f\u00fcr hervorragende Atmungsaktivit\u00e4t.<\/li>\n<\/ul>\n<\/div>\n<\/div>\n","protected":false},"excerpt":{"rendered":"<p>Alpinestars Racer Hose f\u00fcr Kinder.<\/p>\n","protected":false},"featured_media":25931,"comment_status":"open","ping_status":"open","template":"","meta":{"_acf_changed":false},"brand":[2111],"gender":[],"product_brand":[],"product_cat":[2028,2069],"product_tag":[],"class_list":{"0":"post-101158","1":"product","2":"type-product","3":"status-publish","4":"has-post-thumbnail","6":"brand-alpinestars-de","7":"product_cat-motocross-ausrustung","8":"product_cat-mx-hose","9":"pa_size-18-de","10":"pa_size-20-de","11":"pa_size-22-de","12":"pa_size-24-de","13":"pa_size-26-de","14":"pa_size-28-de","16":"first","17":"instock","18":"sale","19":"taxable","20":"shipping-taxable","21":"purchasable","22":"product-type-variable"},"acf":[],"_links":{"self":[{"href":"https:\/\/moto-oprema.com\/de\/wp-json\/wp\/v2\/product\/101158","targetHints":{"allow":["GET"]}}],"collection":[{"href":"https:\/\/moto-oprema.com\/de\/wp-json\/wp\/v2\/product"}],"about":[{"href":"https:\/\/moto-oprema.com\/de\/wp-json\/wp\/v2\/types\/product"}],"replies":[{"embeddable":true,"href":"https:\/\/moto-oprema.com\/de\/wp-json\/wp\/v2\/comments?post=101158"}],"wp:featuredmedia":[{"embeddable":true,"href":"https:\/\/moto-oprema.com\/de\/wp-json\/wp\/v2\/media\/25931"}],"wp:attachment":[{"href":"https:\/\/moto-oprema.com\/de\/wp-json\/wp\/v2\/media?parent=101158"}],"wp:term":[{"taxonomy":"brand","embeddable":true,"href":"https:\/\/moto-oprema.com\/de\/wp-json\/wp\/v2\/brand?post=101158"},{"taxonomy":"gender","embeddable":true,"href":"https:\/\/moto-oprema.com\/de\/wp-json\/wp\/v2\/gender?post=101158"},{"taxonomy":"product_brand","embeddable":true,"href":"https:\/\/moto-oprema.com\/de\/wp-json\/wp\/v2\/product_brand?post=101158"},{"taxonomy":"product_cat","embeddable":true,"href":"https:\/\/moto-oprema.com\/de\/wp-json\/wp\/v2\/product_cat?post=101158"},{"taxonomy":"product_tag","embeddable":true,"href":"https:\/\/moto-oprema.com\/de\/wp-json\/wp\/v2\/product_tag?post=101158"}],"curies":[{"name":"wp","href":"https:\/\/api.w.org\/{rel}","templated":true}]}}