{"id":101150,"date":"2024-05-08T09:42:27","date_gmt":"2024-05-08T09:42:27","guid":{"rendered":"https:\/\/moto-oprema.com\/Artikel\/alpinestars-hose-stella-andes-air-drystar-schwarz\/"},"modified":"2024-05-08T09:42:27","modified_gmt":"2024-05-08T09:42:27","slug":"alpinestars-hose-stella-andes-air-drystar-schwarz","status":"publish","type":"product","link":"https:\/\/moto-oprema.com\/de\/Artikel\/alpinestars-hose-stella-andes-air-drystar-schwarz\/","title":{"rendered":"ALPINESTARS HOSE STELLA ANDES AIR DRYSTAR SCHWARZ"},"content":{"rendered":"<p>Die Andes Air Drystar\u00ae Hose wurde entwickelt, um optimalen Schutz, Komfort, Bel\u00fcftung und Luftzirkulation bei hei\u00dfem Wetter zu bieten, l\u00e4sst sich aber auch schnell und einfach an k\u00fchlere Temperaturen und nasses Wetter anpassen, was sie zur idealen Reisehose f\u00fcr beide Jahreszeiten macht.<br \/>\nStra\u00dfentaugliche Passform mit vorgeformten Beinen f\u00fcr \u00fcberragenden Komfort und weniger Erm\u00fcdung<\/p>\n<p>1. mit umfangreichem 2D-Netzgewebe zur Optimierung der Luftzirkulation und Bel\u00fcftung unter hei\u00dfen Bedingungen konstruiert.<br \/>\n2. die 100% wasserdichte und atmungsaktive, herausnehmbare Drystar\u00ae-Membran kann \u00fcber oder unter der Hose getragen werden,<br \/>\nso dass Sie sich einfach und schnell den Wetterbedingungen anpassen k\u00f6nnen.<br \/>\n3. elastische Eins\u00e4tze im Schritt und an den Knien f\u00fcr eine bessere Passform und mehr Komfort.<br \/>\n4. die Cargo-Taschen f\u00fcr mehr Benutzerfreundlichkeit und Komfort.<br \/>\n5. die Nucleon Flex Plus Level 1 Kniepanzerung f\u00fcr effektiven Aufprallschutz.<br \/>\n&#8211; Taschen zur Aufnahme von H\u00fcftgurten, als Zubeh\u00f6r erh\u00e4ltlich.<br \/>\nNach europ\u00e4ischem Recht ist die CE-Kennzeichnung eine Konformit\u00e4tsbedingung f\u00fcr die Vermarktung dieses Produkts.<br \/>\nEs gelten die folgenden Normen: Vollst\u00e4ndig CE-zertifiziert Vollst\u00e4ndig CE-zertifizierte Reitbekleidung<br \/>\n&#8211; Kategorie II EN17092-4:2020<br \/>\n&#8211; Klasse A.<\/p>\n<p>93% Polyester, 7% Polyamid<\/p>\n","protected":false},"excerpt":{"rendered":"<p>Alpinestars Andes Air Hose f\u00fcr Frauen<\/p>\n","protected":false},"featured_media":28640,"comment_status":"open","ping_status":"closed","template":"","meta":{"_acf_changed":false},"brand":[2111],"gender":[2170],"product_brand":[],"product_cat":[1357,2189,2211],"product_tag":[],"class_list":{"0":"post-101150","1":"product","2":"type-product","3":"status-publish","4":"has-post-thumbnail","6":"brand-alpinestars-de","7":"gender-zenska-de","8":"product_cat-ausrustung-fur-motorradfahrer","9":"product_cat-hose","10":"product_cat-textil-hose","11":"pa_velikost-st-l-de","12":"pa_velikost-st-m-de","13":"pa_velikost-st-s-de","14":"pa_velikost-st-xl-de","15":"pa_velikost-st-xxl-de","16":"pa_velikost-st-xxxl-de","18":"first","19":"instock","20":"sale","21":"taxable","22":"shipping-taxable","23":"purchasable","24":"product-type-variable"},"acf":[],"_links":{"self":[{"href":"https:\/\/moto-oprema.com\/de\/wp-json\/wp\/v2\/product\/101150","targetHints":{"allow":["GET"]}}],"collection":[{"href":"https:\/\/moto-oprema.com\/de\/wp-json\/wp\/v2\/product"}],"about":[{"href":"https:\/\/moto-oprema.com\/de\/wp-json\/wp\/v2\/types\/product"}],"replies":[{"embeddable":true,"href":"https:\/\/moto-oprema.com\/de\/wp-json\/wp\/v2\/comments?post=101150"}],"wp:featuredmedia":[{"embeddable":true,"href":"https:\/\/moto-oprema.com\/de\/wp-json\/wp\/v2\/media\/28640"}],"wp:attachment":[{"href":"https:\/\/moto-oprema.com\/de\/wp-json\/wp\/v2\/media?parent=101150"}],"wp:term":[{"taxonomy":"brand","embeddable":true,"href":"https:\/\/moto-oprema.com\/de\/wp-json\/wp\/v2\/brand?post=101150"},{"taxonomy":"gender","embeddable":true,"href":"https:\/\/moto-oprema.com\/de\/wp-json\/wp\/v2\/gender?post=101150"},{"taxonomy":"product_brand","embeddable":true,"href":"https:\/\/moto-oprema.com\/de\/wp-json\/wp\/v2\/product_brand?post=101150"},{"taxonomy":"product_cat","embeddable":true,"href":"https:\/\/moto-oprema.com\/de\/wp-json\/wp\/v2\/product_cat?post=101150"},{"taxonomy":"product_tag","embeddable":true,"href":"https:\/\/moto-oprema.com\/de\/wp-json\/wp\/v2\/product_tag?post=101150"}],"curies":[{"name":"wp","href":"https:\/\/api.w.org\/{rel}","templated":true}]}}