{"id":101086,"date":"2024-04-02T07:25:35","date_gmt":"2024-04-02T07:25:35","guid":{"rendered":"https:\/\/moto-oprema.com\/Artikel\/spidi-corsa-tex-jacke-schwarz-weiss\/"},"modified":"2024-04-02T07:25:35","modified_gmt":"2024-04-02T07:25:35","slug":"spidi-corsa-tex-jacke-schwarz-weiss","status":"publish","type":"product","link":"https:\/\/moto-oprema.com\/de\/Artikel\/spidi-corsa-tex-jacke-schwarz-weiss\/","title":{"rendered":"SPIDI CORSA TEX JACKE SCHWARZ WEISS"},"content":{"rendered":"<p>Die SPIDI Corsa Tex ist die ideale Motorradjacke f\u00fcr alle, die beim Fahren von Sport- und Sporttouring-Motorr\u00e4dern Wert auf Leichtigkeit und Komfort legen.<\/p>\n<p>Das Au\u00dfenmaterial ist ein dreilagiges Softshell-Material mit Zwei-Wege-Stretch, das aus einer Kombination aus weichen, schwei\u00dfhemmenden Multifasern und einer winddichten Windout-Membran besteht. An den hei\u00dfesten Tagen \u00f6ffnen Sie einfach die beiden Bel\u00fcftungs\u00f6ffnungen, die strategisch an der Oberseite der Schultern platziert sind, und sorgen f\u00fcr eine effiziente Luftzirkulation. In k\u00e4lteren Klimazonen k\u00f6nnen Sie stattdessen das herausnehmbare 60 g\/m2 Steppfutter verwenden. <\/p>\n<p>Die herausnehmbaren Warrior Lite Schulter- und Ellbogenpolster der Stufe 2 und die optionalen R\u00fcckenpolster der Stufen 1 oder 2 sorgen f\u00fcr ein hohes Ma\u00df an Schutz. Der Corsa Tex ist CE\/UKCA Klasse A zertifiziert gem\u00e4\u00df EN 17092:4-2020.    <\/p>\n<p>100% Polyester<\/p>\n","protected":false},"excerpt":{"rendered":"<p>Die SPIDI Corsa Tex ist die ideale Motorradjacke f\u00fcr alle, die beim Fahren von Sport- und&#8230;<\/p>\n","protected":false},"featured_media":27707,"comment_status":"open","ping_status":"open","template":"","meta":{"_acf_changed":false},"brand":[2124],"gender":[2168],"product_brand":[],"product_cat":[1357,2045,2048],"product_tag":[],"class_list":{"0":"post-101086","1":"product","2":"type-product","3":"status-publish","4":"has-post-thumbnail","6":"brand-spidi-de","7":"gender-moski-de","8":"product_cat-ausrustung-fur-motorradfahrer","9":"product_cat-jakne-de","10":"product_cat-textil-jacken","11":"pa_size-l-de","12":"pa_size-m-de","13":"pa_size-s-de","14":"pa_size-xl-de","15":"pa_size-xxl-de","16":"pa_size-xxxl-de","18":"first","19":"instock","20":"sale","21":"taxable","22":"shipping-taxable","23":"purchasable","24":"product-type-variable"},"acf":[],"_links":{"self":[{"href":"https:\/\/moto-oprema.com\/de\/wp-json\/wp\/v2\/product\/101086","targetHints":{"allow":["GET"]}}],"collection":[{"href":"https:\/\/moto-oprema.com\/de\/wp-json\/wp\/v2\/product"}],"about":[{"href":"https:\/\/moto-oprema.com\/de\/wp-json\/wp\/v2\/types\/product"}],"replies":[{"embeddable":true,"href":"https:\/\/moto-oprema.com\/de\/wp-json\/wp\/v2\/comments?post=101086"}],"wp:featuredmedia":[{"embeddable":true,"href":"https:\/\/moto-oprema.com\/de\/wp-json\/wp\/v2\/media\/27707"}],"wp:attachment":[{"href":"https:\/\/moto-oprema.com\/de\/wp-json\/wp\/v2\/media?parent=101086"}],"wp:term":[{"taxonomy":"brand","embeddable":true,"href":"https:\/\/moto-oprema.com\/de\/wp-json\/wp\/v2\/brand?post=101086"},{"taxonomy":"gender","embeddable":true,"href":"https:\/\/moto-oprema.com\/de\/wp-json\/wp\/v2\/gender?post=101086"},{"taxonomy":"product_brand","embeddable":true,"href":"https:\/\/moto-oprema.com\/de\/wp-json\/wp\/v2\/product_brand?post=101086"},{"taxonomy":"product_cat","embeddable":true,"href":"https:\/\/moto-oprema.com\/de\/wp-json\/wp\/v2\/product_cat?post=101086"},{"taxonomy":"product_tag","embeddable":true,"href":"https:\/\/moto-oprema.com\/de\/wp-json\/wp\/v2\/product_tag?post=101086"}],"curies":[{"name":"wp","href":"https:\/\/api.w.org\/{rel}","templated":true}]}}