{"id":100938,"date":"2024-06-05T09:24:29","date_gmt":"2024-06-05T09:24:29","guid":{"rendered":"https:\/\/moto-oprema.com\/Artikel\/dainese-misano-3-d-air-perf-1-stueck-leder-overall-schwarz-fl-gelb\/"},"modified":"2024-06-05T09:24:29","modified_gmt":"2024-06-05T09:24:29","slug":"dainese-misano-3-d-air-perf-1-stueck-leder-overall-schwarz-fl-gelb","status":"publish","type":"product","link":"https:\/\/moto-oprema.com\/de\/Artikel\/dainese-misano-3-d-air-perf-1-stueck-leder-overall-schwarz-fl-gelb\/","title":{"rendered":"DAINESE MISANO 3 D-AIR PERF 1 ST\u00dcCK LEDER-OVERALL SCHWARZ FL.GELB"},"content":{"rendered":"<p>Misano 3 Perf. D-air\u00ae &#8211; aus hochwertigem, vollnarbigem D-skin 2.0 Rindsleder &#8211; wurde entwickelt, um ein H\u00f6chstma\u00df an Leistung und Sicherheit auf der Rennstrecke zu bieten. Maximale Leistung wird durch die im Anzug verwendeten Technologien garantiert, die ihn extrem ergonomisch und leicht machen.  <\/p>\n<p>Das innovative elastische Pent-Axial-System am R\u00fccken ist eine Weiterentwicklung unseres Tri-Axial-Konzepts und erm\u00f6glicht eine gr\u00f6\u00dfere Bewegungsfreiheit und Mobilit\u00e4t in zur\u00fcckgelehnter Position, da sich diese Technologie in f\u00fcnf Richtungen ausdehnen l\u00e4sst und sich sanft an die Bewegungen des Motorradfahrers anpasst.<\/p>\n<p>Misano 3 Perf. D-air\u00ae ist mit dem D-air\u00ae RACING SHIELD 3X System mit dem komfortablen Racing Shield Airbag ausgestattet. Es verf\u00fcgt \u00fcber eine patentierte Mikrofasertechnologie und unterst\u00fctzt bis zu 3 Aktivierungsf\u00e4lle. Das System deckt den Hals-, Schl\u00fcsselbein- und Schulterbereich ab und kann mit dem Gasgenerator-Ersatz der neuesten Generation aufgeblasen werden.   <\/p>\n<p>F\u00fcr maximale Ergonomie und Komfort verf\u00fcgt der Anzug \u00fcber das Veloce Racing Neck System, das den Druck auf den Hals reduziert und gleichzeitig die Bewegungsfreiheit erh\u00f6ht, Pro-Armor Schulterpolster und weiche Eins\u00e4tze an den H\u00fcften. Die \u00c4rmelb\u00fcndchen sind mit selbstverriegelnden Rei\u00dfverschl\u00fcssen ausgestattet, die die traditionellen Klettverschl\u00fcsse ersetzen. Dar\u00fcber hinaus erm\u00f6glicht das Soft-Edges-Konstruktionssystem am Hals und an den \u00c4rmelb\u00fcndchen eine Anpassung an alle Formen und Arml\u00e4ngen und einen fantastischen Komfort.<br \/>\nAlle \u00c4rmelb\u00fcndchen sind aus weichem, abriebfestem Stoff gefertigt, der bequem und langlebig ist.  <\/p>\n<p>Die Aluminiumplatten an den Knien, Schultern und Ellbogen &#8211; ein ikonisches Produkt von Dainese &#8211; sind so konzipiert, dass sie Ihnen im Falle eines Unfalls beim Gleiten helfen. Dank des Replaceable Slide System (RSS) ist es m\u00f6glich, den Knieschleifer zu ersetzen, ohne die Position der am Klettverschluss des Anzugs befestigten Basis zu ver\u00e4ndern. Die Ellbogenschieber lassen sich ganz einfach auf zwei vordefinierte Positionen einstellen, je nachdem, was Sie bevorzugen und welchen Neigungswinkel Sie erreichen m\u00f6chten.  <\/p>\n<p>Sicherheit wird mit thermischem Komfort kombiniert, dank des perforierten Gewebes auf beiden Seiten des Anzugs und der gr\u00f6\u00dferen Bel\u00fcftungsbereiche an wichtigen Stellen.<\/p>\n<p>Dank des Innen- und Au\u00dfenstiefelsystems k\u00f6nnen die Stiefel sowohl unter als auch \u00fcber der Kleidung getragen werden und sch\u00fctzen so den Fu\u00df und den Kn\u00f6chel. Ein Wassersack-Kit und ein neues herausnehmbares und waschbares Innenfutter vervollst\u00e4ndigen die Ausstattung dieses revolution\u00e4ren Motorradanzugs. <\/p>\n<p><strong>FACULTY<\/strong><\/p>\n<ul>\n<li>1 Rei\u00dfverschluss an den Waden mit Stiefeleinschubsystem<\/li>\n<li>D-Air\u00ae FRS Gasgenerator<\/li>\n<li>D-air\u00ae Racing Shield Airbag, 3 Aktivierungen<\/li>\n<li>Motorradbekleidung mit EN 17092 AAA-Zertifizierung<\/li>\n<li>Auswechselbare Ellbogenschieber RSS 4.0<\/li>\n<li>Auswechselbare Knieschleifer RSS 4.0<\/li>\n<li>Set Wassers\u00e4cke<\/li>\n<\/ul>\n<p><strong>ERGONOMIE<\/strong><\/p>\n<ul>\n<li>Aerodynamischer Rennbuckel<\/li>\n<li>Elastisches pentraxiales System auf dem R\u00fccken<\/li>\n<li>Weichkantige Konstruktion<\/li>\n<li>Veloce Racing Halsband<\/li>\n<li>HAUPTMATERIALIEN<br \/>\nD-skin 2.0 Vollnarben-Rindsleder<\/li>\n<\/ul>\n<p><strong>SICHERHEIT<\/strong><\/p>\n<ul>\n<li>D-air\u00ae Airbag-System<\/li>\n<li>Nahtlose Aluminium-Kr\u00fcmmerplatten<\/li>\n<li>Nahtlose Aluminium-Schulterplatten<\/li>\n<li>Weiche Schulterpolster, zertifiziert nach EN 1621.1 Stufe 1<\/li>\n<li>\n<\/li>\n<\/ul>\n<p>TEMPERATUR<br \/>\nFutter aus Luftgewebe<\/p>\n<ul>\n<li>D-AIR\u00ae Schl\u00fcsselbein Bedeckte Bereiche Schultern<\/li>\n<\/ul>\n<p>Zusammensetzung des Rohmaterials: D-Skin 2.0 Leder, S1 , Aluminium<\/p>\n","protected":false},"excerpt":{"rendered":"<p>Der 1-teilige D-skin 2.0 Motorradanzug aus vollnarbigem Rindsleder der neuesten Generation. Leicht und leistungsstark, mit dem&#8230;<\/p>\n","protected":false},"featured_media":100960,"comment_status":"open","ping_status":"closed","template":"","meta":{"_acf_changed":false},"brand":[2113],"gender":[],"product_brand":[],"product_cat":[2220,1357],"product_tag":[],"class_list":{"0":"post-100938","1":"product","2":"type-product","3":"status-publish","4":"has-post-thumbnail","6":"brand-dainese-de","7":"product_cat-1-teilige-latzhose","8":"product_cat-ausrustung-fur-motorradfahrer","9":"pa_size-48-de","10":"pa_size-50-de","11":"pa_size-52-de","12":"pa_size-54-de","13":"pa_size-56-de","14":"pa_size-58-de","16":"first","17":"instock","18":"sale","19":"taxable","20":"shipping-taxable","21":"purchasable","22":"product-type-variable"},"acf":[],"_links":{"self":[{"href":"https:\/\/moto-oprema.com\/de\/wp-json\/wp\/v2\/product\/100938","targetHints":{"allow":["GET"]}}],"collection":[{"href":"https:\/\/moto-oprema.com\/de\/wp-json\/wp\/v2\/product"}],"about":[{"href":"https:\/\/moto-oprema.com\/de\/wp-json\/wp\/v2\/types\/product"}],"replies":[{"embeddable":true,"href":"https:\/\/moto-oprema.com\/de\/wp-json\/wp\/v2\/comments?post=100938"}],"wp:featuredmedia":[{"embeddable":true,"href":"https:\/\/moto-oprema.com\/de\/wp-json\/wp\/v2\/media\/100960"}],"wp:attachment":[{"href":"https:\/\/moto-oprema.com\/de\/wp-json\/wp\/v2\/media?parent=100938"}],"wp:term":[{"taxonomy":"brand","embeddable":true,"href":"https:\/\/moto-oprema.com\/de\/wp-json\/wp\/v2\/brand?post=100938"},{"taxonomy":"gender","embeddable":true,"href":"https:\/\/moto-oprema.com\/de\/wp-json\/wp\/v2\/gender?post=100938"},{"taxonomy":"product_brand","embeddable":true,"href":"https:\/\/moto-oprema.com\/de\/wp-json\/wp\/v2\/product_brand?post=100938"},{"taxonomy":"product_cat","embeddable":true,"href":"https:\/\/moto-oprema.com\/de\/wp-json\/wp\/v2\/product_cat?post=100938"},{"taxonomy":"product_tag","embeddable":true,"href":"https:\/\/moto-oprema.com\/de\/wp-json\/wp\/v2\/product_tag?post=100938"}],"curies":[{"name":"wp","href":"https:\/\/api.w.org\/{rel}","templated":true}]}}