{"id":100936,"date":"2024-04-25T09:11:39","date_gmt":"2024-04-25T09:11:39","guid":{"rendered":"https:\/\/moto-oprema.com\/Artikel\/spidi-str-6-handschuhe-schwarz\/"},"modified":"2024-04-25T09:11:39","modified_gmt":"2024-04-25T09:11:39","slug":"spidi-str-6-handschuhe-schwarz","status":"publish","type":"product","link":"https:\/\/moto-oprema.com\/de\/Artikel\/spidi-str-6-handschuhe-schwarz\/","title":{"rendered":"SPIDI STR-6 HANDSCHUHE SCHWARZ"},"content":{"rendered":"<p>Die Spidi STR-6 Handschuhe stellen die optimale Balance zwischen rennorientierter Leistung und Fahrkomfort dar. Carbonfaser-Gelenke mit doppelter Innenverst\u00e4rkung sorgen f\u00fcr ein hohes Ma\u00df an Sto\u00dfd\u00e4mpfung und Abriebfestigkeit, w\u00e4hrend mehrlagige Ledereins\u00e4tze auf der Handfl\u00e4che und dem Handr\u00fccken in den wichtigsten Schutzbereichen positioniert sind. Ein doppelter Klettverschluss bietet dem Fahrer eine breite Palette an Anpassungsm\u00f6glichkeiten.  <\/p>\n<p>Merkmale:<\/p>\n<ul>\n<li>Handauflage<\/li>\n<li>Polsterung auf dem Handr\u00fccken<\/li>\n<li>Polster an der Au\u00dfenseite des Arms<\/li>\n<li>Verstellbare Manschette und Handgelenkschnalle<\/li>\n<li>Carbon Eins\u00e4tze<\/li>\n<li>sehr strapazierf\u00e4hige Velours-Mikrofaser<\/li>\n<li>Ziegenleder 0,6\/0,8 mm dick, hohe Passform<\/li>\n<\/ul>\n<p>Technische Daten:<\/p>\n<p>Gewicht: ca. 0,2 kg<br \/>\nMotorrad-Schutzhandschuhe EN13594:2015 Level 1 Kn\u00f6chelpolster<br \/>\nMotorrad-Schutzkleidung gem\u00e4\u00df Verordnung (EU) 2016\/454 <\/p>\n<p>Zusammensetzung des Rohmaterials: 100% Leder<\/p>\n","protected":false},"excerpt":{"rendered":"<p>Die Spidi STR-6 Handschuhe stellen die optimale Balance zwischen rennorientierter Leistung und Fahrkomfort dar. Carbonfaser-Gelenke mit&#8230;<\/p>\n","protected":false},"featured_media":28469,"comment_status":"open","ping_status":"open","template":"","meta":{"_acf_changed":false},"brand":[2124],"gender":[2168],"product_brand":[],"product_cat":[1357,2086,2188],"product_tag":[],"class_list":{"0":"post-100936","1":"product","2":"type-product","3":"status-publish","4":"has-post-thumbnail","6":"brand-spidi-de","7":"gender-moski-de","8":"product_cat-ausrustung-fur-motorradfahrer","9":"product_cat-handschuhe","10":"product_cat-lederhandschuhe","11":"pa_size-2xl-de","12":"pa_size-3xl-de","13":"pa_size-l-de","14":"pa_size-m-de","15":"pa_size-s-de","16":"pa_size-xl-de","18":"first","19":"instock","20":"sale","21":"taxable","22":"shipping-taxable","23":"purchasable","24":"product-type-variable"},"acf":[],"_links":{"self":[{"href":"https:\/\/moto-oprema.com\/de\/wp-json\/wp\/v2\/product\/100936","targetHints":{"allow":["GET"]}}],"collection":[{"href":"https:\/\/moto-oprema.com\/de\/wp-json\/wp\/v2\/product"}],"about":[{"href":"https:\/\/moto-oprema.com\/de\/wp-json\/wp\/v2\/types\/product"}],"replies":[{"embeddable":true,"href":"https:\/\/moto-oprema.com\/de\/wp-json\/wp\/v2\/comments?post=100936"}],"wp:featuredmedia":[{"embeddable":true,"href":"https:\/\/moto-oprema.com\/de\/wp-json\/wp\/v2\/media\/28469"}],"wp:attachment":[{"href":"https:\/\/moto-oprema.com\/de\/wp-json\/wp\/v2\/media?parent=100936"}],"wp:term":[{"taxonomy":"brand","embeddable":true,"href":"https:\/\/moto-oprema.com\/de\/wp-json\/wp\/v2\/brand?post=100936"},{"taxonomy":"gender","embeddable":true,"href":"https:\/\/moto-oprema.com\/de\/wp-json\/wp\/v2\/gender?post=100936"},{"taxonomy":"product_brand","embeddable":true,"href":"https:\/\/moto-oprema.com\/de\/wp-json\/wp\/v2\/product_brand?post=100936"},{"taxonomy":"product_cat","embeddable":true,"href":"https:\/\/moto-oprema.com\/de\/wp-json\/wp\/v2\/product_cat?post=100936"},{"taxonomy":"product_tag","embeddable":true,"href":"https:\/\/moto-oprema.com\/de\/wp-json\/wp\/v2\/product_tag?post=100936"}],"curies":[{"name":"wp","href":"https:\/\/api.w.org\/{rel}","templated":true}]}}