{"id":100913,"date":"2024-05-08T10:38:57","date_gmt":"2024-05-08T10:38:57","guid":{"rendered":"https:\/\/moto-oprema.com\/Artikel\/alpinestars-schuhe-chrome-crafted-drystar-braun\/"},"modified":"2024-05-08T10:38:57","modified_gmt":"2024-05-08T10:38:57","slug":"alpinestars-schuhe-chrome-crafted-drystar-braun","status":"publish","type":"product","link":"https:\/\/moto-oprema.com\/de\/Artikel\/alpinestars-schuhe-chrome-crafted-drystar-braun\/","title":{"rendered":"ALPINESTARS SCHUHE CHROME CRAFTED DRYSTAR BRAUN"},"content":{"rendered":"<p>Ein vielseitiger Schuh f\u00fcr die Stra\u00dfe und die Freizeit. Die Drystar\u00ae-Membran sorgt f\u00fcr 100%ige Wasserdichtigkeit. CE-zertifizierte TPU-Polsterung f\u00fcr verbesserten Fu\u00dfkomfort, \u00f6lbest\u00e4ndige doppelte Gummilaufsohle f\u00fcr optimale Traktion auch auf rutschigem Untergrund, Obermaterial aus Nubukleder, EVA-Patch-Material zwischen Au\u00dfen- und Innenmaterial reduziert den Druck auf den Fu\u00df im Zehenbereich, CE EN 13634:2023  <\/p>\n<div id=\"z6maec\" class=\"tw-ta-container tw-nfl\">\n<p id=\"tw-target-rmn\" class=\"tw-data-placeholder tw-text-small tw-ta\" dir=\"ltr\" style=\"text-align: left\">\n<\/div>\n","protected":false},"excerpt":{"rendered":"<p>Ein vielseitiger Schuh f\u00fcr die Stra\u00dfe und die Freizeit. Die Drystar\u00ae-Membran sorgt f\u00fcr 100%ige Wasserdichtigkeit. CE-zertifizierte&#8230;<\/p>\n","protected":false},"featured_media":28699,"comment_status":"open","ping_status":"closed","template":"","meta":{"_acf_changed":false},"brand":[2111],"gender":[2168],"product_brand":[],"product_cat":[1357,2043,2044],"product_tag":[],"class_list":{"0":"post-100913","1":"product","2":"type-product","3":"status-publish","4":"has-post-thumbnail","6":"brand-alpinestars-de","7":"gender-moski-de","8":"product_cat-ausrustung-fur-motorradfahrer","9":"product_cat-schuhe","10":"product_cat-urbanes-schuhwerk","11":"pa_velikost-skornji-us-10-543-5-de","12":"pa_velikost-skornji-us-1043-de","13":"pa_velikost-skornji-us-11-545-de","14":"pa_velikost-skornji-us-1144-de","15":"pa_velikost-skornji-us-12-546-de","16":"pa_velikost-skornji-us-1245-5-de","17":"pa_velikost-skornji-us-13-547-5-de","18":"pa_velikost-skornji-us-1347-de","19":"pa_velikost-skornji-us-6-538-5-de","20":"pa_velikost-skornji-us-638-de","21":"pa_velikost-skornji-us-7-540-de","22":"pa_velikost-skornji-us-739-de","23":"pa_velikost-skornji-us-8-541-de","24":"pa_velikost-skornji-us-840-5-de","25":"pa_velikost-skornji-us-9-542-5-de","26":"pa_velikost-skornji-us-942-de","28":"first","29":"instock","30":"taxable","31":"shipping-taxable","32":"purchasable","33":"product-type-variable"},"acf":[],"_links":{"self":[{"href":"https:\/\/moto-oprema.com\/de\/wp-json\/wp\/v2\/product\/100913","targetHints":{"allow":["GET"]}}],"collection":[{"href":"https:\/\/moto-oprema.com\/de\/wp-json\/wp\/v2\/product"}],"about":[{"href":"https:\/\/moto-oprema.com\/de\/wp-json\/wp\/v2\/types\/product"}],"replies":[{"embeddable":true,"href":"https:\/\/moto-oprema.com\/de\/wp-json\/wp\/v2\/comments?post=100913"}],"wp:featuredmedia":[{"embeddable":true,"href":"https:\/\/moto-oprema.com\/de\/wp-json\/wp\/v2\/media\/28699"}],"wp:attachment":[{"href":"https:\/\/moto-oprema.com\/de\/wp-json\/wp\/v2\/media?parent=100913"}],"wp:term":[{"taxonomy":"brand","embeddable":true,"href":"https:\/\/moto-oprema.com\/de\/wp-json\/wp\/v2\/brand?post=100913"},{"taxonomy":"gender","embeddable":true,"href":"https:\/\/moto-oprema.com\/de\/wp-json\/wp\/v2\/gender?post=100913"},{"taxonomy":"product_brand","embeddable":true,"href":"https:\/\/moto-oprema.com\/de\/wp-json\/wp\/v2\/product_brand?post=100913"},{"taxonomy":"product_cat","embeddable":true,"href":"https:\/\/moto-oprema.com\/de\/wp-json\/wp\/v2\/product_cat?post=100913"},{"taxonomy":"product_tag","embeddable":true,"href":"https:\/\/moto-oprema.com\/de\/wp-json\/wp\/v2\/product_tag?post=100913"}],"curies":[{"name":"wp","href":"https:\/\/api.w.org\/{rel}","templated":true}]}}