{"id":100867,"date":"2024-08-02T09:34:41","date_gmt":"2024-08-02T09:34:41","guid":{"rendered":"https:\/\/moto-oprema.com\/Artikel\/alpinestars-mx-schutzweste-bionic-xtr-plasma\/"},"modified":"2024-08-02T09:34:41","modified_gmt":"2024-08-02T09:34:41","slug":"alpinestars-mx-schutzweste-bionic-xtr-plasma","status":"publish","type":"product","link":"https:\/\/moto-oprema.com\/de\/Artikel\/alpinestars-mx-schutzweste-bionic-xtr-plasma\/","title":{"rendered":"ALPINESTARS MX SCHUTZWESTE BIONIC XTR PLASMA"},"content":{"rendered":"<div class=\"rte\">\n<p>Die Bionic XTR Plasma Protection Jacket wurde f\u00fcr alle Arten von Off-Road-Fahrten entwickelt und verf\u00fcgt \u00fcber anatomisch geformte Nucleon Plasma Protektoren, die in weichen Stofftaschen auf einer hoch atmungsaktiven Polsterung untergebracht sind und f\u00fcr maximalen Schutz, Komfort, geringes Gewicht und Luftstrom sorgen.<br \/>\nDiese Jacke verf\u00fcgt \u00fcber eine Nucleon Plasma Verbundkonstruktion und eine halbstarre thermoplastische Konstruktion an Brust, R\u00fccken, Schultern und Ellbogen, um maximalen Aufprallschutz zu bieten und gleichzeitig sehr flexibel zu sein.<br \/>\nDer CE-zertifizierte Level 2 Floating-Brustprotektor verf\u00fcgt \u00fcber den Nucleon Plasma Protektor mit einer halbstarren thermoplastischen Au\u00dfenschale, die auf einer hochperforierten<br \/>\n3D-Mesh-Oberfl\u00e4che angebracht ist und eine optimale Kombination aus Schutz, geringem Gewicht, Flexibilit\u00e4t, Widerstandsf\u00e4higkeit und hervorragender Luftzirkulation und Atmungsaktivit\u00e4t bietet.<br \/>\nDie Plasmakomposit-Konstruktion besteht aus einem Nucleon-Plasmaschild mit einer halbstarren thermoplastischen Au\u00dfenh\u00fclle f\u00fcr eine optimale Kombination aus Schutz, geringem Gewicht, Flexibilit\u00e4t, Widerstandsf\u00e4higkeit und hervorragender Luftzirkulation und Atmungsaktivit\u00e4t.<br \/>\nDie verstellbaren Seitensch\u00fcrzen sind separat an der Brust befestigt, um maximale Flexibilit\u00e4t und eine hervorragende Passform zu gew\u00e4hrleisten. Maximale Flexibilit\u00e4t und hervorragende Passform.<br \/>\nDer CE Level 2 zertifizierte, schwimmende R\u00fcckenprotektor ist aus Verbundwerkstoff gefertigt und verf\u00fcgt \u00fcber einen zentralen, halbstarren thermoplastischen Bereich auf dem Nucleon Plasma R\u00fcckenprotektor f\u00fcr eine bessere Verteilung der Aufprallkraft im kritischen Bereich.<br \/>\nKompatibilit\u00e4t mit der Bionic Neck Support \u00fcber einen abnehmbaren  <\/p>\n<p>Die Eins\u00e4tze sind gerippt, was f\u00fcr eine bessere Luftzirkulation sorgt und gleichzeitig die Menge des Materials reduziert, das mit der Haut in Ber\u00fchrung kommt.<br \/>\nEllbogen- und Schulterpolster sind zum schnellen und einfachen Waschen herausnehmbar.<br \/>\nR\u00fcckenschutz: EN 1621-2:2014 LEVEL 2<br \/>\nBrustschutz: EN 1621-3:2018 LEVEL 2<br \/>\nEllbogen- und Schulterschutz: EN 1621-1:2012 LEVEL 1.<\/p>\n<\/div>\n","protected":false},"excerpt":{"rendered":"<p>Die Bionic XTR Plasma Protection Jacket wurde f\u00fcr alle Arten von Off-Road-Fahrten entwickelt und verf\u00fcgt \u00fcber&#8230;<\/p>\n","protected":false},"featured_media":29416,"comment_status":"open","ping_status":"open","template":"","meta":{"_acf_changed":false},"brand":[2111],"gender":[],"product_brand":[],"product_cat":[2028,2222,2079],"product_tag":[],"class_list":{"0":"post-100867","1":"product","2":"type-product","3":"status-publish","4":"has-post-thumbnail","6":"brand-alpinestars-de","7":"product_cat-motocross-ausrustung","8":"product_cat-mx-korperprotektoren","9":"product_cat-mx-schilder","10":"pa_size-l-de","11":"pa_size-m-de","12":"pa_size-s-de","13":"pa_size-xl-de","14":"pa_size-xxl-de","16":"first","17":"instock","18":"sale","19":"taxable","20":"shipping-taxable","21":"purchasable","22":"product-type-variable"},"acf":[],"_links":{"self":[{"href":"https:\/\/moto-oprema.com\/de\/wp-json\/wp\/v2\/product\/100867","targetHints":{"allow":["GET"]}}],"collection":[{"href":"https:\/\/moto-oprema.com\/de\/wp-json\/wp\/v2\/product"}],"about":[{"href":"https:\/\/moto-oprema.com\/de\/wp-json\/wp\/v2\/types\/product"}],"replies":[{"embeddable":true,"href":"https:\/\/moto-oprema.com\/de\/wp-json\/wp\/v2\/comments?post=100867"}],"wp:featuredmedia":[{"embeddable":true,"href":"https:\/\/moto-oprema.com\/de\/wp-json\/wp\/v2\/media\/29416"}],"wp:attachment":[{"href":"https:\/\/moto-oprema.com\/de\/wp-json\/wp\/v2\/media?parent=100867"}],"wp:term":[{"taxonomy":"brand","embeddable":true,"href":"https:\/\/moto-oprema.com\/de\/wp-json\/wp\/v2\/brand?post=100867"},{"taxonomy":"gender","embeddable":true,"href":"https:\/\/moto-oprema.com\/de\/wp-json\/wp\/v2\/gender?post=100867"},{"taxonomy":"product_brand","embeddable":true,"href":"https:\/\/moto-oprema.com\/de\/wp-json\/wp\/v2\/product_brand?post=100867"},{"taxonomy":"product_cat","embeddable":true,"href":"https:\/\/moto-oprema.com\/de\/wp-json\/wp\/v2\/product_cat?post=100867"},{"taxonomy":"product_tag","embeddable":true,"href":"https:\/\/moto-oprema.com\/de\/wp-json\/wp\/v2\/product_tag?post=100867"}],"curies":[{"name":"wp","href":"https:\/\/api.w.org\/{rel}","templated":true}]}}