{"id":100803,"date":"2024-02-29T09:24:33","date_gmt":"2024-02-29T09:24:33","guid":{"rendered":"https:\/\/moto-oprema.com\/Artikel\/spidi-carbo-track-evo-rot-weiss\/"},"modified":"2024-02-29T09:24:33","modified_gmt":"2024-02-29T09:24:33","slug":"spidi-carbo-track-evo-rot-weiss","status":"publish","type":"product","link":"https:\/\/moto-oprema.com\/de\/Artikel\/spidi-carbo-track-evo-rot-weiss\/","title":{"rendered":"SPIDI CARBO TRACK EVO ROT WEISS"},"content":{"rendered":"<p>Die Spidi Carbo Track EVO Handschuhe sind eine neue und verbesserte Version der beliebten Carbo Track Handschuhe. Die EVO Version beinhaltet die EN 13594:2015 KP Lev.1 Pr\u00fcfung und ist auch f\u00fcr den Wettkampf geeignet. Die Carbo Track EVO Handschuhe bestehen aus einer rennerprobten Kombination aus hochwertigem Rindsleder und hochfesten Ceramid-Verst\u00e4rkungen mit Superfabric\u00ae-Details an den Fingern, abriebfesten Wildleder-Mikrofasern und Kn\u00f6chelsch\u00fctzern aus Karbonfaser. Die Lederteile der Handschuhe sind perforiert, um die H\u00e4nde k\u00fchl und trocken zu halten, und eine dicke Manschette am Handgelenk h\u00e4lt die Handschuhe an Ort und Stelle, ohne sie einzuklemmen oder zu quetschen. Der Handr\u00fccken ist f\u00fcr zus\u00e4tzliche Sicherheit mit Ceramid verst\u00e4rkt und die durchg\u00e4ngige Warrior Tech-Panzerung sorgt f\u00fcr den bestm\u00f6glichen Schutz.   <\/p>\n<p>Merkmale:<\/p>\n<p>Kriegerschutz an den Au\u00dfenseiten des Arms<br \/>\nPolsterung der Handfl\u00e4che<br \/>\nErgonomisches Silikonmaterial, das St\u00f6\u00dfe sehr gut absorbiert<br \/>\nKeramische Verst\u00e4rkungen auf dem Handr\u00fccken<br \/>\nPolsterung auf dem Handr\u00fccken<br \/>\nPolsterung an der Au\u00dfenseite der Handfl\u00e4che<br \/>\nSchutz der Fingerkn\u00f6chel gegen mechanische Einwirkungen<br \/>\nDurchschnittliches Gewicht 0,4 kg<br \/>\nEinstellbares Handgelenkband und Handgelenkverschluss<br \/>\nDoppelter Manschettenverschluss<br \/>\nStretching in Form eines Akkordeons<br \/>\nRindsleder 0,8\/0,9 mm dick, hohe Passform<br \/>\nPerforiertes Leder<br \/>\nKeramische Eins\u00e4tze f\u00fcr hohen Verschlei\u00dfschutz<br \/>\nCarbon Eins\u00e4tze<br \/>\nHochgradig rei\u00df-, schnitt- und stichfestes Gewebe<br \/>\nHochwiderstandsf\u00e4hige Velours-Mikrofaser<br \/>\nschoeller Keprotec Wendeplatten f\u00fcr hohen Verschlei\u00dfschutz<br \/>\nStretchmaterial\/dehnbar<br \/>\nSpezifikationen:<\/p>\n<p>Strapazierf\u00e4hige Ceramid-Verst\u00e4rkungen auf der Handfl\u00e4che<br \/>\nMotorradschutzhandschuhe PSA gepr\u00fcft nach EN13594:2015, mit Kn\u00f6chelpolstern der Stufe 1<br \/>\nMotorradschutzkleidung nach Verordnung (EU) 2016\/454<\/p>\n","protected":false},"excerpt":{"rendered":"<p>Die Spidi Carbo Track EVO Handschuhe sind eine neue und verbesserte Version der beliebten Carbo Track&#8230;<\/p>\n","protected":false},"featured_media":26672,"comment_status":"open","ping_status":"open","template":"","meta":{"_acf_changed":false},"brand":[2124],"gender":[2168],"product_brand":[],"product_cat":[1357,2086,2188],"product_tag":[],"class_list":{"0":"post-100803","1":"product","2":"type-product","3":"status-publish","4":"has-post-thumbnail","6":"brand-spidi-de","7":"gender-moski-de","8":"product_cat-ausrustung-fur-motorradfahrer","9":"product_cat-handschuhe","10":"product_cat-lederhandschuhe","11":"pa_size-l-de","12":"pa_size-m-de","13":"pa_size-s-de","14":"pa_size-xl-de","15":"pa_size-xxl-de","16":"pa_size-xxxl-de","18":"first","19":"instock","20":"sale","21":"taxable","22":"shipping-taxable","23":"purchasable","24":"product-type-variable"},"acf":[],"_links":{"self":[{"href":"https:\/\/moto-oprema.com\/de\/wp-json\/wp\/v2\/product\/100803","targetHints":{"allow":["GET"]}}],"collection":[{"href":"https:\/\/moto-oprema.com\/de\/wp-json\/wp\/v2\/product"}],"about":[{"href":"https:\/\/moto-oprema.com\/de\/wp-json\/wp\/v2\/types\/product"}],"replies":[{"embeddable":true,"href":"https:\/\/moto-oprema.com\/de\/wp-json\/wp\/v2\/comments?post=100803"}],"wp:featuredmedia":[{"embeddable":true,"href":"https:\/\/moto-oprema.com\/de\/wp-json\/wp\/v2\/media\/26672"}],"wp:attachment":[{"href":"https:\/\/moto-oprema.com\/de\/wp-json\/wp\/v2\/media?parent=100803"}],"wp:term":[{"taxonomy":"brand","embeddable":true,"href":"https:\/\/moto-oprema.com\/de\/wp-json\/wp\/v2\/brand?post=100803"},{"taxonomy":"gender","embeddable":true,"href":"https:\/\/moto-oprema.com\/de\/wp-json\/wp\/v2\/gender?post=100803"},{"taxonomy":"product_brand","embeddable":true,"href":"https:\/\/moto-oprema.com\/de\/wp-json\/wp\/v2\/product_brand?post=100803"},{"taxonomy":"product_cat","embeddable":true,"href":"https:\/\/moto-oprema.com\/de\/wp-json\/wp\/v2\/product_cat?post=100803"},{"taxonomy":"product_tag","embeddable":true,"href":"https:\/\/moto-oprema.com\/de\/wp-json\/wp\/v2\/product_tag?post=100803"}],"curies":[{"name":"wp","href":"https:\/\/api.w.org\/{rel}","templated":true}]}}