{"id":100789,"date":"2024-01-19T10:01:37","date_gmt":"2024-01-19T10:01:37","guid":{"rendered":"https:\/\/moto-oprema.com\/Artikel\/alpinestars-mx-trikot-fluessigkeit-leuchtend-schwarz-blau-orange\/"},"modified":"2024-01-19T10:01:37","modified_gmt":"2024-01-19T10:01:37","slug":"alpinestars-mx-trikot-fluessigkeit-leuchtend-schwarz-blau-orange","status":"publish","type":"product","link":"https:\/\/moto-oprema.com\/de\/Artikel\/alpinestars-mx-trikot-fluessigkeit-leuchtend-schwarz-blau-orange\/","title":{"rendered":"ALPINESTARS MX TRIKOT FL\u00dcSSIGKEIT LEUCHTEND SCHWARZ BLAU ORANGE"},"content":{"rendered":"<p>Das Trikot hat ein neues Design, das den Schrei und die Wirkung des Fahrers weiter verbessert. Es ist aus leichtem Stoff gefertigt, der Feuchtigkeit vom K\u00f6rper des Fahrers ableitet. Es ist am R\u00fccken verl\u00e4ngert.  <\/p>\n<p>Merkmale:<\/p>\n<ul>\n<li>Hergestellt aus 180g Poly-Gewebe, leicht und feuchtigkeitsableitend<\/li>\n<li>Hinten verl\u00e4ngert<\/li>\n<li>Stretchkragen f\u00fcr mehr Udbo<\/li>\n<\/ul>\n<p>100% Polyester<\/p>\n","protected":false},"excerpt":{"rendered":"<p>Das Trikot hat ein neues Design, das den Schrei und die Wirkung des Fahrers weiter verbessert&#8230;.<\/p>\n","protected":false},"featured_media":26056,"comment_status":"open","ping_status":"closed","template":"","meta":{"_acf_changed":false},"brand":[2111],"gender":[2168],"product_brand":[],"product_cat":[2028,2029],"product_tag":[],"class_list":{"0":"post-100789","1":"product","2":"type-product","3":"status-publish","4":"has-post-thumbnail","6":"brand-alpinestars-de","7":"gender-moski-de","8":"product_cat-motocross-ausrustung","9":"product_cat-mx-dresi-de","10":"pa_velikost-st-l-de","11":"pa_velikost-st-m-de","12":"pa_velikost-st-s-de","13":"pa_velikost-st-xl-de","14":"pa_velikost-st-xxl-de","16":"first","17":"onbackorder","18":"sale","19":"taxable","20":"shipping-taxable","21":"purchasable","22":"product-type-variable"},"acf":[],"_links":{"self":[{"href":"https:\/\/moto-oprema.com\/de\/wp-json\/wp\/v2\/product\/100789","targetHints":{"allow":["GET"]}}],"collection":[{"href":"https:\/\/moto-oprema.com\/de\/wp-json\/wp\/v2\/product"}],"about":[{"href":"https:\/\/moto-oprema.com\/de\/wp-json\/wp\/v2\/types\/product"}],"replies":[{"embeddable":true,"href":"https:\/\/moto-oprema.com\/de\/wp-json\/wp\/v2\/comments?post=100789"}],"wp:featuredmedia":[{"embeddable":true,"href":"https:\/\/moto-oprema.com\/de\/wp-json\/wp\/v2\/media\/26056"}],"wp:attachment":[{"href":"https:\/\/moto-oprema.com\/de\/wp-json\/wp\/v2\/media?parent=100789"}],"wp:term":[{"taxonomy":"brand","embeddable":true,"href":"https:\/\/moto-oprema.com\/de\/wp-json\/wp\/v2\/brand?post=100789"},{"taxonomy":"gender","embeddable":true,"href":"https:\/\/moto-oprema.com\/de\/wp-json\/wp\/v2\/gender?post=100789"},{"taxonomy":"product_brand","embeddable":true,"href":"https:\/\/moto-oprema.com\/de\/wp-json\/wp\/v2\/product_brand?post=100789"},{"taxonomy":"product_cat","embeddable":true,"href":"https:\/\/moto-oprema.com\/de\/wp-json\/wp\/v2\/product_cat?post=100789"},{"taxonomy":"product_tag","embeddable":true,"href":"https:\/\/moto-oprema.com\/de\/wp-json\/wp\/v2\/product_tag?post=100789"}],"curies":[{"name":"wp","href":"https:\/\/api.w.org\/{rel}","templated":true}]}}