{"id":100745,"date":"2024-03-27T10:04:35","date_gmt":"2024-03-27T10:04:35","guid":{"rendered":"https:\/\/moto-oprema.com\/Artikel\/alpinestars-back-shield-nucleon-flex-proi\/"},"modified":"2024-03-27T10:04:35","modified_gmt":"2024-03-27T10:04:35","slug":"alpinestars-back-shield-nucleon-flex-proi","status":"publish","type":"product","link":"https:\/\/moto-oprema.com\/de\/Artikel\/alpinestars-back-shield-nucleon-flex-proi\/","title":{"rendered":"ALPINESTARS BACK SHIELD NUCLEON FLEX PROi"},"content":{"rendered":"<p>Alpinestars Nucleon Flex Pro R\u00fcckenschutz<\/p>\n<p>Das ultraleichte Nucleon Flex Pro Level 2 R\u00fcckenpolster besteht aus einer hoch atmungsaktiven Mischung aus Nucleon Cell und Nucleon Flex, die eine optimale Balance zwischen Kraft\u00fcbertragung und Flexibilit\u00e4t schafft. Es hat au\u00dferdem ein weiches 3D-Mesh-Futter f\u00fcr erh\u00f6hten Fahrerkomfort. <\/p>\n<p>Eigenschaften:<br \/>\nDer R\u00fcckenprotektoreinsatz wurde in drei Taillen- und Schultergr\u00f6\u00dfen entwickelt, um alle K\u00f6rpergr\u00f6\u00dfen abzudecken.<br \/>\nDie hochleistungsf\u00e4hige Cell-Polymer-Struktur und die Nucleon Flex-Struktur sorgen f\u00fcr optimale Flexibilit\u00e4t und ausgezeichnete gewichtsreduzierende Eigenschaften<br \/>\nDas Design des R\u00fcckenprotektors variiert von der Mitte nach au\u00dfen und sorgt f\u00fcr ein perfektes Gleichgewicht zwischen Energieabsorption und Flexibilit\u00e4t<br \/>\nSoft, komfortables 3D-Mesh auf der K\u00f6rperseite des Protektors sorgt f\u00fcr Atmungsaktivit\u00e4t und Fahrerkomfort<br \/>\nKnopfkompatibilit\u00e4t f\u00fcr schnelle und einfache Verwendung mit Alpinestars Anz\u00fcgen und Jacken<br \/>\nStreng getestet f\u00fcr bew\u00e4hrte Leistung bei extremen Temperaturen<br \/>\nEN 1621-2:2014, LEVEL 2<br \/>\nGewicht: S-0.6 kg, M-0.7 kg, L-0.75 kg<\/p>\n<p>&nbsp;<\/p>\n","protected":false},"excerpt":{"rendered":"<p>Alpinestars Nucleon Flex Pro R\u00fcckenschutz Das ultraleichte Nucleon Flex Pro Level 2 R\u00fcckenpolster besteht aus einer&#8230;<\/p>\n","protected":false},"featured_media":27688,"comment_status":"open","ping_status":"closed","template":"","meta":{"_acf_changed":false},"brand":[2111],"gender":[],"product_brand":[],"product_cat":[1357,2210,2209],"product_tag":[],"class_list":{"0":"post-100745","1":"product","2":"type-product","3":"status-publish","4":"has-post-thumbnail","6":"brand-alpinestars-de","7":"product_cat-ausrustung-fur-motorradfahrer","8":"product_cat-schilde","9":"product_cat-schutzschilde-und-airbags","10":"pa_size-l-de","11":"pa_size-m-de","12":"pa_size-s-de","14":"first","15":"onbackorder","16":"taxable","17":"shipping-taxable","18":"purchasable","19":"product-type-variable"},"acf":[],"_links":{"self":[{"href":"https:\/\/moto-oprema.com\/de\/wp-json\/wp\/v2\/product\/100745","targetHints":{"allow":["GET"]}}],"collection":[{"href":"https:\/\/moto-oprema.com\/de\/wp-json\/wp\/v2\/product"}],"about":[{"href":"https:\/\/moto-oprema.com\/de\/wp-json\/wp\/v2\/types\/product"}],"replies":[{"embeddable":true,"href":"https:\/\/moto-oprema.com\/de\/wp-json\/wp\/v2\/comments?post=100745"}],"wp:featuredmedia":[{"embeddable":true,"href":"https:\/\/moto-oprema.com\/de\/wp-json\/wp\/v2\/media\/27688"}],"wp:attachment":[{"href":"https:\/\/moto-oprema.com\/de\/wp-json\/wp\/v2\/media?parent=100745"}],"wp:term":[{"taxonomy":"brand","embeddable":true,"href":"https:\/\/moto-oprema.com\/de\/wp-json\/wp\/v2\/brand?post=100745"},{"taxonomy":"gender","embeddable":true,"href":"https:\/\/moto-oprema.com\/de\/wp-json\/wp\/v2\/gender?post=100745"},{"taxonomy":"product_brand","embeddable":true,"href":"https:\/\/moto-oprema.com\/de\/wp-json\/wp\/v2\/product_brand?post=100745"},{"taxonomy":"product_cat","embeddable":true,"href":"https:\/\/moto-oprema.com\/de\/wp-json\/wp\/v2\/product_cat?post=100745"},{"taxonomy":"product_tag","embeddable":true,"href":"https:\/\/moto-oprema.com\/de\/wp-json\/wp\/v2\/product_tag?post=100745"}],"curies":[{"name":"wp","href":"https:\/\/api.w.org\/{rel}","templated":true}]}}