{"id":100706,"date":"2024-09-25T08:06:59","date_gmt":"2024-09-25T08:06:59","guid":{"rendered":"https:\/\/moto-oprema.com\/Artikel\/alpinestars-stella-st-7-2l-gore-tex-jacke-schwarz-grau-blau\/"},"modified":"2024-09-25T08:06:59","modified_gmt":"2024-09-25T08:06:59","slug":"alpinestars-stella-st-7-2l-gore-tex-jacke-schwarz-grau-blau","status":"publish","type":"product","link":"https:\/\/moto-oprema.com\/de\/Artikel\/alpinestars-stella-st-7-2l-gore-tex-jacke-schwarz-grau-blau\/","title":{"rendered":"ALPINESTARS STELLA ST-7 2L GORE TEX JACKE SCHWARZ GRAU BLAU"},"content":{"rendered":"<div id=\"tw-target-text-container\" class=\"tw-ta-container tw-nfl\">\n<p>Die leichte Alpinestars ST-7 2L GORE-TEX\u00a9 Ganzjahresjacke ist jetzt auch in einer Damenversion erh\u00e4ltlich. Die Stella ST-7 2L GORE-TEX Jacke wurde f\u00fcr Fahrerinnen entwickelt, die alle erstklassigen Vorteile der laminierten GORE-TEX Konstruktion von Alpinestars und der ergonomischen Bewegungsfreiheit nutzen m\u00f6chten. Sie ist eine leichte Jacke, die f\u00fcr den weniger intensiven Einsatz bei anspruchsvollen Off-Road-Abenteuern konzipiert wurde. Die Stella ST-7 Jacke verf\u00fcgt \u00fcber ein Schnittmuster mit einer speziell zugeschnittenen Passform, die f\u00fcr eine nat\u00fcrliche Beweglichkeit auf dem Fahrrad sorgt. Die Stella ST-7 Jacke hat ein vollst\u00e4ndig wasserdichtes und atmungsaktives Gore-Tex laminiertes Au\u00dfenmaterial, das strapazierf\u00e4hig, leicht und flexibel ist.   <\/p>\n<p>Die Jacke bietet eine bequeme Passform mit einem vorgeformten Schnitt und gro\u00dfen Stretcheins\u00e4tzen an Brust, R\u00fccken und Unterarmen f\u00fcr hervorragende Bewegungsfreiheit. Die Au\u00dfenseite hat ergonomische und wasserdichte Taschen, die auch in der Fahrposition f\u00fcr Komfort sorgen. Dar\u00fcber hinaus verf\u00fcgt die Jacke \u00fcber einen geraden Kragen mit direktem Verschluss und Verstellm\u00f6glichkeit, um den Halsbereich bei Regen oder k\u00e4lterem Wetter abzudichten, sowie \u00fcber direkte Bel\u00fcftungseins\u00e4tze auf der Brust und Rei\u00dfverschluss\u00f6ffnungen an den Armen f\u00fcr eine bessere<br \/>\nBel\u00fcftung. Innen ist die Tech-Air\u00ae Ready, Stella ST-7 2L GORE-TEX Jacke mit CE Level 2 eingestuften Nucleon Flex Pro Schulterpolstern und einem herausnehmbaren Thermofutter ausgestattet, das aus 100 g Isolierung am Oberk\u00f6rper und 60 g Isolierung an den Armen besteht &#8211; perfekt, um das ganze Jahr \u00fcber die richtige Menge an Klimakontrolle f\u00fcr den Fahrer je nach Fahrbedingungen einzustellen.    <\/p>\n<p>Vorbereitet f\u00fcr Tech-Air\u00ae.<br \/>\n2L laminiertes GORE-TEX Au\u00dfenmaterial.<br \/>\nDirect Vent Panels und herausnehmbares Thermofutter.<\/p>\n<p>Vollst\u00e4ndig CE-zertifizierte Motorradbekleidung<br \/>\n&#8211; Kategorie II EN 17092-3:2020 &#8211; Klasse AA<br \/>\nCE Level 2 Kategorie II EN 1621-1:2012 Nucleon Flex Pro &#8211; Schulter- und Ellbogenpanzer.<br \/>\n\u00a9 2021 W. L Gore &amp; Associates, Inc. GORE-TEX, GORE-TEX GUARANTEED TO KEEP YOU DRY\u00ae, GORE und<br \/>\nsind Marken von W.L Gore &amp; Associates. <\/p>\n<p>Zusammensetzung des Rohmaterials<\/p>\n<p>100% Polyester<\/p>\n<\/div>\n<div id=\"z6maec\" class=\"tw-ta-container tw-nfl\"><\/div>\n","protected":false},"excerpt":{"rendered":"<p>Farbe: Schwarz &#8211; Grau &#8211; Dunkelblau<\/p>\n","protected":false},"featured_media":100705,"comment_status":"open","ping_status":"closed","template":"","meta":{"_acf_changed":false},"brand":[2111],"gender":[2170],"product_brand":[],"product_cat":[1357,2045,2048],"product_tag":[],"class_list":{"0":"post-100706","1":"product","2":"type-product","3":"status-publish","4":"has-post-thumbnail","6":"brand-alpinestars-de","7":"gender-zenska-de","8":"product_cat-ausrustung-fur-motorradfahrer","9":"product_cat-jakne-de","10":"product_cat-textil-jacken","11":"pa_size-l-de","12":"pa_size-m-de","13":"pa_size-s-de","14":"pa_size-xl-de","15":"pa_size-xxl-de","17":"first","18":"instock","19":"sale","20":"taxable","21":"shipping-taxable","22":"purchasable","23":"product-type-variable"},"acf":[],"_links":{"self":[{"href":"https:\/\/moto-oprema.com\/de\/wp-json\/wp\/v2\/product\/100706","targetHints":{"allow":["GET"]}}],"collection":[{"href":"https:\/\/moto-oprema.com\/de\/wp-json\/wp\/v2\/product"}],"about":[{"href":"https:\/\/moto-oprema.com\/de\/wp-json\/wp\/v2\/types\/product"}],"replies":[{"embeddable":true,"href":"https:\/\/moto-oprema.com\/de\/wp-json\/wp\/v2\/comments?post=100706"}],"wp:featuredmedia":[{"embeddable":true,"href":"https:\/\/moto-oprema.com\/de\/wp-json\/wp\/v2\/media\/100705"}],"wp:attachment":[{"href":"https:\/\/moto-oprema.com\/de\/wp-json\/wp\/v2\/media?parent=100706"}],"wp:term":[{"taxonomy":"brand","embeddable":true,"href":"https:\/\/moto-oprema.com\/de\/wp-json\/wp\/v2\/brand?post=100706"},{"taxonomy":"gender","embeddable":true,"href":"https:\/\/moto-oprema.com\/de\/wp-json\/wp\/v2\/gender?post=100706"},{"taxonomy":"product_brand","embeddable":true,"href":"https:\/\/moto-oprema.com\/de\/wp-json\/wp\/v2\/product_brand?post=100706"},{"taxonomy":"product_cat","embeddable":true,"href":"https:\/\/moto-oprema.com\/de\/wp-json\/wp\/v2\/product_cat?post=100706"},{"taxonomy":"product_tag","embeddable":true,"href":"https:\/\/moto-oprema.com\/de\/wp-json\/wp\/v2\/product_tag?post=100706"}],"curies":[{"name":"wp","href":"https:\/\/api.w.org\/{rel}","templated":true}]}}