{"id":100662,"date":"2024-09-25T08:53:18","date_gmt":"2024-09-25T08:53:18","guid":{"rendered":"https:\/\/moto-oprema.com\/Artikel\/alpinestars-sp-x-boa-draystar-stiefel-schwarz\/"},"modified":"2024-09-25T08:53:18","modified_gmt":"2024-09-25T08:53:18","slug":"alpinestars-sp-x-boa-draystar-stiefel-schwarz","status":"publish","type":"product","link":"https:\/\/moto-oprema.com\/de\/Artikel\/alpinestars-sp-x-boa-draystar-stiefel-schwarz\/","title":{"rendered":"ALPINESTARS SP-X BOA DRAYSTAR STIEFEL SCHWARZ"},"content":{"rendered":"<p>Die wasserdichten SP-X BOA Stiefel sind stilvolle Sportstiefel, die unter technische Motorradhosen passen und hervorragende Laufeigenschaften haben.<br \/>\nDer SP-X BOA ist ein kompakter, halbhoher Stiefel mit \u00fcberragendem Schutz und Komfort auf und abseits des Rades, der f\u00fcr Sport- und Tourenfahrer optimiert wurde. Das Obermaterial besteht aus einer Kombination aus fortschrittlichen Mikrofasern, ultraweichem Rideknit\u00ae und gestricktem Mesh sowie nahtlosen, thermoverschwei\u00dften Teilen. An der Unterseite befinden sich eine TPU-Ferse, ein Zehenschieber und der Alpinestars TPF Transversal Protection Frame an der Au\u00dfensohle, der ein hohes Ma\u00df an Schutz gegen St\u00f6\u00dfe und jegliches Verbiegen oder Verdrehen bietet. Au\u00dferdem hat die Au\u00dfensohle ein v\u00f6llig neues Design mit einem asymmetrischen hinteren Absatz, der den nat\u00fcrlichen Schritt des Fahrers erleichtert und die Stabilit\u00e4t abseits des Motorrads f\u00f6rdert.<br \/>\nZum Schutz haben die SP-X BOA Stiefel einen eingebauten Schienbeinschutz, Kn\u00f6chelscheiben mit doppelter Dichte und TPU-Verschiebepads sowie eine Zehenschieberverst\u00e4rkung. Die PU-Zwischensohle mit integriertem doppeltem Fersenkissen und die herausnehmbare OrthoLite\u00ae-Einlegesohle sorgen f\u00fcr einen hohen Laufkomfort. Das An- und Ausziehen der Schuhe wird durch einen zentralen Rei\u00dfverschluss in Kombination mit dem BOA-Schnellschn\u00fcrsystem f\u00fcr einen kompakten und pr\u00e4zisen Verschluss erleichtert. Die SP-X BOA Stiefel sind perfekt f\u00fcr sportliche Fahrer, die Schutz und Deckung w\u00fcnschen, aber nicht den vollen Rennstiefel und den &#8222;\u00dcber-die-Hose-Look&#8220; wollen.<br \/>\nHochentwickelte Mikrofasern und extra weiche Rideknit\u00ae Wade.<br \/>\nTPU-Ferse, Schaltkissen, Zehenschieber und Rotorschutz.<br \/>\nSpezielles BOA-Seitenschnellverschluss-System f\u00fcr optimalen Verschluss und eine individuelle Passform.<br \/>\nZikra Frontbalg mit gleichzeitiger Injektion von weichem TPU f\u00fcr mehr Komfort und Haltbarkeit.<br \/>\nDoppelte Fersenpolsterung.<br \/>\nPU-Zwischensohle im Fersenbereich.<br \/>\nTPU-Schutzteile.<br \/>\nHerausnehmbares anatomisches EVA-Fu\u00dfbett mit Lycra-Futter.<br \/>\nAlpinestars exklusive neue Gummisohle.<br \/>\nEntwickeltes Profil f\u00fcr mehr Komfort.<br \/>\nWelle beim Gehen und asymmetrische Fersenform f\u00fcr Stabilit\u00e4t beim Gehen.<br \/>\nFersendesign mit Fu\u00dfst\u00fctze und besonderer Traktion.<br \/>\nDoppelt verdichteter interner Aufprallschutz f\u00fcr den Kn\u00f6chel.<br \/>\nEingebauter Schienbeinschutz.<br \/>\nGem\u00e4\u00df der europ\u00e4ischen Gesetzgebung ist die CE-Kennzeichnung eine Konformit\u00e4tsbedingung f\u00fcr die Vermarktung dieses Produkts. CE EN13634:2017. <\/p>\n<p>&nbsp;<\/p>\n","protected":false},"excerpt":{"rendered":"<p>Die wasserdichten SP-X BOA Stiefel sind stilvolle Sportstiefel, die unter technische Motorradhosen passen und hervorragende Laufeigenschaften&#8230;<\/p>\n","protected":false},"featured_media":30928,"comment_status":"open","ping_status":"open","template":"","meta":{"_acf_changed":false},"brand":[2111],"gender":[],"product_brand":[],"product_cat":[1357],"product_tag":[],"class_list":{"0":"post-100662","1":"product","2":"type-product","3":"status-publish","4":"has-post-thumbnail","6":"brand-alpinestars-de","7":"product_cat-ausrustung-fur-motorradfahrer","8":"pa_size-38-de","9":"pa_size-39-de","10":"pa_size-40-de","11":"pa_size-41-de","12":"pa_size-42-de","13":"pa_size-43-de","14":"pa_size-44-de","15":"pa_size-45-de","16":"pa_size-46-de","17":"pa_size-47-de","18":"pa_size-48-de","20":"first","21":"instock","22":"sale","23":"taxable","24":"shipping-taxable","25":"purchasable","26":"product-type-variable"},"acf":[],"_links":{"self":[{"href":"https:\/\/moto-oprema.com\/de\/wp-json\/wp\/v2\/product\/100662","targetHints":{"allow":["GET"]}}],"collection":[{"href":"https:\/\/moto-oprema.com\/de\/wp-json\/wp\/v2\/product"}],"about":[{"href":"https:\/\/moto-oprema.com\/de\/wp-json\/wp\/v2\/types\/product"}],"replies":[{"embeddable":true,"href":"https:\/\/moto-oprema.com\/de\/wp-json\/wp\/v2\/comments?post=100662"}],"wp:featuredmedia":[{"embeddable":true,"href":"https:\/\/moto-oprema.com\/de\/wp-json\/wp\/v2\/media\/30928"}],"wp:attachment":[{"href":"https:\/\/moto-oprema.com\/de\/wp-json\/wp\/v2\/media?parent=100662"}],"wp:term":[{"taxonomy":"brand","embeddable":true,"href":"https:\/\/moto-oprema.com\/de\/wp-json\/wp\/v2\/brand?post=100662"},{"taxonomy":"gender","embeddable":true,"href":"https:\/\/moto-oprema.com\/de\/wp-json\/wp\/v2\/gender?post=100662"},{"taxonomy":"product_brand","embeddable":true,"href":"https:\/\/moto-oprema.com\/de\/wp-json\/wp\/v2\/product_brand?post=100662"},{"taxonomy":"product_cat","embeddable":true,"href":"https:\/\/moto-oprema.com\/de\/wp-json\/wp\/v2\/product_cat?post=100662"},{"taxonomy":"product_tag","embeddable":true,"href":"https:\/\/moto-oprema.com\/de\/wp-json\/wp\/v2\/product_tag?post=100662"}],"curies":[{"name":"wp","href":"https:\/\/api.w.org\/{rel}","templated":true}]}}